{"id":9959,"date":"2023-10-27T18:13:00","date_gmt":"2023-10-27T15:13:00","guid":{"rendered":"https:\/\/rupa.lt\/?post_type=product&#038;p=9959"},"modified":"2024-02-21T16:16:03","modified_gmt":"2024-02-21T14:16:03","slug":"dovanu-kuponas","status":"publish","type":"product","link":"https:\/\/rupa.lt\/en\/product\/dovanu-kuponas\/","title":{"rendered":"DOVAN\u0172 KUPONAS"},"content":{"rendered":"<p>\u0160\u012f dovan\u0173 kupon\u0105 galima panaudoti paslaugoms ir produktams \u012fsigyti. Pra\u0161ome pasirinkti sum\u0105, kuri\u0105 norite dovanoti. Pirkimo metu laukelyje PASTABOS \u012fra\u0161ykite vardus nuo ko ir kam skirta dovana. Taip pat para\u0161ykite ar pageidaujate tik PDF kupono ar ir fizinio kupono (fizin\u012f kupon\u0105 galima bus atsiimti studijoje arba i\u0161si\u0173sime j\u012f jums nurodytu siuntimo b\u016bdu). Jei perkate PDF pristatymo laukelyje vistiek pasirinkite: <label for=\"shipping_method_0_local_pickup4\">Atvykti paslaugai\/ atsiimti prekes adresu \u017demaitijos g. 1-41. Jeigu nor\u0117site, kad atsi\u0173stum\u0117me fizin\u012f kupon\u0105, pasirinkite siuntimo b\u016bd\u0105.\u00a0<\/label><\/p>","protected":false},"excerpt":{"rendered":"<p>Dovan\u0173 kuponas bus jums atsi\u0173stas \u012f nurodyt\u0105 elektronin\u012f pa\u0161t\u0105 PDF formatu (pakanka vien jo), bet jei nor\u0117tum\u0117t ir fizinio tuomet j\u012f bus galima atsiimti studijoje arba i\u0161si\u0173sime.<\/p>\n<p>Kaip panaudoti dovan\u0173 kupon\u0105: <a href=\"https:\/\/rupa.lt\/en\/dovanukuponas\/\">https:\/\/rupa.lt\/dovanukuponas<\/a><\/p>","protected":false},"featured_media":9963,"comment_status":"open","ping_status":"closed","template":"","meta":[],"product_brand":[],"product_cat":[107,273],"product_tag":[],"class_list":{"0":"post-9959","1":"product","2":"type-product","3":"status-publish","4":"has-post-thumbnail","6":"product_cat-nieko","7":"product_cat-dovanuidejos","9":"first","10":"instock","11":"shipping-taxable","12":"purchasable","13":"product-type-variable"},"_links":{"self":[{"href":"https:\/\/rupa.lt\/en\/wp-json\/wp\/v2\/product\/9959","targetHints":{"allow":["GET"]}}],"collection":[{"href":"https:\/\/rupa.lt\/en\/wp-json\/wp\/v2\/product"}],"about":[{"href":"https:\/\/rupa.lt\/en\/wp-json\/wp\/v2\/types\/product"}],"replies":[{"embeddable":true,"href":"https:\/\/rupa.lt\/en\/wp-json\/wp\/v2\/comments?post=9959"}],"wp:featuredmedia":[{"embeddable":true,"href":"https:\/\/rupa.lt\/en\/wp-json\/wp\/v2\/media\/9963"}],"wp:attachment":[{"href":"https:\/\/rupa.lt\/en\/wp-json\/wp\/v2\/media?parent=9959"}],"wp:term":[{"taxonomy":"product_brand","embeddable":true,"href":"https:\/\/rupa.lt\/en\/wp-json\/wp\/v2\/product_brand?post=9959"},{"taxonomy":"product_cat","embeddable":true,"href":"https:\/\/rupa.lt\/en\/wp-json\/wp\/v2\/product_cat?post=9959"},{"taxonomy":"product_tag","embeddable":true,"href":"https:\/\/rupa.lt\/en\/wp-json\/wp\/v2\/product_tag?post=9959"}],"curies":[{"name":"wp","href":"https:\/\/api.w.org\/{rel}","templated":true}]}}