{"id":9745,"date":"2023-06-02T11:50:31","date_gmt":"2023-06-02T08:50:31","guid":{"rendered":"https:\/\/rupa.lt\/?post_type=product&#038;p=9745"},"modified":"2025-12-05T19:53:08","modified_gmt":"2025-12-05T17:53:08","slug":"oway-after-sun-body-balm-kuno-kremas-po-saules-voniu","status":"publish","type":"product","link":"https:\/\/rupa.lt\/en\/product\/oway-after-sun-body-balm-kuno-kremas-po-saules-voniu\/","title":{"rendered":"OWAY after-sun body balm &#8211; k\u016bno kremas po saul\u0117s voni\u0173"},"content":{"rendered":"<p><strong>NAUDOJIMAS<\/strong>: \u012etrinkite masa\u017euojamaisiais judesiais \u012f od\u0105 kaskart pabuv\u0119 saul\u0117je.<\/p>","protected":false},"excerpt":{"rendered":"<p>Pamaitina ir atstato od\u0105 po saul\u0117s voni\u0173. Apsaugo nuo \u017ealos odos l\u0105steli\u0173 DNR. Neleid\u017eia formuotis laisviesiems radikalams. Suteikia palengv\u0117jim\u0105, pamaitina od\u0105 ir maloniai atgaivina.<\/p>\n<p>*ATLIKTAS NIKELIO TYRIMAS | PATIKRINTA DERMATOLOG\u0172<\/p>","protected":false},"featured_media":9746,"comment_status":"open","ping_status":"closed","template":"","meta":[],"product_brand":[],"product_cat":[329],"product_tag":[330],"class_list":{"0":"post-9745","1":"product","2":"type-product","3":"status-publish","4":"has-post-thumbnail","6":"product_cat-oway-prieziura-pries-ir-po-saules","7":"product_tag-plauku-prieziuros-produktai-vasarai","9":"first","10":"onbackorder","11":"shipping-taxable","12":"purchasable","13":"product-type-variable"},"_links":{"self":[{"href":"https:\/\/rupa.lt\/en\/wp-json\/wp\/v2\/product\/9745","targetHints":{"allow":["GET"]}}],"collection":[{"href":"https:\/\/rupa.lt\/en\/wp-json\/wp\/v2\/product"}],"about":[{"href":"https:\/\/rupa.lt\/en\/wp-json\/wp\/v2\/types\/product"}],"replies":[{"embeddable":true,"href":"https:\/\/rupa.lt\/en\/wp-json\/wp\/v2\/comments?post=9745"}],"wp:featuredmedia":[{"embeddable":true,"href":"https:\/\/rupa.lt\/en\/wp-json\/wp\/v2\/media\/9746"}],"wp:attachment":[{"href":"https:\/\/rupa.lt\/en\/wp-json\/wp\/v2\/media?parent=9745"}],"wp:term":[{"taxonomy":"product_brand","embeddable":true,"href":"https:\/\/rupa.lt\/en\/wp-json\/wp\/v2\/product_brand?post=9745"},{"taxonomy":"product_cat","embeddable":true,"href":"https:\/\/rupa.lt\/en\/wp-json\/wp\/v2\/product_cat?post=9745"},{"taxonomy":"product_tag","embeddable":true,"href":"https:\/\/rupa.lt\/en\/wp-json\/wp\/v2\/product_tag?post=9745"}],"curies":[{"name":"wp","href":"https:\/\/api.w.org\/{rel}","templated":true}]}}