{"id":9741,"date":"2023-06-02T11:40:44","date_gmt":"2023-06-02T08:40:44","guid":{"rendered":"https:\/\/rupa.lt\/?post_type=product&#038;p=9741"},"modified":"2025-12-05T19:48:02","modified_gmt":"2025-12-05T17:48:02","slug":"oway-after-sun-hair-mask-atstatomoji-kauke-plaukams-po-saules-voniu","status":"publish","type":"product","link":"https:\/\/rupa.lt\/en\/product\/oway-after-sun-hair-mask-atstatomoji-kauke-plaukams-po-saules-voniu\/","title":{"rendered":"OWAY after-sun hair mask &#8211; atstatomoji kauk\u0117 plaukams po saul\u0117s voni\u0173"},"content":{"rendered":"<p><strong>NAUDOJIMAS<\/strong>: Paskirstykite ant \u0161vari\u0173, dr\u0117gn\u0173 plauk\u0173 ir palaikykite 3-5 minutes. Kruop\u0161\u010diai nuskalaukite.<\/p>","protected":false},"excerpt":{"rendered":"<p>Giliai pamaitina ir atkuria plauko lipid\u0173 pusiausvyr\u0105. Atkuria ir u\u017edaro kutikul\u0119. Suteikia plaukams \u017evilgesio.<\/p>\n<p><strong>Aliuminio t\u016bbel\u0117je<\/strong><\/p>","protected":false},"featured_media":9742,"comment_status":"open","ping_status":"closed","template":"","meta":[],"product_brand":[],"product_cat":[329],"product_tag":[294,330],"class_list":{"0":"post-9741","1":"product","2":"type-product","3":"status-publish","4":"has-post-thumbnail","6":"product_cat-oway-prieziura-pries-ir-po-saules","7":"product_tag-oway-sampunas","8":"product_tag-plauku-prieziuros-produktai-vasarai","10":"first","11":"onbackorder","12":"shipping-taxable","13":"purchasable","14":"product-type-variable"},"_links":{"self":[{"href":"https:\/\/rupa.lt\/en\/wp-json\/wp\/v2\/product\/9741","targetHints":{"allow":["GET"]}}],"collection":[{"href":"https:\/\/rupa.lt\/en\/wp-json\/wp\/v2\/product"}],"about":[{"href":"https:\/\/rupa.lt\/en\/wp-json\/wp\/v2\/types\/product"}],"replies":[{"embeddable":true,"href":"https:\/\/rupa.lt\/en\/wp-json\/wp\/v2\/comments?post=9741"}],"wp:featuredmedia":[{"embeddable":true,"href":"https:\/\/rupa.lt\/en\/wp-json\/wp\/v2\/media\/9742"}],"wp:attachment":[{"href":"https:\/\/rupa.lt\/en\/wp-json\/wp\/v2\/media?parent=9741"}],"wp:term":[{"taxonomy":"product_brand","embeddable":true,"href":"https:\/\/rupa.lt\/en\/wp-json\/wp\/v2\/product_brand?post=9741"},{"taxonomy":"product_cat","embeddable":true,"href":"https:\/\/rupa.lt\/en\/wp-json\/wp\/v2\/product_cat?post=9741"},{"taxonomy":"product_tag","embeddable":true,"href":"https:\/\/rupa.lt\/en\/wp-json\/wp\/v2\/product_tag?post=9741"}],"curies":[{"name":"wp","href":"https:\/\/api.w.org\/{rel}","templated":true}]}}