{"id":9739,"date":"2023-06-02T11:18:35","date_gmt":"2023-06-02T08:18:35","guid":{"rendered":"https:\/\/rupa.lt\/?post_type=product&#038;p=9739"},"modified":"2025-12-05T20:24:22","modified_gmt":"2025-12-05T18:24:22","slug":"oway-after-sun-hair-and-body-bath-sampunas-kuno-prausiklis-po-saules-voniu","status":"publish","type":"product","link":"https:\/\/rupa.lt\/en\/product\/oway-after-sun-hair-and-body-bath-sampunas-kuno-prausiklis-po-saules-voniu\/","title":{"rendered":"OWAY after-sun hair and body bath- \u0161amp\u016bnas\/ k\u016bno prausiklis po saul\u0117s voni\u0173"},"content":{"rendered":"<p><strong>NAUDOJIMAS<\/strong>: \u012etrinkite masa\u017euojamaisiais judesiais \u012f dr\u0117gnus plaukus ir od\u0105, nuplaukite vandeniu. Jei reikia, proced\u016br\u0105 pakartokite.<\/p>","protected":false},"excerpt":{"rendered":"<p>Atkuriantis, dr\u0117kinantis ir antioksidacinio poveikio plauk\u0173 ir k\u016bno prausiklis. \u0160velniai, bet efektyviai pa\u0161alina druskos, sm\u0117lio ir chloro liku\u010dius nuo plauk\u0173 ir k\u016bno. \u0160velniai dr\u0117kina plaukus d\u0117l specialiai parinkt\u0173 aliej\u0173. Regeneruoja ir tonizuoja d\u0117l citrusini\u0173 eterini\u0173 aliej\u0173.<\/p>\n<p>*ATLIKTAS NIKELIO TYRIMAS | PATIKRINTA DERMATOLOG\u0172<\/p>\n<p>Stikliniame buteliuke su aliuminio dankteliu- 100% be plastiko.<\/p>\n<p>Papildomai galite \u012fsigyti dozatori\u0173, kuris tiks visiems OWAY \u0161amp\u016bnams:\u00a0<em><a href=\"https:\/\/rupa.lt\/en\/product\/nerudijancio-plieno-dozatorius\/\">\u012esigyti metalin\u012f dozatori\u0173 prie buteliuko<\/a><\/em><\/p>","protected":false},"featured_media":9740,"comment_status":"open","ping_status":"closed","template":"","meta":[],"product_brand":[],"product_cat":[329],"product_tag":[294,330],"class_list":{"0":"post-9739","1":"product","2":"type-product","3":"status-publish","4":"has-post-thumbnail","6":"product_cat-oway-prieziura-pries-ir-po-saules","7":"product_tag-oway-sampunas","8":"product_tag-plauku-prieziuros-produktai-vasarai","10":"first","11":"onbackorder","12":"shipping-taxable","13":"purchasable","14":"product-type-variable"},"_links":{"self":[{"href":"https:\/\/rupa.lt\/en\/wp-json\/wp\/v2\/product\/9739","targetHints":{"allow":["GET"]}}],"collection":[{"href":"https:\/\/rupa.lt\/en\/wp-json\/wp\/v2\/product"}],"about":[{"href":"https:\/\/rupa.lt\/en\/wp-json\/wp\/v2\/types\/product"}],"replies":[{"embeddable":true,"href":"https:\/\/rupa.lt\/en\/wp-json\/wp\/v2\/comments?post=9739"}],"wp:featuredmedia":[{"embeddable":true,"href":"https:\/\/rupa.lt\/en\/wp-json\/wp\/v2\/media\/9740"}],"wp:attachment":[{"href":"https:\/\/rupa.lt\/en\/wp-json\/wp\/v2\/media?parent=9739"}],"wp:term":[{"taxonomy":"product_brand","embeddable":true,"href":"https:\/\/rupa.lt\/en\/wp-json\/wp\/v2\/product_brand?post=9739"},{"taxonomy":"product_cat","embeddable":true,"href":"https:\/\/rupa.lt\/en\/wp-json\/wp\/v2\/product_cat?post=9739"},{"taxonomy":"product_tag","embeddable":true,"href":"https:\/\/rupa.lt\/en\/wp-json\/wp\/v2\/product_tag?post=9739"}],"curies":[{"name":"wp","href":"https:\/\/api.w.org\/{rel}","templated":true}]}}