{"id":9734,"date":"2023-06-02T11:02:51","date_gmt":"2023-06-02T08:02:51","guid":{"rendered":"https:\/\/rupa.lt\/?post_type=product&#038;p=9734"},"modified":"2025-12-05T19:51:34","modified_gmt":"2025-12-05T17:51:34","slug":"oway-sunlight-serum-apsauginis-serumas-nuo-zalingo-saules-poveikio","status":"publish","type":"product","link":"https:\/\/rupa.lt\/en\/product\/oway-sunlight-serum-apsauginis-serumas-nuo-zalingo-saules-poveikio\/","title":{"rendered":"OWAY SUNLIGHT SERUM- Apsauginis serumas nuo \u017ealingo saul\u0117s poveikio"},"content":{"rendered":"<p>NAUDOJIMAS <strong>Plaukams<\/strong>: Prie\u0161 m\u0117gaujantis saul\u0117s voniomis, \u012fla\u0161inkite \u012f delnus, patrinkite tarp j\u0173 ir tepkite ant plauk\u0173 daugiausia d\u0117mesio skiriant plauk\u0173 galiukams. Jei saul\u0117je b\u016bnate ilgai, priemon\u0119 tepkite pakartotinai.<\/p>\n<p>NAUDOJIMAS <strong>K\u016bnui:\u00a0<\/strong>Naudokite po saul\u0117s. \u012esipilkite \u012f delnus, masa\u017euokite \u012f k\u016bn\u0105 kol visi\u0161kai \u012fsigers. Naudokite pagal poreik\u012f.<\/p>\n<p><strong>INCI<\/strong><strong>: <\/strong>C13-15 Alkane ND, Oryza Sativa (Rice) Bran Oil ND, Coco-Caprylate ND, Limonene ND, Himanthalia Elongata Extract O, Calendula Officinalis Flower Extract BD, Punica Granatum Seed Oil O, Passiflora Edulis Seed Oil FT, Adansonia Digitata Seed Oil O, Undecane ND, Tridecane ND, Citrus Aurantium Bergamia (Bergamot) Fruit Oil EO, Helianthus Annuus (Sunflower) Seed Oil ND, Citrus Limon (Lemon) Peel Oil EO, Foeniculum Vulgare (Fennel) Oil EO\/BD, Caprylic\/Capric Triglyceride ND, Tocopherol ND, Beta-Sitosterol ND, Squalene ND, Linalool ND, Citral ND<\/p>\n<p>&nbsp;<\/p>","protected":false},"excerpt":{"rendered":"<p>Dr\u0117kinantis ir maitinantis sausas aliejus odai ir plaukams. Sukuria skyd\u0105, saugant\u012f plaukus nuo saul\u0117s daromos \u017ealos. Apsaugo nuo saul\u0117s, sm\u0117lio, vandens ir druskos. Pamaitina ir i\u0161lygina plauko stieb\u0105. 100% augalin\u0117 sud\u0117tis. Patikrinta d\u0117l nikelio.<\/p>\n<p>Nepsunkina ir nesuriebaluoja plauk\u0173.<\/p>","protected":false},"featured_media":9735,"comment_status":"open","ping_status":"closed","template":"","meta":[],"product_brand":[],"product_cat":[329],"product_tag":[],"class_list":{"0":"post-9734","1":"product","2":"type-product","3":"status-publish","4":"has-post-thumbnail","6":"product_cat-oway-prieziura-pries-ir-po-saules","8":"first","9":"onbackorder","10":"shipping-taxable","11":"purchasable","12":"product-type-simple"},"_links":{"self":[{"href":"https:\/\/rupa.lt\/en\/wp-json\/wp\/v2\/product\/9734","targetHints":{"allow":["GET"]}}],"collection":[{"href":"https:\/\/rupa.lt\/en\/wp-json\/wp\/v2\/product"}],"about":[{"href":"https:\/\/rupa.lt\/en\/wp-json\/wp\/v2\/types\/product"}],"replies":[{"embeddable":true,"href":"https:\/\/rupa.lt\/en\/wp-json\/wp\/v2\/comments?post=9734"}],"wp:featuredmedia":[{"embeddable":true,"href":"https:\/\/rupa.lt\/en\/wp-json\/wp\/v2\/media\/9735"}],"wp:attachment":[{"href":"https:\/\/rupa.lt\/en\/wp-json\/wp\/v2\/media?parent=9734"}],"wp:term":[{"taxonomy":"product_brand","embeddable":true,"href":"https:\/\/rupa.lt\/en\/wp-json\/wp\/v2\/product_brand?post=9734"},{"taxonomy":"product_cat","embeddable":true,"href":"https:\/\/rupa.lt\/en\/wp-json\/wp\/v2\/product_cat?post=9734"},{"taxonomy":"product_tag","embeddable":true,"href":"https:\/\/rupa.lt\/en\/wp-json\/wp\/v2\/product_tag?post=9734"}],"curies":[{"name":"wp","href":"https:\/\/api.w.org\/{rel}","templated":true}]}}