{"id":9506,"date":"2023-03-11T17:32:50","date_gmt":"2023-03-11T15:32:50","guid":{"rendered":"https:\/\/rupa.lt\/?post_type=product&#038;p=9506"},"modified":"2023-03-23T09:59:03","modified_gmt":"2023-03-23T07:59:03","slug":"medines-sukos-garbanotiems-plaukams-2","status":"publish","type":"product","link":"https:\/\/rupa.lt\/en\/product\/medines-sukos-garbanotiems-plaukams-2\/","title":{"rendered":"Medin\u0117s \u0161ukos garbanotiems plaukams"},"content":{"rendered":"<p>\u0160ukos pla\u010diais dantukais pagamintos i\u0161 100% FSC\u00ae sertifikuotos uosio medienos. U\u017ebaigtos, i\u0161lygintos rankomis ir apdorotos s\u0117men\u0173 aliejumi ir augaliniu va\u0161ku. \u0160ukos sudarytos i\u0161 dviej\u0173 medienos juosteli\u0173 su prie\u0161ingomis dro\u017el\u0117mis, kurios leid\u017eia jas naudoti net ant \u0161lapi\u0173 plauk\u0173, kad neb\u016bt\u0173 pa\u017eeista \u0161uk\u0173 strukt\u016bra. Tinka garbanotiems, banguotiems plaukams. VeganOK sertifikuotas produktas. Antistatinis, rank\u0173 darbo, pagamintos Italijoje.<\/p>","protected":false},"excerpt":{"rendered":"<p>Medin\u0117s ma\u017eos\u00a0 \u0161ukos pagamintos i\u0161 uosio medienos skirtos garbanotiems plaukams.<\/p>\n<p>&nbsp;<\/p>","protected":false},"featured_media":9499,"comment_status":"open","ping_status":"closed","template":"","meta":[],"product_brand":[],"product_cat":[103,248],"product_tag":[327,267,268,250],"class_list":{"0":"post-9506","1":"product","2":"type-product","3":"status-publish","4":"has-post-thumbnail","6":"product_cat-tek","7":"product_cat-natural-linija","8":"product_tag-2020-03","9":"product_tag-medines-sukos-su-ranka","10":"product_tag-produktams-paskisryti-ant-dregnu-plauku","11":"product_tag-tek","13":"first","14":"instock","15":"shipping-taxable","16":"purchasable","17":"product-type-simple"},"_links":{"self":[{"href":"https:\/\/rupa.lt\/en\/wp-json\/wp\/v2\/product\/9506","targetHints":{"allow":["GET"]}}],"collection":[{"href":"https:\/\/rupa.lt\/en\/wp-json\/wp\/v2\/product"}],"about":[{"href":"https:\/\/rupa.lt\/en\/wp-json\/wp\/v2\/types\/product"}],"replies":[{"embeddable":true,"href":"https:\/\/rupa.lt\/en\/wp-json\/wp\/v2\/comments?post=9506"}],"wp:featuredmedia":[{"embeddable":true,"href":"https:\/\/rupa.lt\/en\/wp-json\/wp\/v2\/media\/9499"}],"wp:attachment":[{"href":"https:\/\/rupa.lt\/en\/wp-json\/wp\/v2\/media?parent=9506"}],"wp:term":[{"taxonomy":"product_brand","embeddable":true,"href":"https:\/\/rupa.lt\/en\/wp-json\/wp\/v2\/product_brand?post=9506"},{"taxonomy":"product_cat","embeddable":true,"href":"https:\/\/rupa.lt\/en\/wp-json\/wp\/v2\/product_cat?post=9506"},{"taxonomy":"product_tag","embeddable":true,"href":"https:\/\/rupa.lt\/en\/wp-json\/wp\/v2\/product_tag?post=9506"}],"curies":[{"name":"wp","href":"https:\/\/api.w.org\/{rel}","templated":true}]}}