{"id":9462,"date":"2023-03-03T08:18:22","date_gmt":"2023-03-03T06:18:22","guid":{"rendered":"https:\/\/rupa.lt\/?post_type=product&#038;p=9462"},"modified":"2023-03-23T10:10:08","modified_gmt":"2023-03-23T08:10:08","slug":"didelis-ovalus-sepetys","status":"publish","type":"product","link":"https:\/\/rupa.lt\/en\/product\/didelis-ovalus-sepetys\/","title":{"rendered":"Didelis ovalus \u0161epetys"},"content":{"rendered":"","protected":false},"excerpt":{"rendered":"<p>Ovalo formos prabangus\u00a0 \u0161epetys ilgais dantukais. Universalus, tinka vis\u0173 tip\u0173 plaukams.<\/p>\n<p><b><i>I\u0161sankstinio u\u017esakymo \u012fvykdymo terminas yra iki dviej\u0173 savai\u010di\u0173.<\/i><\/b><\/p>","protected":false},"featured_media":9463,"comment_status":"open","ping_status":"closed","template":"","meta":[],"product_brand":[],"product_cat":[103,249],"product_tag":[322],"class_list":{"0":"post-9462","1":"product","2":"type-product","3":"status-publish","4":"has-post-thumbnail","6":"product_cat-tek","7":"product_cat-luxury-linija","8":"product_tag-5021-01","10":"first","11":"onbackorder","12":"shipping-taxable","13":"purchasable","14":"product-type-simple"},"_links":{"self":[{"href":"https:\/\/rupa.lt\/en\/wp-json\/wp\/v2\/product\/9462","targetHints":{"allow":["GET"]}}],"collection":[{"href":"https:\/\/rupa.lt\/en\/wp-json\/wp\/v2\/product"}],"about":[{"href":"https:\/\/rupa.lt\/en\/wp-json\/wp\/v2\/types\/product"}],"replies":[{"embeddable":true,"href":"https:\/\/rupa.lt\/en\/wp-json\/wp\/v2\/comments?post=9462"}],"wp:featuredmedia":[{"embeddable":true,"href":"https:\/\/rupa.lt\/en\/wp-json\/wp\/v2\/media\/9463"}],"wp:attachment":[{"href":"https:\/\/rupa.lt\/en\/wp-json\/wp\/v2\/media?parent=9462"}],"wp:term":[{"taxonomy":"product_brand","embeddable":true,"href":"https:\/\/rupa.lt\/en\/wp-json\/wp\/v2\/product_brand?post=9462"},{"taxonomy":"product_cat","embeddable":true,"href":"https:\/\/rupa.lt\/en\/wp-json\/wp\/v2\/product_cat?post=9462"},{"taxonomy":"product_tag","embeddable":true,"href":"https:\/\/rupa.lt\/en\/wp-json\/wp\/v2\/product_tag?post=9462"}],"curies":[{"name":"wp","href":"https:\/\/api.w.org\/{rel}","templated":true}]}}