{"id":9424,"date":"2023-02-28T16:37:06","date_gmt":"2023-02-28T14:37:06","guid":{"rendered":"https:\/\/rupa.lt\/?post_type=product&#038;p=9424"},"modified":"2023-03-23T10:03:18","modified_gmt":"2023-03-23T08:03:18","slug":"ivairiu-spalvu-rinkinukas","status":"publish","type":"product","link":"https:\/\/rupa.lt\/en\/product\/ivairiu-spalvu-rinkinukas\/","title":{"rendered":"\u012evairi\u0173 spalv\u0173 rinkinukas"},"content":{"rendered":"<p>Visi Tek naudojami da\u017eai yra vandens pagrindu, netoksi\u0161ki ir hipoalergi\u0161ki.<\/p>\n<p>\u0160ie rinkinukai u\u017esakomi i\u0161 anksto. U\u017esakymo \u012fvykdymo terminas iki dviej\u0173 savai\u010di\u0173.<\/p>","protected":false},"excerpt":{"rendered":"<p dir=\"ltr\" data-placeholder=\"Translation\">\u012evairi\u0173 spalv\u0173 ma\u017eo rankin\u0117s \u0161epe\u010dio ir \u0161uk\u0173 rinkinukai. Rinkinuk\u0105 sudaro:<\/p>\n<p dir=\"ltr\" data-placeholder=\"Translation\">Ma\u017eas ovalus medinis rankin\u0117s plauk\u0173 \u0161epetys i\u0161 uosio medienos. Tinka vis\u0173 tip\u0173 plaukams. Prakti\u0161ka kelion\u0117je arba rankin\u0117je.<\/p>\n<p id=\"tw-target-text\" class=\"tw-data-text tw-text-large tw-ta\" dir=\"ltr\" data-placeholder=\"Translation\"><span class=\"Y2IQFc\" lang=\"lt\">Ma\u017eos \u0161ukos pla\u010diais tarpais pagamintos i\u0161 uosio medienos. Idealiai tinka normaliems, garbanotiems ar banguotiems plaukams. I\u0161\u0161ukuoja nepa\u017eeisdama sruogos.<\/span><\/p>\n<p dir=\"ltr\" data-placeholder=\"Translation\">Medviln\u0117s mai\u0161elis.<\/p>\n<p id=\"tw-target-text\" class=\"tw-data-text tw-text-large tw-ta\" dir=\"ltr\" data-placeholder=\"Translation\"><span class=\"Y2IQFc\" lang=\"lt\"> Taip pat puiki dovana. Galite rinktis i\u0161 \u0161i\u0173 spalv\u0173: \u017eydros, ro\u017ein\u0117s, orand\u017ein\u0117s, raudonos ir salotin\u0117s.<\/span><\/p>","protected":false},"featured_media":9436,"comment_status":"open","ping_status":"closed","template":"","meta":[],"product_brand":[],"product_cat":[103,247],"product_tag":[],"class_list":{"0":"post-9424","1":"product","2":"type-product","3":"status-publish","4":"has-post-thumbnail","6":"product_cat-tek","7":"product_cat-color-linija","9":"first","10":"onbackorder","11":"shipping-taxable","12":"purchasable","13":"product-type-variable"},"_links":{"self":[{"href":"https:\/\/rupa.lt\/en\/wp-json\/wp\/v2\/product\/9424","targetHints":{"allow":["GET"]}}],"collection":[{"href":"https:\/\/rupa.lt\/en\/wp-json\/wp\/v2\/product"}],"about":[{"href":"https:\/\/rupa.lt\/en\/wp-json\/wp\/v2\/types\/product"}],"replies":[{"embeddable":true,"href":"https:\/\/rupa.lt\/en\/wp-json\/wp\/v2\/comments?post=9424"}],"wp:featuredmedia":[{"embeddable":true,"href":"https:\/\/rupa.lt\/en\/wp-json\/wp\/v2\/media\/9436"}],"wp:attachment":[{"href":"https:\/\/rupa.lt\/en\/wp-json\/wp\/v2\/media?parent=9424"}],"wp:term":[{"taxonomy":"product_brand","embeddable":true,"href":"https:\/\/rupa.lt\/en\/wp-json\/wp\/v2\/product_brand?post=9424"},{"taxonomy":"product_cat","embeddable":true,"href":"https:\/\/rupa.lt\/en\/wp-json\/wp\/v2\/product_cat?post=9424"},{"taxonomy":"product_tag","embeddable":true,"href":"https:\/\/rupa.lt\/en\/wp-json\/wp\/v2\/product_tag?post=9424"}],"curies":[{"name":"wp","href":"https:\/\/api.w.org\/{rel}","templated":true}]}}