{"id":9410,"date":"2023-02-28T16:13:29","date_gmt":"2023-02-28T14:13:29","guid":{"rendered":"https:\/\/rupa.lt\/?post_type=product&#038;p=9410"},"modified":"2025-06-02T01:00:51","modified_gmt":"2025-06-01T22:00:51","slug":"ivairiu-spalvu-lakuotas-ovalus-sepetys","status":"publish","type":"product","link":"https:\/\/rupa.lt\/en\/product\/ivairiu-spalvu-lakuotas-ovalus-sepetys\/","title":{"rendered":"\u012evairi\u0173 spalv\u0173 lakuotas ovalus  \u0161epetys"},"content":{"rendered":"<p id=\"tw-target-text\" class=\"tw-data-text tw-text-large tw-ta\" dir=\"ltr\" data-placeholder=\"Vertimas\"><span class=\"Y2IQFc\" lang=\"lt\">Ovalus lakuotas \u0161epetys &#8211; 22 x 6 cm dyd\u017eio &#8211; pagamintas i\u0161 100% FSC\u00ae sertifikuotos lakuoto uosio medienos. Tek naudojami da\u017eai yra netoksi\u0161ki ir hipoalergi\u0161ki augalin\u0117s kilm\u0117s, o lakas gaunamas i\u0161 ekologi\u0161k\u0173 epoksidini\u0173 derv\u0173. Trumpi dantukai pagamintas i\u0161 100% FSC\u00ae sertifikuotos skroblo medienos. \u0160is \u0161epetys universalus. Antistatinis, rank\u0173 darbo, pagamintas Italijoje<\/span><\/p>","protected":false},"excerpt":{"rendered":"<p id=\"tw-target-text\" class=\"tw-data-text tw-text-large tw-ta\" dir=\"ltr\" data-placeholder=\"Vertimas\"><span class=\"Y2IQFc\" lang=\"lt\">Ovalus \u0161epetys i\u0161 uosio medienos. \u0160epe\u010diai lakuoti m\u0117linu, ro\u017einiu, baltu ir raudonu laku. Idealiai tinka vis\u0173 tip\u0173 plaukams.<\/span><\/p>\n<p>&nbsp;<\/p>","protected":false},"featured_media":9416,"comment_status":"open","ping_status":"closed","template":"","meta":[],"product_brand":[],"product_cat":[103,247],"product_tag":[],"class_list":{"0":"post-9410","1":"product","2":"type-product","3":"status-publish","4":"has-post-thumbnail","6":"product_cat-tek","7":"product_cat-color-linija","9":"first","10":"outofstock","11":"shipping-taxable","12":"purchasable","13":"product-type-variable"},"_links":{"self":[{"href":"https:\/\/rupa.lt\/en\/wp-json\/wp\/v2\/product\/9410","targetHints":{"allow":["GET"]}}],"collection":[{"href":"https:\/\/rupa.lt\/en\/wp-json\/wp\/v2\/product"}],"about":[{"href":"https:\/\/rupa.lt\/en\/wp-json\/wp\/v2\/types\/product"}],"replies":[{"embeddable":true,"href":"https:\/\/rupa.lt\/en\/wp-json\/wp\/v2\/comments?post=9410"}],"wp:featuredmedia":[{"embeddable":true,"href":"https:\/\/rupa.lt\/en\/wp-json\/wp\/v2\/media\/9416"}],"wp:attachment":[{"href":"https:\/\/rupa.lt\/en\/wp-json\/wp\/v2\/media?parent=9410"}],"wp:term":[{"taxonomy":"product_brand","embeddable":true,"href":"https:\/\/rupa.lt\/en\/wp-json\/wp\/v2\/product_brand?post=9410"},{"taxonomy":"product_cat","embeddable":true,"href":"https:\/\/rupa.lt\/en\/wp-json\/wp\/v2\/product_cat?post=9410"},{"taxonomy":"product_tag","embeddable":true,"href":"https:\/\/rupa.lt\/en\/wp-json\/wp\/v2\/product_tag?post=9410"}],"curies":[{"name":"wp","href":"https:\/\/api.w.org\/{rel}","templated":true}]}}