{"id":9407,"date":"2023-02-28T15:56:42","date_gmt":"2023-02-28T13:56:42","guid":{"rendered":"https:\/\/rupa.lt\/?post_type=product&#038;p=9407"},"modified":"2026-03-18T13:46:30","modified_gmt":"2026-03-18T11:46:30","slug":"medines-sukos","status":"publish","type":"product","link":"https:\/\/rupa.lt\/en\/product\/medines-sukos\/","title":{"rendered":"Medin\u0117s \u0161ukos"},"content":{"rendered":"<p>\u0160ukos pla\u010diais dantukais &#8211; 20 x 4,5 cm dyd\u017eio &#8211; pagamintos i\u0161 100% FSC\u00ae sertifikuotos uosio medienos. U\u017ebaigtos, i\u0161lygintos rankomis ir apdorotos s\u0117men\u0173 aliejumi ir augaliniu va\u0161ku. \u0160ukos sudarytos i\u0161 dviej\u0173 medienos juosteli\u0173 su prie\u0161ingomis dro\u017el\u0117mis, kurios leid\u017eia jas naudoti net ant \u0161lapi\u0173 plauk\u0173, kad neb\u016bt\u0173 pa\u017eeista \u0161uk\u0173 strukt\u016bra. Plat\u016bs tarpai idealiai tinka normaliems, garbanotiems ar banguotiems plaukams. I\u0161\u0161ukuoja plaukus, paskirsto produktus nepa\u017eeizdamos \u0161lapi\u0173 plauk\u0173. Puikios paskyrstant kondicionierius ir kaukes plovimo metu. VeganOK sertifikuotas produktas. Antistatinis, rank\u0173 darbo, pagamintos Italijoje.<\/p>","protected":false},"excerpt":{"rendered":"<p>Medin\u0117s didel\u0117s \u0161ukos pagamintos i\u0161 uosio medienos. Skirtos paskirstyti kaukes ir kondicionierius plaunant plaukus.<\/p>\n<p>&nbsp;<\/p>","protected":false},"featured_media":9408,"comment_status":"open","ping_status":"closed","template":"","meta":[],"product_brand":[],"product_cat":[103,248],"product_tag":[266,267,268,250],"class_list":{"0":"post-9407","1":"product","2":"type-product","3":"status-publish","4":"has-post-thumbnail","6":"product_cat-tek","7":"product_cat-natural-linija","8":"product_tag-2040-03","9":"product_tag-medines-sukos-su-ranka","10":"product_tag-produktams-paskisryti-ant-dregnu-plauku","11":"product_tag-tek","13":"first","14":"instock","15":"shipping-taxable","16":"purchasable","17":"product-type-simple"},"_links":{"self":[{"href":"https:\/\/rupa.lt\/en\/wp-json\/wp\/v2\/product\/9407","targetHints":{"allow":["GET"]}}],"collection":[{"href":"https:\/\/rupa.lt\/en\/wp-json\/wp\/v2\/product"}],"about":[{"href":"https:\/\/rupa.lt\/en\/wp-json\/wp\/v2\/types\/product"}],"replies":[{"embeddable":true,"href":"https:\/\/rupa.lt\/en\/wp-json\/wp\/v2\/comments?post=9407"}],"wp:featuredmedia":[{"embeddable":true,"href":"https:\/\/rupa.lt\/en\/wp-json\/wp\/v2\/media\/9408"}],"wp:attachment":[{"href":"https:\/\/rupa.lt\/en\/wp-json\/wp\/v2\/media?parent=9407"}],"wp:term":[{"taxonomy":"product_brand","embeddable":true,"href":"https:\/\/rupa.lt\/en\/wp-json\/wp\/v2\/product_brand?post=9407"},{"taxonomy":"product_cat","embeddable":true,"href":"https:\/\/rupa.lt\/en\/wp-json\/wp\/v2\/product_cat?post=9407"},{"taxonomy":"product_tag","embeddable":true,"href":"https:\/\/rupa.lt\/en\/wp-json\/wp\/v2\/product_tag?post=9407"}],"curies":[{"name":"wp","href":"https:\/\/api.w.org\/{rel}","templated":true}]}}