{"id":9404,"date":"2023-02-28T15:49:35","date_gmt":"2023-02-28T13:49:35","guid":{"rendered":"https:\/\/rupa.lt\/?post_type=product&#038;p=9404"},"modified":"2023-03-23T10:06:10","modified_gmt":"2023-03-23T08:06:10","slug":"vaikiskas-medinis-sepetys","status":"publish","type":"product","link":"https:\/\/rupa.lt\/en\/product\/vaikiskas-medinis-sepetys\/","title":{"rendered":"Vaiki\u0161kas medinis \u0161epetys"},"content":{"rendered":"<p>Vaiki\u0161kas medinis ovalus \u0161epetys su vidutinio ilgio dantukais &#8211; 17.5 x 4.7cm &#8211; pagamintas i\u0161 100% FSC\u00ae sertifikuotos uosio medienos, nat\u016bralios medienos spalvos su rankena apdorota augaliniu va\u0161ku ir s\u0117men\u0173 aliejumi, dantukai i\u0161 100% FSC\u00ae sertifikuotos skroblo medienos.\u00a0 VeganOK sertifikuotas produktas. Antistatinis ir rank\u0173 darbo, pagamintas Italijoje.<\/p>\n<p>&nbsp;<\/p>","protected":false},"excerpt":{"rendered":"<p>Vaiki\u0161kas medinis \u0161epetys uosio medienos. Universalus, tinka vis\u0173 tip\u0173 plaukams.<\/p>","protected":false},"featured_media":9405,"comment_status":"open","ping_status":"closed","template":"","meta":[],"product_brand":[],"product_cat":[103,248],"product_tag":[324,260,259,250,261],"class_list":{"0":"post-9404","1":"product","2":"type-product","3":"status-publish","4":"has-post-thumbnail","6":"product_cat-tek","7":"product_cat-natural-linija","8":"product_tag-7190-03","9":"product_tag-medinis-plauku-sepetys","10":"product_tag-ovalus","11":"product_tag-tek","12":"product_tag-universalus","14":"first","15":"instock","16":"shipping-taxable","17":"purchasable","18":"product-type-simple"},"_links":{"self":[{"href":"https:\/\/rupa.lt\/en\/wp-json\/wp\/v2\/product\/9404","targetHints":{"allow":["GET"]}}],"collection":[{"href":"https:\/\/rupa.lt\/en\/wp-json\/wp\/v2\/product"}],"about":[{"href":"https:\/\/rupa.lt\/en\/wp-json\/wp\/v2\/types\/product"}],"replies":[{"embeddable":true,"href":"https:\/\/rupa.lt\/en\/wp-json\/wp\/v2\/comments?post=9404"}],"wp:featuredmedia":[{"embeddable":true,"href":"https:\/\/rupa.lt\/en\/wp-json\/wp\/v2\/media\/9405"}],"wp:attachment":[{"href":"https:\/\/rupa.lt\/en\/wp-json\/wp\/v2\/media?parent=9404"}],"wp:term":[{"taxonomy":"product_brand","embeddable":true,"href":"https:\/\/rupa.lt\/en\/wp-json\/wp\/v2\/product_brand?post=9404"},{"taxonomy":"product_cat","embeddable":true,"href":"https:\/\/rupa.lt\/en\/wp-json\/wp\/v2\/product_cat?post=9404"},{"taxonomy":"product_tag","embeddable":true,"href":"https:\/\/rupa.lt\/en\/wp-json\/wp\/v2\/product_tag?post=9404"}],"curies":[{"name":"wp","href":"https:\/\/api.w.org\/{rel}","templated":true}]}}