{"id":9398,"date":"2023-02-28T15:42:51","date_gmt":"2023-02-28T13:42:51","guid":{"rendered":"https:\/\/rupa.lt\/?post_type=product&#038;p=9398"},"modified":"2025-08-08T13:36:22","modified_gmt":"2025-08-08T10:36:22","slug":"mazas-medinis-rankines-sepetys","status":"publish","type":"product","link":"https:\/\/rupa.lt\/en\/product\/mazas-medinis-rankines-sepetys\/","title":{"rendered":"Ma\u017eas medinis rankin\u0117s \u0161epetys"},"content":{"rendered":"<p>Ma\u017eas medinis ovalus \u0161epetys su vidutinio ilgio dantukais &#8211; 15.5 x 4.7cm &#8211; pagamintas i\u0161 100% FSC\u00ae sertifikuotos uosio medienos, nat\u016bralios medienos spalvos su rankena apdorota augaliniu va\u0161ku ir s\u0117men\u0173 aliejumi, dantukai i\u0161 100% FSC\u00ae sertifikuotos skroblo medienos. \u0160is \u0161epetys universalus ir tiks vis\u0173 tip\u0173 plaukams. D\u0117l savo dyd\u017eio prakti\u0161kas ir tilps \u012f kuprin\u0119 ar rankin\u0119. VeganOK sertifikuotas produktas. Antistatinis ir rank\u0173 darbo, pagamintas Italijoje.<\/p>\n<p>&nbsp;<\/p>","protected":false},"excerpt":{"rendered":"<p>Nedidelis medinis ovalus \u0161epetys su vidutinio ilgio dantukais i\u0161 uosio medienos. Universalus, tinka vis\u0173 tip\u0173 plaukams.<\/p>","protected":false},"featured_media":9399,"comment_status":"open","ping_status":"closed","template":"","meta":[],"product_brand":[],"product_cat":[103,248],"product_tag":[323,260,259,250,261],"class_list":{"0":"post-9398","1":"product","2":"type-product","3":"status-publish","4":"has-post-thumbnail","6":"product_cat-tek","7":"product_cat-natural-linija","8":"product_tag-1320-03","9":"product_tag-medinis-plauku-sepetys","10":"product_tag-ovalus","11":"product_tag-tek","12":"product_tag-universalus","14":"first","15":"onbackorder","16":"shipping-taxable","17":"purchasable","18":"product-type-simple"},"_links":{"self":[{"href":"https:\/\/rupa.lt\/en\/wp-json\/wp\/v2\/product\/9398","targetHints":{"allow":["GET"]}}],"collection":[{"href":"https:\/\/rupa.lt\/en\/wp-json\/wp\/v2\/product"}],"about":[{"href":"https:\/\/rupa.lt\/en\/wp-json\/wp\/v2\/types\/product"}],"replies":[{"embeddable":true,"href":"https:\/\/rupa.lt\/en\/wp-json\/wp\/v2\/comments?post=9398"}],"wp:featuredmedia":[{"embeddable":true,"href":"https:\/\/rupa.lt\/en\/wp-json\/wp\/v2\/media\/9399"}],"wp:attachment":[{"href":"https:\/\/rupa.lt\/en\/wp-json\/wp\/v2\/media?parent=9398"}],"wp:term":[{"taxonomy":"product_brand","embeddable":true,"href":"https:\/\/rupa.lt\/en\/wp-json\/wp\/v2\/product_brand?post=9398"},{"taxonomy":"product_cat","embeddable":true,"href":"https:\/\/rupa.lt\/en\/wp-json\/wp\/v2\/product_cat?post=9398"},{"taxonomy":"product_tag","embeddable":true,"href":"https:\/\/rupa.lt\/en\/wp-json\/wp\/v2\/product_tag?post=9398"}],"curies":[{"name":"wp","href":"https:\/\/api.w.org\/{rel}","templated":true}]}}