{"id":9395,"date":"2023-02-28T15:22:42","date_gmt":"2023-02-28T13:22:42","guid":{"rendered":"https:\/\/rupa.lt\/?post_type=product&#038;p=9395"},"modified":"2023-03-23T10:10:51","modified_gmt":"2023-03-23T08:10:51","slug":"ovalus-afrikietiskos-medienos-sepetys-ilgais-dantukais","status":"publish","type":"product","link":"https:\/\/rupa.lt\/en\/product\/ovalus-afrikietiskos-medienos-sepetys-ilgais-dantukais\/","title":{"rendered":"Ovalus afrikieti\u0161kos medienos \u0161epetys ilgais dantukais"},"content":{"rendered":"","protected":false},"excerpt":{"rendered":"<p>Ovalo formos nat\u016bralios afrikieti\u0161kos medienos \u0161epetys ilgais dantukais. Universalus, tinka vis\u0173 tip\u0173 plaukams.<\/p>\n<p><b><i>I\u0161sankstinio u\u017esakymo \u012fvykdymo terminas yra iki dviej\u0173 savai\u010di\u0173.<\/i><\/b><\/p>","protected":false},"featured_media":9396,"comment_status":"open","ping_status":"closed","template":"","meta":[],"product_brand":[],"product_cat":[103,249],"product_tag":[322],"class_list":{"0":"post-9395","1":"product","2":"type-product","3":"status-publish","4":"has-post-thumbnail","6":"product_cat-tek","7":"product_cat-luxury-linija","8":"product_tag-5021-01","10":"first","11":"onbackorder","12":"shipping-taxable","13":"purchasable","14":"product-type-simple"},"_links":{"self":[{"href":"https:\/\/rupa.lt\/en\/wp-json\/wp\/v2\/product\/9395","targetHints":{"allow":["GET"]}}],"collection":[{"href":"https:\/\/rupa.lt\/en\/wp-json\/wp\/v2\/product"}],"about":[{"href":"https:\/\/rupa.lt\/en\/wp-json\/wp\/v2\/types\/product"}],"replies":[{"embeddable":true,"href":"https:\/\/rupa.lt\/en\/wp-json\/wp\/v2\/comments?post=9395"}],"wp:featuredmedia":[{"embeddable":true,"href":"https:\/\/rupa.lt\/en\/wp-json\/wp\/v2\/media\/9396"}],"wp:attachment":[{"href":"https:\/\/rupa.lt\/en\/wp-json\/wp\/v2\/media?parent=9395"}],"wp:term":[{"taxonomy":"product_brand","embeddable":true,"href":"https:\/\/rupa.lt\/en\/wp-json\/wp\/v2\/product_brand?post=9395"},{"taxonomy":"product_cat","embeddable":true,"href":"https:\/\/rupa.lt\/en\/wp-json\/wp\/v2\/product_cat?post=9395"},{"taxonomy":"product_tag","embeddable":true,"href":"https:\/\/rupa.lt\/en\/wp-json\/wp\/v2\/product_tag?post=9395"}],"curies":[{"name":"wp","href":"https:\/\/api.w.org\/{rel}","templated":true}]}}