{"id":9391,"date":"2023-02-28T15:22:18","date_gmt":"2023-02-28T13:22:18","guid":{"rendered":"https:\/\/rupa.lt\/?post_type=product&#038;p=9391"},"modified":"2023-03-23T10:11:24","modified_gmt":"2023-03-23T08:11:24","slug":"ovalus-afrikietiskos-medienos-sepetys","status":"publish","type":"product","link":"https:\/\/rupa.lt\/en\/product\/ovalus-afrikietiskos-medienos-sepetys\/","title":{"rendered":"Ovalus afrikieti\u0161kos medienos \u0161epetys"},"content":{"rendered":"","protected":false},"excerpt":{"rendered":"<p>Ovalo formos nat\u016bralios afrikieti\u0161kos medienos \u0161epetys. Universalus, tinka vis\u0173 tip\u0173 plaukams.<\/p>\n<p>&nbsp;<\/p>","protected":false},"featured_media":9393,"comment_status":"open","ping_status":"closed","template":"","meta":[],"product_brand":[],"product_cat":[103,249],"product_tag":[321],"class_list":{"0":"post-9391","1":"product","2":"type-product","3":"status-publish","4":"has-post-thumbnail","6":"product_cat-tek","7":"product_cat-luxury-linija","8":"product_tag-5020-01","10":"first","11":"instock","12":"shipping-taxable","13":"purchasable","14":"product-type-simple"},"_links":{"self":[{"href":"https:\/\/rupa.lt\/en\/wp-json\/wp\/v2\/product\/9391","targetHints":{"allow":["GET"]}}],"collection":[{"href":"https:\/\/rupa.lt\/en\/wp-json\/wp\/v2\/product"}],"about":[{"href":"https:\/\/rupa.lt\/en\/wp-json\/wp\/v2\/types\/product"}],"replies":[{"embeddable":true,"href":"https:\/\/rupa.lt\/en\/wp-json\/wp\/v2\/comments?post=9391"}],"wp:featuredmedia":[{"embeddable":true,"href":"https:\/\/rupa.lt\/en\/wp-json\/wp\/v2\/media\/9393"}],"wp:attachment":[{"href":"https:\/\/rupa.lt\/en\/wp-json\/wp\/v2\/media?parent=9391"}],"wp:term":[{"taxonomy":"product_brand","embeddable":true,"href":"https:\/\/rupa.lt\/en\/wp-json\/wp\/v2\/product_brand?post=9391"},{"taxonomy":"product_cat","embeddable":true,"href":"https:\/\/rupa.lt\/en\/wp-json\/wp\/v2\/product_cat?post=9391"},{"taxonomy":"product_tag","embeddable":true,"href":"https:\/\/rupa.lt\/en\/wp-json\/wp\/v2\/product_tag?post=9391"}],"curies":[{"name":"wp","href":"https:\/\/api.w.org\/{rel}","templated":true}]}}