{"id":9384,"date":"2023-02-28T09:25:22","date_gmt":"2023-02-28T07:25:22","guid":{"rendered":"https:\/\/rupa.lt\/?post_type=product&#038;p=9384"},"modified":"2024-08-09T15:01:41","modified_gmt":"2024-08-09T12:01:41","slug":"didelis-ovalus-alyvmedzio-sepetys","status":"publish","type":"product","link":"https:\/\/rupa.lt\/en\/product\/didelis-ovalus-alyvmedzio-sepetys\/","title":{"rendered":"Didelis ovalus alyvmed\u017eio \u0161epetys"},"content":{"rendered":"<p id=\"tw-target-text\" class=\"tw-data-text tw-text-large tw-ta\" dir=\"ltr\" data-placeholder=\"Translation\"><span class=\"Y2IQFc\" lang=\"lt\">Didelis ovalus alyvmed\u017eio \u0161epetys su \u012fprastais kai\u0161\u010diais, 22cm ilgio, 6cm plo\u010dio. Dantukai i\u0161 skroblo medienos FSC 100% sertifikuota.<\/span><\/p>","protected":false},"excerpt":{"rendered":"<p id=\"tw-target-text\" class=\"tw-data-text tw-text-large tw-ta\" dir=\"ltr\" data-placeholder=\"Translation\"><span class=\"Y2IQFc\" lang=\"lt\">Didelis ovalus alyvmed\u017eio \u0161epetys su \u012fprasto dyd\u017eio dantukais . Alyvmed\u017eio medienos rankena, skroblo med\u017eio kai\u0161\u010diai, grynos gumos pagalv\u0117. Idealiai tinka vis\u0173 tip\u0173 plaukams. Antistatinis \u2013 rank\u0173 darbo pagamintas Italijoje.<\/span><\/p>\n<p dir=\"ltr\" data-placeholder=\"Translation\">","protected":false},"featured_media":9386,"comment_status":"open","ping_status":"closed","template":"","meta":[],"product_brand":[],"product_cat":[103,249],"product_tag":[],"class_list":{"0":"post-9384","1":"product","2":"type-product","3":"status-publish","4":"has-post-thumbnail","6":"product_cat-tek","7":"product_cat-luxury-linija","9":"first","10":"outofstock","11":"shipping-taxable","12":"purchasable","13":"product-type-simple"},"_links":{"self":[{"href":"https:\/\/rupa.lt\/en\/wp-json\/wp\/v2\/product\/9384","targetHints":{"allow":["GET"]}}],"collection":[{"href":"https:\/\/rupa.lt\/en\/wp-json\/wp\/v2\/product"}],"about":[{"href":"https:\/\/rupa.lt\/en\/wp-json\/wp\/v2\/types\/product"}],"replies":[{"embeddable":true,"href":"https:\/\/rupa.lt\/en\/wp-json\/wp\/v2\/comments?post=9384"}],"wp:featuredmedia":[{"embeddable":true,"href":"https:\/\/rupa.lt\/en\/wp-json\/wp\/v2\/media\/9386"}],"wp:attachment":[{"href":"https:\/\/rupa.lt\/en\/wp-json\/wp\/v2\/media?parent=9384"}],"wp:term":[{"taxonomy":"product_brand","embeddable":true,"href":"https:\/\/rupa.lt\/en\/wp-json\/wp\/v2\/product_brand?post=9384"},{"taxonomy":"product_cat","embeddable":true,"href":"https:\/\/rupa.lt\/en\/wp-json\/wp\/v2\/product_cat?post=9384"},{"taxonomy":"product_tag","embeddable":true,"href":"https:\/\/rupa.lt\/en\/wp-json\/wp\/v2\/product_tag?post=9384"}],"curies":[{"name":"wp","href":"https:\/\/api.w.org\/{rel}","templated":true}]}}