{"id":9339,"date":"2023-02-27T21:52:24","date_gmt":"2023-02-27T19:52:24","guid":{"rendered":"https:\/\/rupa.lt\/?post_type=product&#038;p=9339"},"modified":"2026-03-29T18:13:39","modified_gmt":"2026-03-29T15:13:39","slug":"medinis-didelis-staciakampis-septys-su-ilgais-dantukais","status":"publish","type":"product","link":"https:\/\/rupa.lt\/en\/product\/medinis-didelis-staciakampis-septys-su-ilgais-dantukais\/","title":{"rendered":"Medinis didelis sta\u010diakampis \u0161eptys su ilgais dantukais"},"content":{"rendered":"<p>Medinis didelis sta\u010diakampis \u0161epetys su ilgais dantukais &#8211; 22 x 6,5 cm &#8211; pagamintas i\u0161 100% FSC\u00ae sertifikuotos uosio medienos. Nat\u016bralios medienos spalvos, apdorotas augaliniu va\u0161ku ir s\u0117men\u0173 aliejumi. VeganOK sertifikuotas produktas. Antistatinis, rank\u0173 darbo, pagamintas Italijoje. Ilgi dantukai gerai skverbsis per tankius plaukus prie galvos odos. Jei j\u016bs\u0173 plaukai tank\u016bs ir besipu\u010diantys, gaus\u016bs jums puikiai tiks \u0161is ar kitos formos \u0161epetys su ilgais dantukais.<\/p>","protected":false},"excerpt":{"rendered":"<p>Didelis platus sta\u010diakampis \u0161epetys i\u0161 uosio medienos su ilgais dantukais. Tinka ilgiems ir tankiems plaukams.<\/p>\n<p>&nbsp;<\/p>","protected":false},"featured_media":9340,"comment_status":"open","ping_status":"closed","template":"","meta":[],"product_brand":[],"product_cat":[103,248],"product_tag":[318,315,251,252,250,253],"class_list":{"0":"post-9339","1":"product","2":"type-product","3":"status-publish","4":"has-post-thumbnail","6":"product_cat-tek","7":"product_cat-natural-linija","8":"product_tag-1021-03","9":"product_tag-ilgiems-plaukams","10":"product_tag-medinis-platus-sepetys","11":"product_tag-naturalus","12":"product_tag-tek","13":"product_tag-vegan","15":"first","16":"instock","17":"shipping-taxable","18":"purchasable","19":"product-type-simple"},"_links":{"self":[{"href":"https:\/\/rupa.lt\/en\/wp-json\/wp\/v2\/product\/9339","targetHints":{"allow":["GET"]}}],"collection":[{"href":"https:\/\/rupa.lt\/en\/wp-json\/wp\/v2\/product"}],"about":[{"href":"https:\/\/rupa.lt\/en\/wp-json\/wp\/v2\/types\/product"}],"replies":[{"embeddable":true,"href":"https:\/\/rupa.lt\/en\/wp-json\/wp\/v2\/comments?post=9339"}],"wp:featuredmedia":[{"embeddable":true,"href":"https:\/\/rupa.lt\/en\/wp-json\/wp\/v2\/media\/9340"}],"wp:attachment":[{"href":"https:\/\/rupa.lt\/en\/wp-json\/wp\/v2\/media?parent=9339"}],"wp:term":[{"taxonomy":"product_brand","embeddable":true,"href":"https:\/\/rupa.lt\/en\/wp-json\/wp\/v2\/product_brand?post=9339"},{"taxonomy":"product_cat","embeddable":true,"href":"https:\/\/rupa.lt\/en\/wp-json\/wp\/v2\/product_cat?post=9339"},{"taxonomy":"product_tag","embeddable":true,"href":"https:\/\/rupa.lt\/en\/wp-json\/wp\/v2\/product_tag?post=9339"}],"curies":[{"name":"wp","href":"https:\/\/api.w.org\/{rel}","templated":true}]}}