{"id":9327,"date":"2023-02-27T09:22:06","date_gmt":"2023-02-27T07:22:06","guid":{"rendered":"https:\/\/rupa.lt\/?post_type=product&#038;p=9327"},"modified":"2023-03-23T10:16:07","modified_gmt":"2023-03-23T08:16:07","slug":"ivairiu-spalvu-nedidelis-plauku-sepetys","status":"publish","type":"product","link":"https:\/\/rupa.lt\/en\/product\/ivairiu-spalvu-nedidelis-plauku-sepetys\/","title":{"rendered":"\u012evairi\u0173 spalv\u0173 nedidelis plauk\u0173 \u0161epetys"},"content":{"rendered":"<p id=\"tw-target-text\" class=\"tw-data-text tw-text-large tw-ta\" dir=\"ltr\" data-placeholder=\"Translation\"><span class=\"Y2IQFc\" lang=\"lt\">Ma\u017eas ovalus rankin\u0117s plauk\u0173 \u0161epetys, trumpi \u0161ereliai \u2013 i\u0161matavimai 15,5 x 4,7 cm \u2013 rankena i\u0161 100% FSC\u00ae sertifikuotos uosio medienos, be tirpikli\u0173. Visi Tek naudojami da\u017eai yra vandens pagrindu, netoksi\u0161ki ir hipoalergi\u0161ki. Plauk\u0173 \u0161epet\u012f sudaro karnaubo augaliniu va\u0161ku ir s\u0117men\u0173 aliejumi apdorota rankena, 100% FSC\u00ae sertifikuoti rie\u0161o medienos \u0161ereliai ir grynos baltos gumos pagalv\u0117l\u0117s pagrindas. Jis tinka vis\u0173 tip\u0173 plaukams ir yra prakti\u0161kas keliaujant ar rankin\u0117je. Antistatinis ir rank\u0173 darbo Italijoje.<\/span><\/p>","protected":false},"excerpt":{"rendered":"<p id=\"tw-target-text\" class=\"tw-data-text tw-text-large tw-ta\" dir=\"ltr\" data-placeholder=\"Translation\"><span class=\"Y2IQFc\" lang=\"lt\">Ma\u017eas ovalus medinis rankin\u0117s plauk\u0173 \u0161epetys i\u0161 uosio medienos. Tinka vis\u0173 tip\u0173 plaukams. Prakti\u0161ka kelion\u0117je arba rankin\u0117je. Taip pat puiki dovana. Ro\u017einis, Orand\u017einis, \u017dydras, Raudonas, Salotinis.<\/span><\/p>","protected":false},"featured_media":9346,"comment_status":"open","ping_status":"closed","template":"","meta":[],"product_brand":[],"product_cat":[103,247],"product_tag":[],"class_list":{"0":"post-9327","1":"product","2":"type-product","3":"status-publish","4":"has-post-thumbnail","6":"product_cat-tek","7":"product_cat-color-linija","9":"first","10":"instock","11":"shipping-taxable","12":"purchasable","13":"product-type-variable"},"_links":{"self":[{"href":"https:\/\/rupa.lt\/en\/wp-json\/wp\/v2\/product\/9327","targetHints":{"allow":["GET"]}}],"collection":[{"href":"https:\/\/rupa.lt\/en\/wp-json\/wp\/v2\/product"}],"about":[{"href":"https:\/\/rupa.lt\/en\/wp-json\/wp\/v2\/types\/product"}],"replies":[{"embeddable":true,"href":"https:\/\/rupa.lt\/en\/wp-json\/wp\/v2\/comments?post=9327"}],"wp:featuredmedia":[{"embeddable":true,"href":"https:\/\/rupa.lt\/en\/wp-json\/wp\/v2\/media\/9346"}],"wp:attachment":[{"href":"https:\/\/rupa.lt\/en\/wp-json\/wp\/v2\/media?parent=9327"}],"wp:term":[{"taxonomy":"product_brand","embeddable":true,"href":"https:\/\/rupa.lt\/en\/wp-json\/wp\/v2\/product_brand?post=9327"},{"taxonomy":"product_cat","embeddable":true,"href":"https:\/\/rupa.lt\/en\/wp-json\/wp\/v2\/product_cat?post=9327"},{"taxonomy":"product_tag","embeddable":true,"href":"https:\/\/rupa.lt\/en\/wp-json\/wp\/v2\/product_tag?post=9327"}],"curies":[{"name":"wp","href":"https:\/\/api.w.org\/{rel}","templated":true}]}}