{"id":9304,"date":"2023-02-23T14:03:06","date_gmt":"2023-02-23T12:03:06","guid":{"rendered":"https:\/\/rupa.lt\/?post_type=product&#038;p=9304"},"modified":"2023-10-27T23:28:59","modified_gmt":"2023-10-27T20:28:59","slug":"masazinis-medinis-sepetys","status":"publish","type":"product","link":"https:\/\/rupa.lt\/en\/product\/masazinis-medinis-sepetys\/","title":{"rendered":"Masa\u017einis medinis \u0161epetys"},"content":{"rendered":"<p>Masa\u017einis medinis \u0161epetys su medvilniniu dir\u017eeliu ir \u012fprastais smeigtukais, 8,5 cm ilgio, 5cm plo\u010dio. Pagaminta i\u0161 uosio medienos- FSC 100% sertifikuota. Rankena apdorota s\u0117men\u0173 aliejumi ir augaliniu karnaubo va\u0161ku. Vidutinio ilgio dantukai pagaminti i\u0161 skroblo medienos FSC 100% sertifikuota. Juoda grynos gumos pagalv\u0117l\u0117. Idealiai tinka galvos odai masa\u017euoti, taip pat losjonams ir balzamams tepti po du\u0161u. VeganOK sertifikuotas produktas. Antistatikas \u2013 rank\u0173 darbo \u0161epetys pagamintas Italijoje.<\/p>","protected":false},"excerpt":{"rendered":"<p>Masa\u017einis medinis \u0161epetys su medvilniniu dir\u017eeliu ir vidutinio ilgio skroblo medienos dantukais. Uosio medienos rankena. Idealiai tinka galvos odos masa\u017eui. Antistatinis \u2013 rank\u0173 darbo \u0161epetys pagamintas Italijoje.<\/p>","protected":false},"featured_media":9305,"comment_status":"open","ping_status":"closed","template":"","meta":[],"product_brand":[],"product_cat":[273,103,248],"product_tag":[312,313,257,314,250,261,253],"class_list":{"0":"post-9304","1":"product","2":"type-product","3":"status-publish","4":"has-post-thumbnail","6":"product_cat-dovanuidejos","7":"product_cat-tek","8":"product_cat-natural-linija","9":"product_tag-1960-03","10":"product_tag-masazinis","11":"product_tag-medinis-sepetys","12":"product_tag-plastic-free","13":"product_tag-tek","14":"product_tag-universalus","15":"product_tag-vegan","17":"first","18":"instock","19":"shipping-taxable","20":"purchasable","21":"product-type-simple"},"_links":{"self":[{"href":"https:\/\/rupa.lt\/en\/wp-json\/wp\/v2\/product\/9304","targetHints":{"allow":["GET"]}}],"collection":[{"href":"https:\/\/rupa.lt\/en\/wp-json\/wp\/v2\/product"}],"about":[{"href":"https:\/\/rupa.lt\/en\/wp-json\/wp\/v2\/types\/product"}],"replies":[{"embeddable":true,"href":"https:\/\/rupa.lt\/en\/wp-json\/wp\/v2\/comments?post=9304"}],"wp:featuredmedia":[{"embeddable":true,"href":"https:\/\/rupa.lt\/en\/wp-json\/wp\/v2\/media\/9305"}],"wp:attachment":[{"href":"https:\/\/rupa.lt\/en\/wp-json\/wp\/v2\/media?parent=9304"}],"wp:term":[{"taxonomy":"product_brand","embeddable":true,"href":"https:\/\/rupa.lt\/en\/wp-json\/wp\/v2\/product_brand?post=9304"},{"taxonomy":"product_cat","embeddable":true,"href":"https:\/\/rupa.lt\/en\/wp-json\/wp\/v2\/product_cat?post=9304"},{"taxonomy":"product_tag","embeddable":true,"href":"https:\/\/rupa.lt\/en\/wp-json\/wp\/v2\/product_tag?post=9304"}],"curies":[{"name":"wp","href":"https:\/\/api.w.org\/{rel}","templated":true}]}}