{"id":9168,"date":"2023-01-12T16:29:23","date_gmt":"2023-01-12T14:29:23","guid":{"rendered":"https:\/\/rupa.lt\/?post_type=product&#038;p=9168"},"modified":"2025-12-05T19:41:35","modified_gmt":"2025-12-05T17:41:35","slug":"oway-smoothing-fluid","status":"publish","type":"product","link":"https:\/\/rupa.lt\/en\/product\/oway-smoothing-fluid\/","title":{"rendered":"OWAY &#8211; SMOOTHING FLUID- glotninantis fluidas"},"content":{"rendered":"<p><strong>NAUDOJIMAS:<\/strong> Paskirstykite ant dr\u0117gn\u0173 plauk\u0173 per vis\u0105 plauk\u0173 ilg\u012f iki galiuk\u0173. Norint maksimalaus rezultato d\u017eiovinkite d\u017eiovintuvu ir tiesinimo \u017enypl\u0117mis.<\/p>\n<p><strong>AROMAT\u0172 PUOK\u0160T\u0116:<\/strong>\u00a0KEDRAS, BERGAMOT\u0116, ARBATMEDIS, KVAPUSIS KANARIS IR KVAPIOJI BURSERA<\/p>\n<p><strong>Patarimai<\/strong><\/p>\n<p>4 \u017dingsniai norint i\u0161gauti tiesi\u0173 ir glotni\u0173 plauk\u0173 efekt\u0105:<\/p>\n<ol>\n<li>GLOTNINANTI PLAUK\u0172 VONEL\u0116.<\/li>\n<li>GLOTNINANTIS KONDICIONIERIUS. Plaukai padengiami kondicionieriumi naudojant \u0161ukas, paliekami 3-5 minutes, o po to kruop\u0161\u010diai nuskalaujami.<\/li>\n<li>GLOTNINANTIS KREMAS (NENUSKALAUJAMAS) GLOTNINANTIS FLUIDAS (NENUSKALAUJAMAS). Vidutini\u0161kai storus plaukus dar dr\u0117gnus padenkite tiesinan\u010diu kremu SMOOTHING CREAM ir tiesinan\u010diu fluidu SMOOTHING FLUID masa\u017euojamaisiais judesiais per vis\u0105 plauk\u0173 ilg\u012f, kad priemon\u0117s geriau \u012fsigert\u0173. \/\/ Normalius plaukus padenkite tiesinan\u010diu kremu SMOOTHING CREAM prie\u0161 d\u017eiovinim\u0105, o tiesinan\u010diu fluidu SMOOTHING FLUID paskutinio \u0161ukuosenos formavimo etapu. \/\/ Plonus plaukus padenkite tiesinan\u010diu fuidu SMOOTHING FLUID prie\u0161 d\u017eiovinim\u0105 ir kremo nenaudokite, bet jeigu plauk\u0173 b\u016bkl\u0117 bloga ir jiems reikia u\u017epyldymo gali prireikti ir kremo.<\/li>\n<li>Plaukai i\u0161d\u017eiovinami ir tiesinami naudojant tiesinimo \u017enyples.<\/li>\n<\/ol>\n<p>&nbsp;<\/p>\n<div class=\"row inner inner-row d-flex justify-content-left row-certificazioni\">\n<div class=\"col-md-2 col-4\"><\/div>\n<\/div>\n<div class=\"row inner inner-row\">\n<div class=\"col-12 ow-formulas\">\n<div class=\"cta-underline\"><\/div>\n<\/div>\n<\/div>\n<p><strong>INCI<\/strong><strong>: Cyclopentasiloxane, Cyclohexasiloxane, Dimethiconol, Rosa Damascena Flower Extract BD, Carum Carvi (Caraway) Seed Extract O, Adansonia Digitata Seed Oil FT, Citrus Aurantium Amara (Bitter Orange) Leaf\/ Twig Oil EO, Citrus Aurantium Bergamia (Bergamot) Extract ND, Citrus Nobilis (Mandarin Orange) Peel Oil EO, Coriandrum Sativum (Coriander) Fruit Oil EO, Elettaria Cardamomum (Cardamom) Extract ND, Myristica Fragrans (Nutmeg) Extract ND, Helianthus Annuus (Sunflower) Seed Oil ND, Citrus Aurantium Bergamia (Bergamot) Fruit Oil EO, Pelargonium Graveolens Oil EO, Piper Nigrum (Pepper) Fruit Oil EO, Pogostemon Cablin (Patchouli) Extract ND, 3-Hexenol, Gamma-Undecalactone ND, Amodimethicone, Triethyl Citrate ND, Phenethyl Alcohol ND, Tocopherol ND, Limonene ND, Linalool ND<\/strong><\/p>","protected":false},"excerpt":{"rendered":"<p class=\"product_title entry-title\">OWAY smoothing fluid &#8211; glotninantis fluidas suteikia skaistumo ir mink\u0161tumo. Mink\u0161tina neapsunkindamas plauk\u0173. Atsparus kar\u0161\u010diui, apsaugantis plauk\u0105 nuo plauk\u0173 d\u017eiovintuvo ir tiesinimo \u017enypli\u0173 poveikio.<\/p>\n<p>&nbsp;<\/p>","protected":false},"featured_media":9173,"comment_status":"open","ping_status":"closed","template":"","meta":[],"product_brand":[],"product_cat":[280,283],"product_tag":[284,299,300],"class_list":{"0":"post-9168","1":"product","2":"type-product","3":"status-publish","4":"has-post-thumbnail","6":"product_cat-oway","7":"product_cat-oway-formavimo-priemones","8":"product_tag-oway","9":"product_tag-oway-aliejukas","10":"product_tag-zvilgesiui-suteikti","12":"first","13":"onbackorder","14":"shipping-taxable","15":"purchasable","16":"product-type-simple"},"_links":{"self":[{"href":"https:\/\/rupa.lt\/en\/wp-json\/wp\/v2\/product\/9168","targetHints":{"allow":["GET"]}}],"collection":[{"href":"https:\/\/rupa.lt\/en\/wp-json\/wp\/v2\/product"}],"about":[{"href":"https:\/\/rupa.lt\/en\/wp-json\/wp\/v2\/types\/product"}],"replies":[{"embeddable":true,"href":"https:\/\/rupa.lt\/en\/wp-json\/wp\/v2\/comments?post=9168"}],"wp:featuredmedia":[{"embeddable":true,"href":"https:\/\/rupa.lt\/en\/wp-json\/wp\/v2\/media\/9173"}],"wp:attachment":[{"href":"https:\/\/rupa.lt\/en\/wp-json\/wp\/v2\/media?parent=9168"}],"wp:term":[{"taxonomy":"product_brand","embeddable":true,"href":"https:\/\/rupa.lt\/en\/wp-json\/wp\/v2\/product_brand?post=9168"},{"taxonomy":"product_cat","embeddable":true,"href":"https:\/\/rupa.lt\/en\/wp-json\/wp\/v2\/product_cat?post=9168"},{"taxonomy":"product_tag","embeddable":true,"href":"https:\/\/rupa.lt\/en\/wp-json\/wp\/v2\/product_tag?post=9168"}],"curies":[{"name":"wp","href":"https:\/\/api.w.org\/{rel}","templated":true}]}}