{"id":9164,"date":"2023-01-12T15:46:32","date_gmt":"2023-01-12T13:46:32","guid":{"rendered":"https:\/\/rupa.lt\/?post_type=product&#038;p=9164"},"modified":"2025-12-05T19:33:32","modified_gmt":"2025-12-05T17:33:32","slug":"oway-smoothing-cream","status":"publish","type":"product","link":"https:\/\/rupa.lt\/en\/product\/oway-smoothing-cream\/","title":{"rendered":"OWAY &#8211; SMOOTHING CREAM- glotninantis kremas"},"content":{"rendered":"<p>\u2022 Pagreitina tiesi\u0173 plauk\u0173 \u0161ukuosen\u0173 formavim\u0105. \u2022 Idealiai tinka sunkiai tramdomiems plaukams. \u2022 \u0160i nenuplaunama priemon\u0117 padengia plaukus apsauginiu sluoksniu, saugan\u010diu nuo terminio ir aplinkos streso.<\/p>\n<p><strong>AROMAT\u0172 PUOK\u0160T\u0116:<\/strong> KEDRAS, BERGAMOT\u0116, ARBATMEDIS, KVAPUSIS KANARIS IR KVAPIOJI BURSERA<\/p>\n<p><strong>NAUDOJIMAS:<\/strong> Paskirstykite ant \u0161vari\u0173, dr\u0117gn\u0173 plauk\u0173, masa\u017euojamaisiais judesiais per vis\u0105 plauk\u0173 ilg\u012f. Toliau formuokite \u0161ukuosen\u0105, kaip \u012fprasta<\/p>\n<p><strong>Patarimai<\/strong><\/p>\n<p>4 \u017dingsniai norint i\u0161gauti tiesi\u0173 ir glotni\u0173 plauk\u0173 efekt\u0105:<\/p>\n<ol>\n<li>GLOTNINANTI PLAUK\u0172 VONEL\u0116.<\/li>\n<li>GLOTNINANTIS KONDICIONIERIUS. Plaukai padengiami kondicionieriumi naudojant \u0161ukas, paliekami 3-5 minutes, o po to kruop\u0161\u010diai nuskalaujami.<\/li>\n<li>GLOTNINANTIS KREMAS (NENUSKALAUJAMAS) GLOTNINANTIS FLUIDAS (NENUSKALAUJAMAS). Vidutini\u0161kai storus plaukus dar dr\u0117gnus padenkite tiesinan\u010diu kremu SMOOTHING CREAM ir tiesinan\u010diu fluidu SMOOTHING FLUID masa\u017euojamaisiais judesiais per vis\u0105 plauk\u0173 ilg\u012f, kad priemon\u0117s geriau \u012fsigert\u0173. \/\/ Normalius plaukus padenkite tiesinan\u010diu kremu SMOOTHING CREAM prie\u0161 d\u017eiovinim\u0105, o tiesinan\u010diu fluidu SMOOTHING FLUID paskutinio \u0161ukuosenos formavimo etapu. \/\/ Plonus plaukus padenkite tiesinan\u010diu fuidu SMOOTHING FLUID prie\u0161 d\u017eiovinim\u0105 ir kremo nenaudokite, bet jeigu plauk\u0173 b\u016bkl\u0117 bloga ir jiems reikia u\u017epyldymo gali prireikti ir kremo.<\/li>\n<li>Plaukai i\u0161d\u017eiovinami ir tiesinami naudojant tiesinimo \u017enyples.<\/li>\n<\/ol>\n<p>&nbsp;<\/p>\n<p><strong>INCI: <\/strong>Aqua\/Water\/Eau OZ, Cyclopentasiloxane, Caprylic\/Capric Triglyceride ND Cyclohexasiloxane ND, Dimethicone, Polyacrylamide, Phenyl Trimethicone, Carum Carvi (Caraway) Seed Extract O, Rosa Damascena Flower Extract BD, Adansonia Digitata Seed Oil FT, Pentaclethra Macroloba Seed Oil O, Citrus Aurantium Bergamia (Bergamot) Fruit Oil EO, Citrus Aurantium Amara (Bitter Orange) Leaf\/ Twig Oil EO, Citrus Aurantium Bergamia (Bergamot) Extract ND, Citrus Nobilis (Mandarin Orange) Peel Oil EO, Coriandrum Sativum (Coriander) Fruit Oil EO, Elettaria Cardamomum (Cardmom) Extract ND, Myristica Fragrans (Nutmeg) Extract ND, Pelargonium Graveolens Oil EO, Piper Nigrum (Pepper) Fruit Oil EO, Pogostemon Cablin (Patchouli) Extract ND, Dimethiconol, Divinyldimethicone\/Dimethicone Copolymer, C13-14 Isoparaffin, 3-Hexenol ND, Gamma-Undecalactone ND, Amodimethicone\/Morpholinomethyl Silsesquioxane Copolymer, Trideceth-5 Laureth-7, Ethylhexylglycerin, Polyquaternium-7, Phenethyl Alcohol ND, Triethyl Citrate ND, Glycerin ND, Tocopherol ND, Citric Acid ND, Sodium Benzoate, Potassium Sorbate, Benzyl Alcohol, Linalool ND, Limonene ND<\/p>\n<p>&nbsp;<\/p>\n<div class=\"row inner inner-row d-flex justify-content-left row-certificazioni\">\n<div class=\"col-md-2 col-4\"><\/div>\n<\/div>\n<div class=\"row inner inner-row\">\n<div class=\"col-12 ow-formulas\">\n<div class=\"cta-underline\"><\/div>\n<\/div>\n<\/div>","protected":false},"excerpt":{"rendered":"<p class=\"product_title entry-title\">OWAY smoothing cream &#8211; NENUSKALAUJAMAS PAPILDOMAI GLOTNINANTIS KREMAS. Intensyviai glotnina. Stiprina plauko strukt\u016br\u0105 apsaugodamas nuo kar\u0161\u010dio \u0161altini\u0173. Suteikia lankstumo ir palengvina \u0161ukavim\u0105.<\/p>","protected":false},"featured_media":9165,"comment_status":"open","ping_status":"closed","template":"","meta":[],"product_brand":[],"product_cat":[280,283],"product_tag":[284,309],"class_list":{"0":"post-9164","1":"product","2":"type-product","3":"status-publish","4":"has-post-thumbnail","6":"product_cat-oway","7":"product_cat-oway-formavimo-priemones","8":"product_tag-oway","9":"product_tag-smoothing","11":"first","12":"onbackorder","13":"shipping-taxable","14":"purchasable","15":"product-type-simple"},"_links":{"self":[{"href":"https:\/\/rupa.lt\/en\/wp-json\/wp\/v2\/product\/9164","targetHints":{"allow":["GET"]}}],"collection":[{"href":"https:\/\/rupa.lt\/en\/wp-json\/wp\/v2\/product"}],"about":[{"href":"https:\/\/rupa.lt\/en\/wp-json\/wp\/v2\/types\/product"}],"replies":[{"embeddable":true,"href":"https:\/\/rupa.lt\/en\/wp-json\/wp\/v2\/comments?post=9164"}],"wp:featuredmedia":[{"embeddable":true,"href":"https:\/\/rupa.lt\/en\/wp-json\/wp\/v2\/media\/9165"}],"wp:attachment":[{"href":"https:\/\/rupa.lt\/en\/wp-json\/wp\/v2\/media?parent=9164"}],"wp:term":[{"taxonomy":"product_brand","embeddable":true,"href":"https:\/\/rupa.lt\/en\/wp-json\/wp\/v2\/product_brand?post=9164"},{"taxonomy":"product_cat","embeddable":true,"href":"https:\/\/rupa.lt\/en\/wp-json\/wp\/v2\/product_cat?post=9164"},{"taxonomy":"product_tag","embeddable":true,"href":"https:\/\/rupa.lt\/en\/wp-json\/wp\/v2\/product_tag?post=9164"}],"curies":[{"name":"wp","href":"https:\/\/api.w.org\/{rel}","templated":true}]}}