{"id":8749,"date":"2022-08-31T10:58:35","date_gmt":"2022-08-31T07:58:35","guid":{"rendered":"https:\/\/rupa.lt\/?post_type=product&#038;p=8749"},"modified":"2026-02-18T10:40:16","modified_gmt":"2026-02-18T08:40:16","slug":"oway-volumazing-hair-bath-apimties-suteikiantis-sampunas","status":"publish","type":"product","link":"https:\/\/rupa.lt\/en\/product\/oway-volumazing-hair-bath-apimties-suteikiantis-sampunas\/","title":{"rendered":"OWAY- VOLUMAZING HAIR BATH- apimties suteikiantis \u0161amp\u016bnas"},"content":{"rendered":"<p><strong>NAUDOJIMAS:<\/strong> Paskirstykite ant dr\u0117gn\u0173 plauk\u0173, \u012ftrinkite masa\u017euojamaisiais judesiais ir nuskalaukite. Jei reikia, proced\u016br\u0105 pakartokite.<\/p>\n<p><strong>Aromat\u0173 puok\u0161t\u0117: mandarinai, medetkos, pelargonijos, kalendros.<\/strong><\/p>\n<p><strong>AR \u017dINOJOTE?<\/strong> Aminor\u016bg\u0161\u010di\u0173 kosurfaktantas suteikia plaukams form\u0105 ir apimties ir sudaro s\u0105lygas plauk\u0173 prisotinimui deguonimi. Medviln\u0117s s\u0117kl\u0173 aliejus, d\u0117l savo nedidelio molekulinio svorio u\u017etikrina reikiam\u0105 galvos odos ir plauk\u0173 dr\u0117kinimo lyg\u012f neapsunkinant plauk\u0173.<\/p>\n<h2 class=\"yikes-custom-woo-tab-title yikes-custom-woo-tab-title-aktyvus-ingredientai\">Aktyv\u016bs ingredientai<\/h2>\n<p><strong><br \/>\n<img loading=\"lazy\" decoding=\"async\" class=\"alignleft size-thumbnail wp-image-5409 entered lazyloaded\" src=\"https:\/\/karera.lt\/wp-content\/uploads\/2021\/04\/ACHILLEAAA-150x150.png\" sizes=\"auto, (max-width: 150px) 100vw, 150px\" srcset=\"https:\/\/karera.lt\/wp-content\/uploads\/2021\/04\/ACHILLEAAA-150x150.png 150w, https:\/\/karera.lt\/wp-content\/uploads\/2021\/04\/ACHILLEAAA-300x300.png 300w, https:\/\/karera.lt\/wp-content\/uploads\/2021\/04\/ACHILLEAAA.png 500w\" alt=\"\" width=\"150\" height=\"150\" data-lazy-srcset=\"https:\/\/karera.lt\/wp-content\/uploads\/2021\/04\/ACHILLEAAA-150x150.png 150w, https:\/\/karera.lt\/wp-content\/uploads\/2021\/04\/ACHILLEAAA-300x300.png 300w, https:\/\/karera.lt\/wp-content\/uploads\/2021\/04\/ACHILLEAAA.png 500w\" data-lazy-sizes=\"(max-width: 150px) 100vw, 150px\" data-lazy-src=\"https:\/\/karera.lt\/wp-content\/uploads\/2021\/04\/ACHILLEAAA-150x150.png\" data-ll-status=\"loaded\" \/><br \/>\nBIODINAMINIS KRAUJA\u017dOL\u0116S EKSTRAKTAS<\/strong><strong><br \/>\n<\/strong>Krauja\u017eol\u0117 stimuliuoja kraujotak\u0105 galvos odoje ir sveik\u0173 plauk\u0173 augim\u0105. Tok\u012f poveik\u012f lemia krauja\u017eol\u0117je esantys flavonoidai, kurie padeda i\u0161laikyti sveik\u0105 plauk\u0173 strukt\u016br\u0105.<\/p>\n<p>&nbsp;<\/p>\n<p><strong><img loading=\"lazy\" decoding=\"async\" class=\"alignleft size-thumbnail wp-image-5410 entered lazyloaded\" src=\"https:\/\/karera.lt\/wp-content\/uploads\/2021\/04\/AVENAAA-150x150.png\" sizes=\"auto, (max-width: 150px) 100vw, 150px\" srcset=\"https:\/\/karera.lt\/wp-content\/uploads\/2021\/04\/AVENAAA-150x150.png 150w, https:\/\/karera.lt\/wp-content\/uploads\/2021\/04\/AVENAAA-300x300.png 300w, https:\/\/karera.lt\/wp-content\/uploads\/2021\/04\/AVENAAA.png 500w\" alt=\"\" width=\"150\" height=\"150\" data-lazy-srcset=\"https:\/\/karera.lt\/wp-content\/uploads\/2021\/04\/AVENAAA-150x150.png 150w, https:\/\/karera.lt\/wp-content\/uploads\/2021\/04\/AVENAAA-300x300.png 300w, https:\/\/karera.lt\/wp-content\/uploads\/2021\/04\/AVENAAA.png 500w\" data-lazy-sizes=\"(max-width: 150px) 100vw, 150px\" data-lazy-src=\"https:\/\/karera.lt\/wp-content\/uploads\/2021\/04\/AVENAAA-150x150.png\" data-ll-status=\"loaded\" \/>ETINIAIS PRINCIPAIS VADOVAUJANTIS U\u017dAUGINT\u0172 VIOLETINI\u0172 RY\u017dI\u0172 EKSTRAKTAS<\/strong><br \/>\nVioletiniai ry\u017eiai, dar vadinami\u00a0<em>Khao Gram<\/em>, kil\u0119 i\u0161 tropini\u0173 ir subtropini\u0173 piet\u0173 Azijos \u0161ali\u0173. Juose itin gausu antocianidin\u0173, kurie ir suteikia jiems t\u0105 charaktering\u0105 violetin\u0119 spalv\u0105, pasi\u017eymin\u010di\u0173 stipriu antioksidaciniu poveikiu, padedan\u010diu apsaugoti plaukus nuo agresyvi\u0173 i\u0161or\u0117s veiksni\u0173.<\/p>\n<p>&nbsp;<\/p>\n<p><strong><img loading=\"lazy\" decoding=\"async\" class=\"alignleft size-thumbnail wp-image-5411 entered lazyloaded\" src=\"https:\/\/karera.lt\/wp-content\/uploads\/2021\/04\/ZENZEROOO-150x150.png\" sizes=\"auto, (max-width: 150px) 100vw, 150px\" srcset=\"https:\/\/karera.lt\/wp-content\/uploads\/2021\/04\/ZENZEROOO-150x150.png 150w, https:\/\/karera.lt\/wp-content\/uploads\/2021\/04\/ZENZEROOO-300x300.png 300w, https:\/\/karera.lt\/wp-content\/uploads\/2021\/04\/ZENZEROOO.png 500w\" alt=\"\" width=\"150\" height=\"150\" data-lazy-srcset=\"https:\/\/karera.lt\/wp-content\/uploads\/2021\/04\/ZENZEROOO-150x150.png 150w, https:\/\/karera.lt\/wp-content\/uploads\/2021\/04\/ZENZEROOO-300x300.png 300w, https:\/\/karera.lt\/wp-content\/uploads\/2021\/04\/ZENZEROOO.png 500w\" data-lazy-sizes=\"(max-width: 150px) 100vw, 150px\" data-lazy-src=\"https:\/\/karera.lt\/wp-content\/uploads\/2021\/04\/ZENZEROOO-150x150.png\" data-ll-status=\"loaded\" \/><br \/>\nEKOLOGI\u0160KAS IMBIERO EKSTRAKTAS<\/strong><br \/>\nStiprina plaukus stimuliuodamas mikrocirkuliacij\u0105, tod\u0117l d\u0117l geresn\u0117s kraujotakos geriau absorbuojamos naudingos med\u017eiagos. Pagal ajurvedin\u0119 tradicij\u0105 imbieras laikomas plauk\u0173 augim\u0105 simuliuojan\u010diu prieskoniu.<\/p>\n<div data-wp-editing=\"1\"><\/div>\n<div data-wp-editing=\"1\"><\/div>\n<div data-wp-editing=\"1\"><\/div>\n<div data-wp-editing=\"1\"><\/div>\n<div data-wp-editing=\"1\"><\/div>\n<div data-wp-editing=\"1\"><img loading=\"lazy\" decoding=\"async\" class=\"aligncenter\" src=\"https:\/\/karera.lt\/wp-content\/uploads\/2021\/12\/galutinis-pav.-1024x279.png\" alt=\"\" width=\"1024\" height=\"279\" \/><\/div>\n<div data-wp-editing=\"1\"><\/div>\n<div data-wp-editing=\"1\"><\/div>\n<div data-wp-editing=\"1\"><\/div>\n<div data-wp-editing=\"1\"><\/div>\n<div data-wp-editing=\"1\"><\/div>\n<div data-wp-editing=\"1\"><\/div>","protected":false},"excerpt":{"rendered":"<p><strong>OWAY volumizing hair bath &#8211; <\/strong>T\u016aRIO SUTEKIANTIS PLAUK\u0172 \u0160AMP\u016aNAS valo ir stiprina bei suteikia apimties trapiems, silpniems plaukams. Neutralizuoja statin\u0117s elektros poveik\u012f. Pakelia plaukus nuo \u0161akn\u0173 ir suteikia lengvumo per vis\u0105 plauk\u0173 ilg\u012f.<\/p>\n<p>&nbsp;<\/p>\n<p><strong>240ml- stikliniame buteliuke<\/strong><\/p>\n<p>&nbsp;<\/p>\n<ul class=\"grid grid-cols-2 gap-x-3 gap-y-5 md:gap-y-2\">\n<li class=\"paragraph-2 relative flex items-center pl-3 font-sans leading-4 opacity-50 before:absolute before:left-0 before:top-1\/2 before:size-1 before:-translate-y-1\/2 before:rounded-full before:bg-oway-dark\"><span class=\"inline-block\">Agricosmetica\u00ae<\/span><\/li>\n<li class=\"paragraph-2 relative flex items-center pl-3 font-sans leading-4 opacity-50 before:absolute before:left-0 before:top-1\/2 before:size-1 before:-translate-y-1\/2 before:rounded-full before:bg-oway-dark\"><span class=\"inline-block\">Eteriniai aliejai<\/span><\/li>\n<li class=\"paragraph-2 relative flex items-center pl-3 font-sans leading-4 opacity-50 before:absolute before:left-0 before:top-1\/2 before:size-1 before:-translate-y-1\/2 before:rounded-full before:bg-oway-dark\"><span class=\"inline-block\">Stiklas ir Aliuminis<\/span><\/li>\n<li class=\"paragraph-2 relative flex items-center pl-3 font-sans leading-4 opacity-50 before:absolute before:left-0 before:top-1\/2 before:size-1 before:-translate-y-1\/2 before:rounded-full before:bg-oway-dark\"><span class=\"inline-block\">Pagaminta Italijoje<\/span><\/li>\n<li class=\"paragraph-2 relative flex items-center pl-3 font-sans leading-4 opacity-50 before:absolute before:left-0 before:top-1\/2 before:size-1 before:-translate-y-1\/2 before:rounded-full before:bg-oway-dark\"><span class=\"inline-block\">S\u0105moningai sukurta<\/span><\/li>\n<li class=\"paragraph-2 relative flex items-center pl-3 font-sans leading-4 opacity-50 before:absolute before:left-0 before:top-1\/2 before:size-1 before:-translate-y-1\/2 before:rounded-full before:bg-oway-dark\"><span class=\"inline-block\">Profesionalus produktas<\/span><\/li>\n<\/ul>\n<p><em><a href=\"https:\/\/rupa.lt\/en\/product\/nerudijancio-plieno-dozatorius\/\" rel=\"noopener\">\u012esigyti metalin\u012f dozatori\u0173 prie buteliuko<\/a><\/em><\/p>\n<p>&nbsp;<\/p>","protected":false},"featured_media":8750,"comment_status":"open","ping_status":"closed","template":"","meta":[],"product_brand":[],"product_cat":[280,281],"product_tag":[341,285,342,40,308],"class_list":{"0":"post-8749","1":"product","2":"type-product","3":"status-publish","4":"has-post-thumbnail","6":"product_cat-oway","7":"product_cat-oway-sampunai","8":"product_tag-apimtis","9":"product_tag-oraganiskas","10":"product_tag-ploniems-plaukams","11":"product_tag-sampunas","12":"product_tag-suteikia-apimties","14":"first","15":"instock","16":"shipping-taxable","17":"purchasable","18":"product-type-variable"},"_links":{"self":[{"href":"https:\/\/rupa.lt\/en\/wp-json\/wp\/v2\/product\/8749","targetHints":{"allow":["GET"]}}],"collection":[{"href":"https:\/\/rupa.lt\/en\/wp-json\/wp\/v2\/product"}],"about":[{"href":"https:\/\/rupa.lt\/en\/wp-json\/wp\/v2\/types\/product"}],"replies":[{"embeddable":true,"href":"https:\/\/rupa.lt\/en\/wp-json\/wp\/v2\/comments?post=8749"}],"wp:featuredmedia":[{"embeddable":true,"href":"https:\/\/rupa.lt\/en\/wp-json\/wp\/v2\/media\/8750"}],"wp:attachment":[{"href":"https:\/\/rupa.lt\/en\/wp-json\/wp\/v2\/media?parent=8749"}],"wp:term":[{"taxonomy":"product_brand","embeddable":true,"href":"https:\/\/rupa.lt\/en\/wp-json\/wp\/v2\/product_brand?post=8749"},{"taxonomy":"product_cat","embeddable":true,"href":"https:\/\/rupa.lt\/en\/wp-json\/wp\/v2\/product_cat?post=8749"},{"taxonomy":"product_tag","embeddable":true,"href":"https:\/\/rupa.lt\/en\/wp-json\/wp\/v2\/product_tag?post=8749"}],"curies":[{"name":"wp","href":"https:\/\/api.w.org\/{rel}","templated":true}]}}