{"id":873,"date":"2016-04-20T20:28:56","date_gmt":"2016-04-20T17:28:56","guid":{"rendered":"http:\/\/ekokirpeja.lt\/?post_type=product&#038;p=873"},"modified":"2020-03-03T20:21:38","modified_gmt":"2020-03-03T18:21:38","slug":"skystas-korekcinis-piestukas","status":"publish","type":"product","link":"https:\/\/rupa.lt\/en\/product\/skystas-korekcinis-piestukas\/","title":{"rendered":"Skystas korekcinis pie\u0161tukas"},"content":{"rendered":"","protected":false},"excerpt":{"rendered":"<h2>| Face | Concealer<\/h2>\n<p><strong>Skystas korekcinis pie\u0161tukas, vidutini\u0161kai padengiantis muskatini\u0173 \u0161alavij\u0173 ir ramun\u0117li\u0173 ekstrakto pagrindu, tinka vis\u0173 tip\u0173 odai<\/strong><br \/>\nPaslepia paaki\u0173 spalvos nelygumus ir kitus smulkius odos tr\u016bkumus, turi dr\u0117kinam\u0105j\u012f poveik\u012f, apie akis patariama naudoti aplikatori\u0173 arba tepti pir\u0161tais.<\/p>\n<table class=\"makeuppalette\">\n<tbody>\n<tr>\n<td bgcolor=\"#FDE0BA\"><\/td>\n<td width=\"15px\"><\/td>\n<td bgcolor=\"#FBCD9A\"><\/td>\n<\/tr>\n<tr>\n<td><strong>Yellow 01<\/strong><\/td>\n<td><\/td>\n<td><strong>Sunset 02<\/strong><\/td>\n<\/tr>\n<\/tbody>\n<\/table>","protected":false},"featured_media":874,"comment_status":"open","ping_status":"closed","template":"","meta":[],"product_brand":[],"product_cat":[58],"product_tag":[],"class_list":{"0":"post-873","1":"product","2":"type-product","3":"status-publish","4":"has-post-thumbnail","6":"product_cat-dekoratyvine-kosmetika","8":"first","9":"outofstock","10":"shipping-taxable","11":"purchasable","12":"product-type-simple"},"_links":{"self":[{"href":"https:\/\/rupa.lt\/en\/wp-json\/wp\/v2\/product\/873","targetHints":{"allow":["GET"]}}],"collection":[{"href":"https:\/\/rupa.lt\/en\/wp-json\/wp\/v2\/product"}],"about":[{"href":"https:\/\/rupa.lt\/en\/wp-json\/wp\/v2\/types\/product"}],"replies":[{"embeddable":true,"href":"https:\/\/rupa.lt\/en\/wp-json\/wp\/v2\/comments?post=873"}],"wp:featuredmedia":[{"embeddable":true,"href":"https:\/\/rupa.lt\/en\/wp-json\/wp\/v2\/media\/874"}],"wp:attachment":[{"href":"https:\/\/rupa.lt\/en\/wp-json\/wp\/v2\/media?parent=873"}],"wp:term":[{"taxonomy":"product_brand","embeddable":true,"href":"https:\/\/rupa.lt\/en\/wp-json\/wp\/v2\/product_brand?post=873"},{"taxonomy":"product_cat","embeddable":true,"href":"https:\/\/rupa.lt\/en\/wp-json\/wp\/v2\/product_cat?post=873"},{"taxonomy":"product_tag","embeddable":true,"href":"https:\/\/rupa.lt\/en\/wp-json\/wp\/v2\/product_tag?post=873"}],"curies":[{"name":"wp","href":"https:\/\/api.w.org\/{rel}","templated":true}]}}