{"id":8725,"date":"2022-08-16T23:27:34","date_gmt":"2022-08-16T20:27:34","guid":{"rendered":"https:\/\/rupa.lt\/?post_type=product&#038;p=8725"},"modified":"2026-02-18T10:36:25","modified_gmt":"2026-02-18T08:36:25","slug":"oway-hblonde-hair-bath-sampunas-sviesintiems-plaukams","status":"publish","type":"product","link":"https:\/\/rupa.lt\/en\/product\/oway-hblonde-hair-bath-sampunas-sviesintiems-plaukams\/","title":{"rendered":"OWAY bluemoon hair bath- purple shampoo"},"content":{"rendered":"<p><strong>NAUDOJIMAS:<\/strong> Paskirstykite ant dr\u0117gn\u0173 plauk\u0173 ir palikite 2 minutes. Nuskalaukite.<\/p>\n<p>Tinka \u0161viesiaplauk\u0117ms, \u0161viesintiems, balintiems ir \u017eiliems plaukams.<\/p>\n<div data-wp-editing=\"1\"><\/div>\n<div data-wp-editing=\"1\"><\/div>\n<div data-wp-editing=\"1\">INCI: Aqua\/Water\/Eau OZ, Sodium Coceth Sulfate ND, Cocamidopropyl Betaine ND, Polyamino Sugar Condensate ND, Sodium Chloride ND, Spartium Junceum Flower Extract BD, Gentiana Lutea Extract O, Prunus Persica (Peach) Kernel Extract UC\/E, Citrus Sinensis Peel Oil Expressed EO, Cinnamomum Camphora Linalooliferum Wood Oil EO, Juniperus Mexicana Wood Oil EO, Pogostemon Cablin Leaf Oil EO, Citrus Aurantium Dulcis (Orange) Peel Oil Expressed EO, Citrus Nobilis (Mandarin Orange) Peel Extract ND, Citrus Limon (Lemon) Peel Oil EO, Cinnamomum Cassia Leaf Oil EO, Citrus Bergamia Peel Oil Expressed EO, Coriandrum Sativum (Coriander) Fruit Oil EO, Elettaria Cardamomum (Cardamom) Seed Oil EO, Eugenia Caryophyllus Leaf Oil EO, Myristica Fragrans Fruit Oil EO, Zingiber Officinale (Ginger) Root Oil EO, Polyglyceryl-4 Caprate ND, Disodium Laureth Sulfosuccinate ND, Coco-Glucoside ND, Glyceryl Oleate ND, Guar Hydroxypropyltrimonium Chloride ND, Hydrogenated Palm Glycerides Citrate ND, Polyglyceryl-3 Ricinoleate ND, Phenethyl Acetate ND, Vanillin ND, Tocopherol ND, Triethyl Citrate ND, Citric Acid ND, Alpha-Terpineol ND, Cedrol ND, Maltol ND, Benzyl Alcohol, Sodium Benzoate, Potassium Sorbate, Linalool ND, Limonene ND, Acid Violet 43\/Ext. Violet 2<\/div>\n<div data-wp-editing=\"1\"><\/div>\n<div data-wp-editing=\"1\"><\/div>\n<div data-wp-editing=\"1\"><\/div>\n<div data-wp-editing=\"1\"><\/div>","protected":false},"excerpt":{"rendered":"<p><strong>OWAY blue moon<\/strong> &#8211; \u0160AMP\u016aNAS \u0160VIESINTIEMS PLAUKAMS SU ULTRAVIOLETO PIGMENTAIS. \u0160velniai neutralizuoja geltonus atspalvius, dr\u0117kina i\u0161saus\u0117jusius plaukus.<\/p>\n<p>&nbsp;<\/p>\n<p><strong>240ml- stikliniame buteliuke<\/strong><\/p>\n<ul class=\"grid grid-cols-2 gap-x-3 gap-y-5 md:gap-y-2\">\n<li class=\"paragraph-2 relative flex items-center pl-3 font-sans leading-4 opacity-50 before:absolute before:left-0 before:top-1\/2 before:size-1 before:-translate-y-1\/2 before:rounded-full before:bg-oway-dark\"><span class=\"inline-block\">Agricosmetica\u00ae<\/span><\/li>\n<li class=\"paragraph-2 relative flex items-center pl-3 font-sans leading-4 opacity-50 before:absolute before:left-0 before:top-1\/2 before:size-1 before:-translate-y-1\/2 before:rounded-full before:bg-oway-dark\"><span class=\"inline-block\">Eteriniai aliejai<\/span><\/li>\n<li class=\"paragraph-2 relative flex items-center pl-3 font-sans leading-4 opacity-50 before:absolute before:left-0 before:top-1\/2 before:size-1 before:-translate-y-1\/2 before:rounded-full before:bg-oway-dark\"><span class=\"inline-block\">Stiklas ir Aliuminis<\/span><\/li>\n<li class=\"paragraph-2 relative flex items-center pl-3 font-sans leading-4 opacity-50 before:absolute before:left-0 before:top-1\/2 before:size-1 before:-translate-y-1\/2 before:rounded-full before:bg-oway-dark\"><span class=\"inline-block\">Pagaminta Italijoje<\/span><\/li>\n<li class=\"paragraph-2 relative flex items-center pl-3 font-sans leading-4 opacity-50 before:absolute before:left-0 before:top-1\/2 before:size-1 before:-translate-y-1\/2 before:rounded-full before:bg-oway-dark\"><span class=\"inline-block\">S\u0105moningai sukurta<\/span><\/li>\n<li class=\"paragraph-2 relative flex items-center pl-3 font-sans leading-4 opacity-50 before:absolute before:left-0 before:top-1\/2 before:size-1 before:-translate-y-1\/2 before:rounded-full before:bg-oway-dark\"><span class=\"inline-block\">Profesionalus produktas<\/span><\/li>\n<\/ul>\n<p><em><a href=\"https:\/\/rupa.lt\/en\/product\/nerudijancio-plieno-dozatorius\/\">\u012esigyti metalin\u012f dozatori\u0173 prie buteliuko<\/a><\/em><\/p>\n<p>&nbsp;<\/p>\n<p>&nbsp;<\/p>","protected":false},"featured_media":10962,"comment_status":"open","ping_status":"closed","template":"","meta":[],"product_brand":[],"product_cat":[280,281],"product_tag":[285,40,307],"class_list":{"0":"post-8725","1":"product","2":"type-product","3":"status-publish","4":"has-post-thumbnail","6":"product_cat-oway","7":"product_cat-oway-sampunai","8":"product_tag-oraganiskas","9":"product_tag-sampunas","10":"product_tag-sampunas-su-violetiniais-pigmentais-sviesintiems-plaukams","12":"first","13":"instock","14":"shipping-taxable","15":"purchasable","16":"product-type-simple"},"_links":{"self":[{"href":"https:\/\/rupa.lt\/en\/wp-json\/wp\/v2\/product\/8725","targetHints":{"allow":["GET"]}}],"collection":[{"href":"https:\/\/rupa.lt\/en\/wp-json\/wp\/v2\/product"}],"about":[{"href":"https:\/\/rupa.lt\/en\/wp-json\/wp\/v2\/types\/product"}],"replies":[{"embeddable":true,"href":"https:\/\/rupa.lt\/en\/wp-json\/wp\/v2\/comments?post=8725"}],"wp:featuredmedia":[{"embeddable":true,"href":"https:\/\/rupa.lt\/en\/wp-json\/wp\/v2\/media\/10962"}],"wp:attachment":[{"href":"https:\/\/rupa.lt\/en\/wp-json\/wp\/v2\/media?parent=8725"}],"wp:term":[{"taxonomy":"product_brand","embeddable":true,"href":"https:\/\/rupa.lt\/en\/wp-json\/wp\/v2\/product_brand?post=8725"},{"taxonomy":"product_cat","embeddable":true,"href":"https:\/\/rupa.lt\/en\/wp-json\/wp\/v2\/product_cat?post=8725"},{"taxonomy":"product_tag","embeddable":true,"href":"https:\/\/rupa.lt\/en\/wp-json\/wp\/v2\/product_tag?post=8725"}],"curies":[{"name":"wp","href":"https:\/\/api.w.org\/{rel}","templated":true}]}}