{"id":8720,"date":"2022-08-16T22:39:18","date_gmt":"2022-08-16T19:39:18","guid":{"rendered":"https:\/\/rupa.lt\/?post_type=product&#038;p=8720"},"modified":"2025-12-05T19:09:40","modified_gmt":"2025-12-05T17:09:40","slug":"oway-color-protection-hair-mask-kauke-dazytiems-plaukams","status":"publish","type":"product","link":"https:\/\/rupa.lt\/en\/product\/oway-color-protection-hair-mask-kauke-dazytiems-plaukams\/","title":{"rendered":"OWAY &#8211; COLOR PROTECTION HAIR MASK &#8211; kauk\u0117 da\u017eytiems plaukams"},"content":{"rendered":"<p><strong>KVAP\u0172 PUOK\u0160T\u0116: <\/strong>BERGAMOT\u0116, APELSINMEDIS, KEDRAS, PANKOLIS<\/p>\n<p><strong>NAUDOJIMAS:<\/strong> Paskirstykite ant \u0161vari\u0173, dr\u0117gn\u0173 plauk\u0173 ir palaikykite 5-10 minutes. Nuskalaukite.<\/p>\n<p><strong>AR \u017dINOJOTE?<\/strong> Sinergi\u0161kai veikiantys argininas ir natrio PCA padeda ilgiau i\u0161laikyti ry\u0161ki\u0105 plauk\u0173 spalv\u0105.\u00a0 Jei priemon\u0117 aktyvuojama masa\u017euojamaisiais judesiais rankomis, poveikis sustiprinamas, nes plaukai geriau absorbuoja aktyvi\u0105sias med\u017eiagas. Geriausiam rezultatui naudokite po: <em><a href=\"https:\/\/rupa.lt\/en\/product\/oway-color-protection-hair-bath-sampunas-dazytiems-plaukams\/\">OWAY \u2013 COLOR PROTECTION HAIR BATH \u2013 \u0161amp\u016bnas da\u017eytiems plaukams<\/a><\/em><\/p>\n<p><img loading=\"lazy\" decoding=\"async\" class=\"\" src=\"https:\/\/karera.lt\/wp-content\/uploads\/2021\/12\/galutinis-pav.-1024x279.png\" width=\"829\" height=\"226\" \/><\/p>\n<div data-wp-editing=\"1\"><\/div>\n<div data-wp-editing=\"1\">\n<p class=\"name-wrap\">\n<\/div>\n<div data-wp-editing=\"1\"><\/div>\n<div data-wp-editing=\"1\"><\/div>\n<div data-wp-editing=\"1\"><strong>INCI<\/strong><strong>:<\/strong>Aqua\/Water\/Eau OZ, Cetearyl Alcohol ND, Myristyl Alcohol ND, Cetrimonium Chloride ND, Hydrolyzed Grape Fruit ND, Citrus Limon (Lemon) Fruit Extract ND, Hydrolyzed Wheat Bran ND, Pyrus Malus (Apple) Fruit Extract ND, Vitis Vinifera (Grape) Leaf Exract BD, Lycium Barbarum Fruit Extract O, Terminalia Ferdinandiana Fruit Extract FT, Citrus Aurantium Bergamia (Bergamot) Fruit Oil EO, Foeniculum Vulgare (Fennel) Oil EO, Citrus Aurantium Dulcis (Orange) Peel Oil EO, Citrus Medica Vulgaris Peel Oil EO, Sodium Pca ND, Bis-(Isostearoyl\/Oleoyl Isopropyl) Dimonium Methosulfate ND, Behentrimonium Chloride ND, Myristyl Lactate ND, Tartaric Acid ND, Citric Acid ND, Dicaprylyl Ether ND, Lauryl Alcohol ND, Isopropyl Alcohol, Glyceryl Laurate ND, Glycerin ND, Sorbic Acid, Tocopherol ND, Benzyl Alcohol, Sodium Benzoate, Potassium Sorbate, Linalool ND, Limonene ND<\/div>\n<div data-wp-editing=\"1\"><\/div>\n<div data-wp-editing=\"1\"><\/div>\n<div data-wp-editing=\"1\"><\/div>\n<div data-wp-editing=\"1\"><\/div>","protected":false},"excerpt":{"rendered":"<p><strong>OWAY color protection hair mask &#8211; <\/strong>MAITINANTI IR SPALV\u0104 SODRINANTI KAUK\u0116. Da\u017eyti plaukai tampa lengvai \u0161ukuojami ir gyvybingi. Dr\u0117kina ir glotnina kutikul\u0119, tod\u0117l plaukai \u012fgauna ypating\u0105 \u017evilges\u012f. Apsaugo plaukus nuo oksidacinio streso ir blukimo.<\/p>\n<p><em>150ml- aliuminio t\u016bbel\u0117je<\/em><\/p>\n<p><em>50ml- aliuminio t\u016bbel\u0117je<\/em><\/p>\n<p>&nbsp;<\/p>\n<p>&nbsp;<\/p>","protected":false},"featured_media":8723,"comment_status":"open","ping_status":"closed","template":"","meta":[],"product_brand":[],"product_cat":[280,282],"product_tag":[306,284,296],"class_list":{"0":"post-8720","1":"product","2":"type-product","3":"status-publish","4":"has-post-thumbnail","6":"product_cat-oway","7":"product_cat-oway-kondicionieriai-kaukes","8":"product_tag-kauke-dazytiems-plaukams","9":"product_tag-oway","10":"product_tag-oway-kauke","12":"first","13":"onbackorder","14":"shipping-taxable","15":"purchasable","16":"product-type-variable"},"_links":{"self":[{"href":"https:\/\/rupa.lt\/en\/wp-json\/wp\/v2\/product\/8720","targetHints":{"allow":["GET"]}}],"collection":[{"href":"https:\/\/rupa.lt\/en\/wp-json\/wp\/v2\/product"}],"about":[{"href":"https:\/\/rupa.lt\/en\/wp-json\/wp\/v2\/types\/product"}],"replies":[{"embeddable":true,"href":"https:\/\/rupa.lt\/en\/wp-json\/wp\/v2\/comments?post=8720"}],"wp:featuredmedia":[{"embeddable":true,"href":"https:\/\/rupa.lt\/en\/wp-json\/wp\/v2\/media\/8723"}],"wp:attachment":[{"href":"https:\/\/rupa.lt\/en\/wp-json\/wp\/v2\/media?parent=8720"}],"wp:term":[{"taxonomy":"product_brand","embeddable":true,"href":"https:\/\/rupa.lt\/en\/wp-json\/wp\/v2\/product_brand?post=8720"},{"taxonomy":"product_cat","embeddable":true,"href":"https:\/\/rupa.lt\/en\/wp-json\/wp\/v2\/product_cat?post=8720"},{"taxonomy":"product_tag","embeddable":true,"href":"https:\/\/rupa.lt\/en\/wp-json\/wp\/v2\/product_tag?post=8720"}],"curies":[{"name":"wp","href":"https:\/\/api.w.org\/{rel}","templated":true}]}}