{"id":8713,"date":"2022-08-16T22:11:36","date_gmt":"2022-08-16T19:11:36","guid":{"rendered":"https:\/\/rupa.lt\/?post_type=product&#038;p=8713"},"modified":"2026-02-20T13:14:12","modified_gmt":"2026-02-20T11:14:12","slug":"oway-color-protection-hair-bath-sampunas-dazytiems-plaukams","status":"publish","type":"product","link":"https:\/\/rupa.lt\/en\/product\/oway-color-protection-hair-bath-sampunas-dazytiems-plaukams\/","title":{"rendered":"OWAY &#8211; COLOR PROTECTION HAIR BATH &#8211; \u0161amp\u016bnas da\u017eytiems plaukams"},"content":{"rendered":"<p><strong>    <form name=\"loginform\" id=\"loginform\" action=\"https:\/\/rupa.lt\/wp-login.php\" method=\"post\"><p class=\"login-username\">\n\t\t\t\t<label for=\"user_login\">Username or Email Address<\/label>\n\t\t\t\t<input type=\"text\" name=\"log\" id=\"user_login\" autocomplete=\"username\" class=\"input\" value=\"\" size=\"20\" \/>\n\t\t\t<\/p><p class=\"login-password\">\n\t\t\t\t<label for=\"user_pass\">Password<\/label>\n\t\t\t\t<input type=\"password\" name=\"pwd\" id=\"user_pass\" autocomplete=\"current-password\" spellcheck=\"false\" class=\"input\" value=\"\" size=\"20\" \/>\n\t\t\t<\/p><p class=\"login-remember\"><label><input name=\"rememberme\" type=\"checkbox\" id=\"rememberme\" value=\"forever\" \/> Remember Me<\/label><\/p><p class=\"login-submit\">\n\t\t\t\t<input type=\"submit\" name=\"wp-submit\" id=\"wp-submit\" class=\"button button-primary\" value=\"Log In\" \/>\n\t\t\t\t<input type=\"hidden\" name=\"redirect_to\" value=\"https:\/\/rupa.lt\/en\/wp-json\/wp\/v2\/product\/8713\" \/>\n\t\t\t<\/p><\/form>NAUDOJIMAS:<\/strong> Paskirstykite ant dr\u0117gn\u0173 plauk\u0173, \u012ftrinkite masa\u017euojamaisiais judesiais ir nuskalaukite. Jei reikia, proced\u016br\u0105 pakartokite.<\/p>\n<p><strong>KVAP\u0172 PUOK\u0160T\u0116: BERGAMOT\u0116, APELSINMEDIS, KEDRAS, PANKOLIS. <\/strong>Citrusini\u0173 vaisi\u0173 eterini\u0173 aliej\u0173 mi\u0161inys, pasi\u017eymintis intensyviu antistresiniu oksidaciniu poveikiu, sukurtas taip, kad laikui b\u0117gant i\u0161saugot\u0173 pilnus ir ry\u0161kius spalvos atspind\u017eius.<\/p>\n<p><strong>AR \u017dINOJOTE?<\/strong> Sinergi\u0161kai veikiantys argininas ir natrio PCA padeda ilgiau i\u0161laikyti ry\u0161ki\u0105 plauk\u0173 spalv\u0105. Kosurfaktantas, i\u0161gautas i\u0161 aminor\u016bg\u0161\u010di\u0173 ir kokos\u0173 apsaugo ir atkuria chemini\u0173 proced\u016br\u0173 pa\u017eeist\u0105 plauk\u0173 strukt\u016br\u0105.<\/p>\n<h2 class=\"yikes-custom-woo-tab-title yikes-custom-woo-tab-title-aktyvus-ingredientai\">Aktyv\u016bs ingredientai<\/h2>\n<p><strong><img loading=\"lazy\" decoding=\"async\" class=\"alignleft size-thumbnail wp-image-5412 entered lazyloaded\" src=\"https:\/\/karera.lt\/wp-content\/uploads\/2021\/04\/GOJIII-150x150.png\" sizes=\"auto, (max-width: 150px) 100vw, 150px\" srcset=\"https:\/\/karera.lt\/wp-content\/uploads\/2021\/04\/GOJIII-150x150.png 150w, https:\/\/karera.lt\/wp-content\/uploads\/2021\/04\/GOJIII-300x300.png 300w, https:\/\/karera.lt\/wp-content\/uploads\/2021\/04\/GOJIII.png 500w\" alt=\"\" width=\"150\" height=\"150\" data-lazy-srcset=\"https:\/\/karera.lt\/wp-content\/uploads\/2021\/04\/GOJIII-150x150.png 150w, https:\/\/karera.lt\/wp-content\/uploads\/2021\/04\/GOJIII-300x300.png 300w, https:\/\/karera.lt\/wp-content\/uploads\/2021\/04\/GOJIII.png 500w\" data-lazy-sizes=\"(max-width: 150px) 100vw, 150px\" data-lazy-src=\"https:\/\/karera.lt\/wp-content\/uploads\/2021\/04\/GOJIII-150x150.png\" data-ll-status=\"loaded\" \/><br \/>\nEKOLOGI\u0160KAS DYGLIUOTOJO O\u017dER\u0160KIO (GOJI) EKSTRAKTAS<\/strong><br \/>\nO\u017eer\u0161kio uogos kilo i\u0161 vietovi\u0173, kurioms b\u016bdingi smark\u016bs temperat\u016bros poky\u010diai, tod\u0117l \u0161is augalas turi stiprias antioksidacines savybes ir apsaugos nuo laisv\u0173j\u0173 radikal\u0173 mechanizmus. \u0160is augalas stiprina plauk\u0173 \u0161aknis ir saugo nuo oksidacijos. Ry\u0161ki, spindinti ir ilgai i\u0161liekanti plauk\u0173 spalva.<\/p>\n<p>&nbsp;<\/p>\n<p><strong><br \/>\n<img loading=\"lazy\" decoding=\"async\" class=\"alignleft size-thumbnail wp-image-5413 entered lazyloaded\" src=\"https:\/\/karera.lt\/wp-content\/uploads\/2021\/04\/KAKADUUU-150x150.png\" sizes=\"auto, (max-width: 150px) 100vw, 150px\" srcset=\"https:\/\/karera.lt\/wp-content\/uploads\/2021\/04\/KAKADUUU-150x150.png 150w, https:\/\/karera.lt\/wp-content\/uploads\/2021\/04\/KAKADUUU-300x300.png 300w, https:\/\/karera.lt\/wp-content\/uploads\/2021\/04\/KAKADUUU.png 500w\" alt=\"\" width=\"150\" height=\"150\" data-lazy-srcset=\"https:\/\/karera.lt\/wp-content\/uploads\/2021\/04\/KAKADUUU-150x150.png 150w, https:\/\/karera.lt\/wp-content\/uploads\/2021\/04\/KAKADUUU-300x300.png 300w, https:\/\/karera.lt\/wp-content\/uploads\/2021\/04\/KAKADUUU.png 500w\" data-lazy-sizes=\"(max-width: 150px) 100vw, 150px\" data-lazy-src=\"https:\/\/karera.lt\/wp-content\/uploads\/2021\/04\/KAKADUUU-150x150.png\" data-ll-status=\"loaded\" \/><br \/>\nETINIAIS PRINCIPAIS VADOVAUJANTIS GAUTAS KAKADU SLYV\u0172 EKSTRAKTAS<\/strong><br \/>\nDetoksikuoja, turi sen\u0117jim\u0105 stabdan\u010di\u0173 savybi\u0173 ir suteikia energijos. Kakadu slyvos yra gausiausias nat\u016bralus vitamino C \u0161altinis pasaulyje. 100 g. \u0161i\u0173 slyv\u0173 yra 3000 mg vitamino C, o tai yra 50 kart\u0173 didesn\u0117 koncentracija lyginant su apelsinais.<\/p>\n<p>&nbsp;<\/p>\n<p>&nbsp;<\/p>\n<p><strong><img loading=\"lazy\" decoding=\"async\" class=\"alignleft size-thumbnail wp-image-5414 entered lazyloaded\" src=\"https:\/\/karera.lt\/wp-content\/uploads\/2021\/04\/VITEEE-150x150.png\" sizes=\"auto, (max-width: 150px) 100vw, 150px\" srcset=\"https:\/\/karera.lt\/wp-content\/uploads\/2021\/04\/VITEEE-150x150.png 150w, https:\/\/karera.lt\/wp-content\/uploads\/2021\/04\/VITEEE-300x300.png 300w, https:\/\/karera.lt\/wp-content\/uploads\/2021\/04\/VITEEE.png 500w\" alt=\"\" width=\"150\" height=\"150\" data-lazy-srcset=\"https:\/\/karera.lt\/wp-content\/uploads\/2021\/04\/VITEEE-150x150.png 150w, https:\/\/karera.lt\/wp-content\/uploads\/2021\/04\/VITEEE-300x300.png 300w, https:\/\/karera.lt\/wp-content\/uploads\/2021\/04\/VITEEE.png 500w\" data-lazy-sizes=\"(max-width: 150px) 100vw, 150px\" data-lazy-src=\"https:\/\/karera.lt\/wp-content\/uploads\/2021\/04\/VITEEE-150x150.png\" data-ll-status=\"loaded\" \/><br \/>\nBIODINAMINIS RAUDON\u0172J\u0172 VYNUOGI\u0172 VYNO EKSTRAKTAS<\/strong><br \/>\nTurtingas polifenoli\u0173, raudonas vynas turi antioksidacin\u012f poveik\u012f, saugo plauko stieb\u0105 nuo laisv\u0173j\u0173 radikal\u0173 ir saul\u0117s poveikio saugodamas plauk\u0173 spalv\u0105 nuo blukimo d\u0117l UV spinduli\u0173 poveikio ir u\u017etikrindamas, kad plauk\u0173 spalva i\u0161liks ilgai.<\/p>\n<p>&nbsp;<\/p>\n<div data-wp-editing=\"1\"><\/div>\n<div data-wp-editing=\"1\"><\/div>\n<div data-wp-editing=\"1\"><\/div>\n<div data-wp-editing=\"1\"><img loading=\"lazy\" decoding=\"async\" class=\"aligncenter\" src=\"https:\/\/karera.lt\/wp-content\/uploads\/2021\/12\/galutinis-pav.-1024x279.png\" alt=\"\" width=\"1024\" height=\"279\" \/><\/div>\n<div data-wp-editing=\"1\"><\/div>\n<div data-wp-editing=\"1\"><\/div>\n<div data-wp-editing=\"1\"><\/div>\n<div data-wp-editing=\"1\"><\/div>\n<div data-wp-editing=\"1\"><\/div>\n<div data-wp-editing=\"1\"><\/div>\n<div data-wp-editing=\"1\"><\/div>\n<div data-wp-editing=\"1\"><\/div>","protected":false},"excerpt":{"rendered":"<p><b><span style=\"color: #08e8de;\">dailyact<\/span><\/b><\/p>\n<p><strong>OWAY color protection hair bath<\/strong> &#8211; SPALV\u0104 SAUGANTIS PLAUK\u0172 \u0160AMP\u016aNAS maitina plaukus ir padeda ilgiau i\u0161laikyti \u017evilgan\u010di\u0105 plauk\u0173 spalv\u0105. Apsaugo da\u017eytus plaukus nuo saul\u0117s, vandens ir tar\u0161os poveikio. Antioksidacinio poveikio.<\/p>\n<p>&nbsp;<\/p>\n<p><strong><em>240ml- stikliniame buteliuke<\/em><\/strong><\/p>\n<p><strong><em>50ml- aliuminio t\u016bbel\u0117je<\/em><\/strong><\/p>\n<p>&nbsp;<\/p>\n<ul class=\"grid grid-cols-2 gap-x-3 gap-y-5 md:gap-y-2\">\n<li class=\"paragraph-2 relative flex items-center pl-3 font-sans leading-4 opacity-50 before:absolute before:left-0 before:top-1\/2 before:size-1 before:-translate-y-1\/2 before:rounded-full before:bg-oway-dark\"><span class=\"inline-block\">Agricosmetica\u00ae<\/span><\/li>\n<li class=\"paragraph-2 relative flex items-center pl-3 font-sans leading-4 opacity-50 before:absolute before:left-0 before:top-1\/2 before:size-1 before:-translate-y-1\/2 before:rounded-full before:bg-oway-dark\"><span class=\"inline-block\">Eteriniai aliejai<\/span><\/li>\n<li class=\"paragraph-2 relative flex items-center pl-3 font-sans leading-4 opacity-50 before:absolute before:left-0 before:top-1\/2 before:size-1 before:-translate-y-1\/2 before:rounded-full before:bg-oway-dark\"><span class=\"inline-block\">Stiklas ir Aliuminis<\/span><\/li>\n<li class=\"paragraph-2 relative flex items-center pl-3 font-sans leading-4 opacity-50 before:absolute before:left-0 before:top-1\/2 before:size-1 before:-translate-y-1\/2 before:rounded-full before:bg-oway-dark\"><span class=\"inline-block\">Pagaminta Italijoje<\/span><\/li>\n<li class=\"paragraph-2 relative flex items-center pl-3 font-sans leading-4 opacity-50 before:absolute before:left-0 before:top-1\/2 before:size-1 before:-translate-y-1\/2 before:rounded-full before:bg-oway-dark\"><span class=\"inline-block\">S\u0105moningai sukurta<\/span><\/li>\n<li class=\"paragraph-2 relative flex items-center pl-3 font-sans leading-4 opacity-50 before:absolute before:left-0 before:top-1\/2 before:size-1 before:-translate-y-1\/2 before:rounded-full before:bg-oway-dark\"><span class=\"inline-block\">Profesionalus produktas<\/span><\/li>\n<\/ul>\n<p><em><a href=\"https:\/\/rupa.lt\/en\/product\/nerudijancio-plieno-dozatorius\/\">\u012esigyti metalin\u012f dozatori\u0173 prie buteliuko<\/a><\/em><\/p>\n<p>&nbsp;<\/p>\n<p>&nbsp;<\/p>\n<p>&nbsp;<\/p>\n<p>&nbsp;<\/p>\n<p>&nbsp;<\/p>","protected":false},"featured_media":8716,"comment_status":"open","ping_status":"closed","template":"","meta":[],"product_brand":[],"product_cat":[280,281],"product_tag":[41,252,284,305],"class_list":{"0":"post-8713","1":"product","2":"type-product","3":"status-publish","4":"has-post-thumbnail","6":"product_cat-oway","7":"product_cat-oway-sampunai","8":"product_tag-ekologiskas","9":"product_tag-naturalus","10":"product_tag-oway","11":"product_tag-oway-sampunas-dazytiems-plaukams","13":"first","14":"onbackorder","15":"shipping-taxable","16":"purchasable","17":"product-type-variable"},"_links":{"self":[{"href":"https:\/\/rupa.lt\/en\/wp-json\/wp\/v2\/product\/8713","targetHints":{"allow":["GET"]}}],"collection":[{"href":"https:\/\/rupa.lt\/en\/wp-json\/wp\/v2\/product"}],"about":[{"href":"https:\/\/rupa.lt\/en\/wp-json\/wp\/v2\/types\/product"}],"replies":[{"embeddable":true,"href":"https:\/\/rupa.lt\/en\/wp-json\/wp\/v2\/comments?post=8713"}],"wp:featuredmedia":[{"embeddable":true,"href":"https:\/\/rupa.lt\/en\/wp-json\/wp\/v2\/media\/8716"}],"wp:attachment":[{"href":"https:\/\/rupa.lt\/en\/wp-json\/wp\/v2\/media?parent=8713"}],"wp:term":[{"taxonomy":"product_brand","embeddable":true,"href":"https:\/\/rupa.lt\/en\/wp-json\/wp\/v2\/product_brand?post=8713"},{"taxonomy":"product_cat","embeddable":true,"href":"https:\/\/rupa.lt\/en\/wp-json\/wp\/v2\/product_cat?post=8713"},{"taxonomy":"product_tag","embeddable":true,"href":"https:\/\/rupa.lt\/en\/wp-json\/wp\/v2\/product_tag?post=8713"}],"curies":[{"name":"wp","href":"https:\/\/api.w.org\/{rel}","templated":true}]}}