{"id":870,"date":"2016-04-20T20:25:43","date_gmt":"2016-04-20T17:25:43","guid":{"rendered":"http:\/\/ekokirpeja.lt\/?post_type=product&#038;p=870"},"modified":"2020-03-03T20:21:45","modified_gmt":"2020-03-03T18:21:45","slug":"kompaktiniai-skaistalai","status":"publish","type":"product","link":"https:\/\/rupa.lt\/en\/product\/kompaktiniai-skaistalai\/","title":{"rendered":"Kompaktiniai skaistalai"},"content":{"rendered":"","protected":false},"excerpt":{"rendered":"<h2>| Face | Blush<\/h2>\n<p><strong>Kompaktiniai skaistalai ekologi\u0161k\u0173 abrikos\u0173 s\u0117kl\u0173 milteli\u0173 ir eterinio apelsin\u0173 aliejaus pagrindu<\/strong><br \/>\nSubtiliai atrodo ant skruost\u0173, \u0161veln\u016bs milteliai sukuria sveikos odos atspalv\u012f, patariama naudoti tam skirt\u0105 \u0161epet\u0117l\u012f.<\/p>\n<table class=\"makeuppalette\">\n<tbody>\n<tr>\n<td bgcolor=\"#F4AFAE\"><\/td>\n<td width=\"15px\"><\/td>\n<td bgcolor=\"#F08D5D\"><\/td>\n<\/tr>\n<tr>\n<td><strong>Pink Quartz 01<\/strong><\/td>\n<td><\/td>\n<td><strong>Sunset Matt 02<\/strong><\/td>\n<\/tr>\n<\/tbody>\n<\/table>","protected":false},"featured_media":871,"comment_status":"open","ping_status":"closed","template":"","meta":[],"product_brand":[],"product_cat":[107],"product_tag":[],"class_list":{"0":"post-870","1":"product","2":"type-product","3":"status-publish","4":"has-post-thumbnail","6":"product_cat-nieko","8":"first","9":"outofstock","10":"shipping-taxable","11":"purchasable","12":"product-type-simple"},"_links":{"self":[{"href":"https:\/\/rupa.lt\/en\/wp-json\/wp\/v2\/product\/870","targetHints":{"allow":["GET"]}}],"collection":[{"href":"https:\/\/rupa.lt\/en\/wp-json\/wp\/v2\/product"}],"about":[{"href":"https:\/\/rupa.lt\/en\/wp-json\/wp\/v2\/types\/product"}],"replies":[{"embeddable":true,"href":"https:\/\/rupa.lt\/en\/wp-json\/wp\/v2\/comments?post=870"}],"wp:featuredmedia":[{"embeddable":true,"href":"https:\/\/rupa.lt\/en\/wp-json\/wp\/v2\/media\/871"}],"wp:attachment":[{"href":"https:\/\/rupa.lt\/en\/wp-json\/wp\/v2\/media?parent=870"}],"wp:term":[{"taxonomy":"product_brand","embeddable":true,"href":"https:\/\/rupa.lt\/en\/wp-json\/wp\/v2\/product_brand?post=870"},{"taxonomy":"product_cat","embeddable":true,"href":"https:\/\/rupa.lt\/en\/wp-json\/wp\/v2\/product_cat?post=870"},{"taxonomy":"product_tag","embeddable":true,"href":"https:\/\/rupa.lt\/en\/wp-json\/wp\/v2\/product_tag?post=870"}],"curies":[{"name":"wp","href":"https:\/\/api.w.org\/{rel}","templated":true}]}}