{"id":8685,"date":"2022-07-24T23:42:06","date_gmt":"2022-07-24T20:42:06","guid":{"rendered":"https:\/\/rupa.lt\/?post_type=product&#038;p=8685"},"modified":"2025-12-05T19:31:11","modified_gmt":"2025-12-05T17:31:11","slug":"oway-nurturing-drops-koncentruotas-serumas-plauku-galiukams","status":"publish","type":"product","link":"https:\/\/rupa.lt\/en\/product\/oway-nurturing-drops-koncentruotas-serumas-plauku-galiukams\/","title":{"rendered":"OWAY- NURTURING DROPS-  Koncentruotas serumas plauk\u0173 galiukams"},"content":{"rendered":"<p><strong>Patarimai<br \/>\n<\/strong>\u2022 Norint itin tiesi\u0173 plauk\u0173 efekto, \u012fla\u0161inkite kelet\u0105 la\u0161\u0173 NURTURING DROPS \u012f deln\u0105, paskleiskite ant saus\u0173 plauk\u0173 ir formuokite \u0161ukuosen\u0105 tiesinimo \u017enypl\u0117mis.<\/p>\n<p><strong>NAUDOJIMAS:<\/strong> Tepkite ant dr\u0117gn\u0173 ar saus\u0173 plauk\u0173 nor\u0117dami akimirksniu suteikti glotnumo ir apsaugoti.<\/p>\n<p>&nbsp;<\/p>\n<p>&nbsp;<\/p>","protected":false},"excerpt":{"rendered":"<p class=\"product_title entry-title\">OWAY nurturing drops &#8211; KONCENTRUOTAS SERUMAS PLAUK\u0172 GALIUKAMS Itin koncentruoti la\u0161ai, kurie pamaitina ir izoliuoja i\u0161saus\u0117jusius ir pa\u017eeistus plauk\u0173 galiukus. Apsaugo kuo kar\u0161\u010dio ir aplinkos veiksni\u0173. Suteikia elastingumo padengia plauk\u0173 sruogas apsaugine pl\u0117vele. Tinka vis\u0173 tip\u0173 plaukams.<\/p>\n<p>50ml.<\/p>\n<p>&nbsp;<\/p>","protected":false},"featured_media":8686,"comment_status":"open","ping_status":"closed","template":"","meta":[],"product_brand":[],"product_cat":[280,283],"product_tag":[284,304,303],"class_list":{"0":"post-8685","1":"product","2":"type-product","3":"status-publish","4":"has-post-thumbnail","6":"product_cat-oway","7":"product_cat-oway-formavimo-priemones","8":"product_tag-oway","9":"product_tag-serumas","10":"product_tag-styling-and-finish","12":"first","13":"onbackorder","14":"shipping-taxable","15":"purchasable","16":"product-type-simple"},"_links":{"self":[{"href":"https:\/\/rupa.lt\/en\/wp-json\/wp\/v2\/product\/8685","targetHints":{"allow":["GET"]}}],"collection":[{"href":"https:\/\/rupa.lt\/en\/wp-json\/wp\/v2\/product"}],"about":[{"href":"https:\/\/rupa.lt\/en\/wp-json\/wp\/v2\/types\/product"}],"replies":[{"embeddable":true,"href":"https:\/\/rupa.lt\/en\/wp-json\/wp\/v2\/comments?post=8685"}],"wp:featuredmedia":[{"embeddable":true,"href":"https:\/\/rupa.lt\/en\/wp-json\/wp\/v2\/media\/8686"}],"wp:attachment":[{"href":"https:\/\/rupa.lt\/en\/wp-json\/wp\/v2\/media?parent=8685"}],"wp:term":[{"taxonomy":"product_brand","embeddable":true,"href":"https:\/\/rupa.lt\/en\/wp-json\/wp\/v2\/product_brand?post=8685"},{"taxonomy":"product_cat","embeddable":true,"href":"https:\/\/rupa.lt\/en\/wp-json\/wp\/v2\/product_cat?post=8685"},{"taxonomy":"product_tag","embeddable":true,"href":"https:\/\/rupa.lt\/en\/wp-json\/wp\/v2\/product_tag?post=8685"}],"curies":[{"name":"wp","href":"https:\/\/api.w.org\/{rel}","templated":true}]}}