{"id":8680,"date":"2022-07-24T23:28:49","date_gmt":"2022-07-24T20:28:49","guid":{"rendered":"https:\/\/rupa.lt\/?post_type=product&#038;p=8680"},"modified":"2026-03-15T01:43:23","modified_gmt":"2026-03-14T23:43:23","slug":"oway-shaping-putty-modeliavimo-mastika","status":"publish","type":"product","link":"https:\/\/rupa.lt\/en\/product\/oway-shaping-putty-modeliavimo-mastika\/","title":{"rendered":"OWAY &#8211; SHAPING PUTTY- modeliavimo mastika"},"content":{"rendered":"<p><strong>Patarimai<br \/>\n<\/strong>\u2022 Sumai\u0161ytas su PRECIOUS WAX va\u0161ku sustiprina \u017evilges\u012f.<\/p>\n<p><strong>NAUDOJIMAS:<\/strong> Paskirstykite ant plauk\u0173, formuokite \u0161ukuosen\u0105 pir\u0161tais, kol bus gautas norimas efektas. Naudoti ant saus\u0173 plauk\u0173.<\/p>\n<p>&nbsp;<\/p>\n<p><strong>INCI<\/strong><strong>: <\/strong>Aqua\/Water\/Eau (OZ), Ceteareth-25 (ND), Cetyl Alcohol (ND), Cera Microcristallina\/Microcrystalline Wax\/Cire Microcristalline, Ricinus Communis (Castor) Seed Oil (ND), Myristyl Alcohol (ND), Vp\/Dmapa Acrylates Copolymer, Limonene (ND), Oleth-10 Phosphate (ND), Benzyl Alcohol, Oleth-5 (ND), Eschscholtzia Californica Flower\/Leaf\/Stem Extract (BD), Centaurea Cyanus Flower Extract (O), Sclerocarya Birrea Seed Oil (FT), Vitis Vinifera (Grape) Seed\/Skin\/Stem Extract (UC)(ND), Citrus Aurantium Dulcis (Orange) Peel Oil (EO), Cinnamomum Zeylanicum Leaf Oil (EO), Vanillin (ND), Benzalkonium Chloride, Pentaerythrityl Tetra-Di-T-Butyl Hydroxyhydrocinnamate, Ethylhexylglycerin, Sodium Hydroxide, Citric Acid (ND), Eugenol (ND), Citral (ND), Linalool (ND), Benzyl Benzoate (ND), Cinnamal (ND), Geraniol (ND), Bht, Sodium Benzoate, Potassium Sorbate<\/p>","protected":false},"excerpt":{"rendered":"<p class=\"product_title entry-title\">OWAY shaping putty &#8211; MASTIKA, PABR\u0116\u017dIANTI LINIJAS, FORM\u0104 IR APIMT\u012e Formuoja, atskiria ir i\u0161laiko form\u0105 ilgai i\u0161liekan\u010dios fiksacijos pagalba. Idealiai tinka banguotiems ir garbanotiems plaukams, o taip pat formuoti sluoksnius ir ry\u0161kios tekst\u016bros linijas. Su\u0161ildytas tarp deln\u0173 tampa i\u0161 plon\u0173 gij\u0173 sudarytu voratinkliu, kuris pabr\u0117\u017eia form\u0105 ir apimt\u012f.<\/p>\n<p>50ml.<\/p>","protected":false},"featured_media":8681,"comment_status":"open","ping_status":"closed","template":"","meta":[],"product_brand":[],"product_cat":[280,283],"product_tag":[284,303],"class_list":{"0":"post-8680","1":"product","2":"type-product","3":"status-publish","4":"has-post-thumbnail","6":"product_cat-oway","7":"product_cat-oway-formavimo-priemones","8":"product_tag-oway","9":"product_tag-styling-and-finish","11":"first","12":"onbackorder","13":"shipping-taxable","14":"purchasable","15":"product-type-simple"},"_links":{"self":[{"href":"https:\/\/rupa.lt\/en\/wp-json\/wp\/v2\/product\/8680","targetHints":{"allow":["GET"]}}],"collection":[{"href":"https:\/\/rupa.lt\/en\/wp-json\/wp\/v2\/product"}],"about":[{"href":"https:\/\/rupa.lt\/en\/wp-json\/wp\/v2\/types\/product"}],"replies":[{"embeddable":true,"href":"https:\/\/rupa.lt\/en\/wp-json\/wp\/v2\/comments?post=8680"}],"wp:featuredmedia":[{"embeddable":true,"href":"https:\/\/rupa.lt\/en\/wp-json\/wp\/v2\/media\/8681"}],"wp:attachment":[{"href":"https:\/\/rupa.lt\/en\/wp-json\/wp\/v2\/media?parent=8680"}],"wp:term":[{"taxonomy":"product_brand","embeddable":true,"href":"https:\/\/rupa.lt\/en\/wp-json\/wp\/v2\/product_brand?post=8680"},{"taxonomy":"product_cat","embeddable":true,"href":"https:\/\/rupa.lt\/en\/wp-json\/wp\/v2\/product_cat?post=8680"},{"taxonomy":"product_tag","embeddable":true,"href":"https:\/\/rupa.lt\/en\/wp-json\/wp\/v2\/product_tag?post=8680"}],"curies":[{"name":"wp","href":"https:\/\/api.w.org\/{rel}","templated":true}]}}