{"id":8678,"date":"2022-07-24T23:17:28","date_gmt":"2022-07-24T20:17:28","guid":{"rendered":"https:\/\/rupa.lt\/?post_type=product&#038;p=8678"},"modified":"2025-12-05T19:45:02","modified_gmt":"2025-12-05T17:45:02","slug":"oway-quick-glue-stiprios-fiksacijos-greitai-dziustantys-modeliavimo-klijai-ivaizdziui-sukurti-kopija","status":"publish","type":"product","link":"https:\/\/rupa.lt\/en\/product\/oway-quick-glue-stiprios-fiksacijos-greitai-dziustantys-modeliavimo-klijai-ivaizdziui-sukurti-kopija\/","title":{"rendered":"OWAY &#8211; QUICK GLUE- Stiprios fiksacijos, greitai d\u017ei\u016bstantys modeliavimo \u201eklijai\u201c"},"content":{"rendered":"<p><strong>Patarimai<br \/>\n<\/strong>\u2022 Galima naudoti kuriant stati\u0161kas \u0161ukuosenas, tokias kaip skiauter\u0117s.<\/p>\n<p><strong>NAUDOJIMAS:<\/strong> Nedidel\u012f kiek\u012f priemon\u0117s tepkite ant saus\u0173 plauk\u0173 formuodami sruog\u0105 po sruogos.<\/p>\n<p>&nbsp;<\/p>\n<p><strong>INCI<\/strong><strong>:<\/strong>Aqua\/Water\/Eau (OZ), Ceteareth-25 (ND), Pvp, Ricinus Communis (Castor) Seed Oil (ND), Cetyl Alcohol (ND), Cera Microcristallina\/Microcrystalline Wax\/Cire Microcristalline, Myristyl Alcohol (ND), Limonene (ND), Oleth-10 Phosphate (ND), Benzyl Alcohol, Oleth-5 (ND), Eschscholtzia californica flower\/leaf\/stem extract (BD), Centaurea Cyanus Flower Extract (O), Sclerocarya Birrea Seed Oil (FT), Vitis Vinifera (Grape) Seed\/Skin\/Stem Extract (UC)(ND), Citrus Aurantium Dulcis (Orange) Peel Oil (EO), Cinnamomum Zeylanicum Leaf Oil (EO), Vp\/Dmapa Acrylates Copolymer, Pentaerythrityl Tetra-Di-T-Butyl Hydroxy- hydrocinnamate, Benzalkonium Chloride, Vanillin (ND), Citric Acid (ND), Ethylhexyl- glycerin, Sodium Benzoate, Potassium Sorbate, Benzyl Benzoate (ND), Phenoxy- ethanol, Bht, Citral (ND), Linalool (ND), Cinnamal (ND), Geraniol (ND), Eugenol (ND).<\/p>","protected":false},"excerpt":{"rendered":"<p class=\"product_title entry-title\">OWAY quick glue &#8211; STIPRIOS FIKSACIJOS, GREITAI D\u017dI\u016aSTANTYS MODELIAVIMO \u201eKLIJAI\u201c Idealiai tinka ektremalioms \u0161ukuosenoms formuoti. Patikimai u\u017efiksuoja kiekvien\u0105 sruog\u0105. K\u016brybi\u0161kiems ir ilgai i\u0161liekantiems \u012fvaizd\u017eiams. Ricinos ir saul\u0117gr\u0105\u017e\u0173 aliejai turi apsaugin\u012f poveik\u012f ir suteikia gyvybingumo.<\/p>","protected":false},"featured_media":8679,"comment_status":"open","ping_status":"closed","template":"","meta":[],"product_brand":[],"product_cat":[280,283],"product_tag":[284,303],"class_list":{"0":"post-8678","1":"product","2":"type-product","3":"status-publish","4":"has-post-thumbnail","6":"product_cat-oway","7":"product_cat-oway-formavimo-priemones","8":"product_tag-oway","9":"product_tag-styling-and-finish","11":"first","12":"onbackorder","13":"shipping-taxable","14":"purchasable","15":"product-type-simple"},"_links":{"self":[{"href":"https:\/\/rupa.lt\/en\/wp-json\/wp\/v2\/product\/8678","targetHints":{"allow":["GET"]}}],"collection":[{"href":"https:\/\/rupa.lt\/en\/wp-json\/wp\/v2\/product"}],"about":[{"href":"https:\/\/rupa.lt\/en\/wp-json\/wp\/v2\/types\/product"}],"replies":[{"embeddable":true,"href":"https:\/\/rupa.lt\/en\/wp-json\/wp\/v2\/comments?post=8678"}],"wp:featuredmedia":[{"embeddable":true,"href":"https:\/\/rupa.lt\/en\/wp-json\/wp\/v2\/media\/8679"}],"wp:attachment":[{"href":"https:\/\/rupa.lt\/en\/wp-json\/wp\/v2\/media?parent=8678"}],"wp:term":[{"taxonomy":"product_brand","embeddable":true,"href":"https:\/\/rupa.lt\/en\/wp-json\/wp\/v2\/product_brand?post=8678"},{"taxonomy":"product_cat","embeddable":true,"href":"https:\/\/rupa.lt\/en\/wp-json\/wp\/v2\/product_cat?post=8678"},{"taxonomy":"product_tag","embeddable":true,"href":"https:\/\/rupa.lt\/en\/wp-json\/wp\/v2\/product_tag?post=8678"}],"curies":[{"name":"wp","href":"https:\/\/api.w.org\/{rel}","templated":true}]}}