{"id":8676,"date":"2022-07-24T22:27:55","date_gmt":"2022-07-24T19:27:55","guid":{"rendered":"https:\/\/rupa.lt\/?post_type=product&#038;p=8676"},"modified":"2025-12-05T19:43:23","modified_gmt":"2025-12-05T17:43:23","slug":"oway-flux-potion-minkstos-fiksacijos-teksturos-suteikiantis-drekinantis-fluidas","status":"publish","type":"product","link":"https:\/\/rupa.lt\/en\/product\/oway-flux-potion-minkstos-fiksacijos-teksturos-suteikiantis-drekinantis-fluidas\/","title":{"rendered":"OWAY- FLUX POTION- Mink\u0161tos fiksacijos tekst\u016bros suteikiantis dr\u0117kinantis fluidas"},"content":{"rendered":"<p><strong>Patarimai<br \/>\n<\/strong>\u2022 Tinka naudoti kuriant \u0161ukuosenas su plauk\u0173 suktukais<br \/>\n\u2022 Ploniems plaukams galima mai\u0161yti su BIO- RICH vandeniu ir sukurti idaugiau apimties<\/p>\n<p>\u2022Galima mai\u0161yti su garbanot\u0173 plauk\u0173 eliksyru CURLY POTION taip suteikiant fiksacijos ir mink\u0161tumo garbanotiems plaukams.<\/p>\n<p><strong>NAUDOJIMAS:<\/strong> Paskirstykite ant \u0161vari\u0173 dr\u0117gn\u0173 plauk\u0173. Prie\u0161 naudojim\u0105 suplakite.<\/p>\n<p>&nbsp;<\/p>\n<p><strong>INCI<\/strong><strong>:<\/strong>Aqua\/Water\/Eau (OZ), Alcohol Denat. (ND), Glycerin (ND), Polysorbate 20 (ND), Polyquaternium-28, Macadamia Seed Oil Glycereth-8Esters(ND),EschscholtziaCalifornicaFlower\/Leaf\/StemExtract(BD),CentaureaCyanusFlowerExtract (O), Sclerocarya Birrea Seed Oil (FT), Citrus Aurantium Dulcis (Orange) Fruit Extract (UC)(ND), Hydrolyzed Rice Bran Protein (ND), Hydroxyethylcellulose (ND), Salvia Officinalis (Sage) Oil (EO), Citrus Aurantium Bergamia (Bergamot) Fruit Oil (EO), Citrus AurantiumDulcis(Orange)PeelOil (EO),LactobacillusFerment(ND),CitrusMedicaVulgarisPeelOil (EO),Polysorbate60(ND), Benzyl Alcohol, Citric Acid (ND), Disodium Phosphate, Sodium Phosphate, Limonene (ND), Geraniol (ND), Linalool (ND), Citral (ND), Ethylhexylglycerin, Phenoxyethanol, Caprylyl Glycol, Sodium Benzoate, Potassium Sorbate<\/p>\n<div class=\"row inner inner-row d-flex justify-content-left row-certificazioni\">\n<div class=\"col-md-2 col-4\"><\/div>\n<\/div>\n<div class=\"row inner inner-row\">\n<div class=\"col-12 ow-formulas\">\n<div class=\"cta-underline\"><\/div>\n<\/div>\n<\/div>","protected":false},"excerpt":{"rendered":"<p class=\"product_title entry-title\">OWAY flux potion &#8211; MINK\u0160TOS FIKSACIJOS TEKST\u016aROS SUTEIKIANTIS DR\u0116KINANTIS FLUIDAS Palengvina \u0161ukuosenos formavim\u0105 \u0161epe\u010diu. Ma\u017eina plauk\u0173 trup\u0117jim\u0105 d\u017eiovinimo metu. Gerina tiesi\u0173 ar garbanot\u0173 plauk\u0173 \u0161ukuosen\u0173 fiksavim\u0105. Fiksuoja, bet i\u0161saugo elastingum\u0105, i\u0161lygina kutikul\u0119. Dr\u0117kina ir suteikia \u017evilgesio plauko stiebui.<\/p>","protected":false},"featured_media":8677,"comment_status":"open","ping_status":"closed","template":"","meta":[],"product_brand":[],"product_cat":[280,283],"product_tag":[284,303],"class_list":{"0":"post-8676","1":"product","2":"type-product","3":"status-publish","4":"has-post-thumbnail","6":"product_cat-oway","7":"product_cat-oway-formavimo-priemones","8":"product_tag-oway","9":"product_tag-styling-and-finish","11":"first","12":"onbackorder","13":"shipping-taxable","14":"purchasable","15":"product-type-simple"},"_links":{"self":[{"href":"https:\/\/rupa.lt\/en\/wp-json\/wp\/v2\/product\/8676","targetHints":{"allow":["GET"]}}],"collection":[{"href":"https:\/\/rupa.lt\/en\/wp-json\/wp\/v2\/product"}],"about":[{"href":"https:\/\/rupa.lt\/en\/wp-json\/wp\/v2\/types\/product"}],"replies":[{"embeddable":true,"href":"https:\/\/rupa.lt\/en\/wp-json\/wp\/v2\/comments?post=8676"}],"wp:featuredmedia":[{"embeddable":true,"href":"https:\/\/rupa.lt\/en\/wp-json\/wp\/v2\/media\/8677"}],"wp:attachment":[{"href":"https:\/\/rupa.lt\/en\/wp-json\/wp\/v2\/media?parent=8676"}],"wp:term":[{"taxonomy":"product_brand","embeddable":true,"href":"https:\/\/rupa.lt\/en\/wp-json\/wp\/v2\/product_brand?post=8676"},{"taxonomy":"product_cat","embeddable":true,"href":"https:\/\/rupa.lt\/en\/wp-json\/wp\/v2\/product_cat?post=8676"},{"taxonomy":"product_tag","embeddable":true,"href":"https:\/\/rupa.lt\/en\/wp-json\/wp\/v2\/product_tag?post=8676"}],"curies":[{"name":"wp","href":"https:\/\/api.w.org\/{rel}","templated":true}]}}