{"id":867,"date":"2016-04-20T20:18:10","date_gmt":"2016-04-20T17:18:10","guid":{"rendered":"http:\/\/ekokirpeja.lt\/shop\/naturalmente\/dekoratyvine-kosmetika\/kompaktine-pudra-bronzantas\/"},"modified":"2020-03-03T20:21:53","modified_gmt":"2020-03-03T18:21:53","slug":"kompaktine-pudra-bronzantas","status":"publish","type":"product","link":"https:\/\/rupa.lt\/en\/product\/kompaktine-pudra-bronzantas\/","title":{"rendered":"Kompaktin\u0117 pudra bronzantas"},"content":{"rendered":"","protected":false},"excerpt":{"rendered":"<h2><span style=\"font-size: 1.875rem; line-height: 1.6;\">\u00a0<\/span><\/h2>\n<h2>| Face | Bronzer<\/h2>\n<p><strong>Kompaktin\u0117 pudra bronzantas ekologi\u0161ko vynuogi\u0173 s\u0117kl\u0173 aliejaus ir kukur\u016bz\u0173 krakmolo pagrindu<\/strong><br \/>\nIdeali vis\u0173 tip\u0173 odai, padailina odos spalv\u0105, suteikia jai nat\u016bralaus \u012fdegio atspalv\u012f, \u0161velni ir lengva, patariama naudoti pudros \u0161epet\u0117l\u012f.<\/p>\n<table class=\"makeuppalette\">\n<tbody>\n<tr>\n<td bgcolor=\"#D5AD7A\"><\/td>\n<td width=\"15px\"><\/td>\n<td bgcolor=\"#D6935B\"><\/td>\n<\/tr>\n<tr>\n<td><strong>Coconut 01<\/strong><\/td>\n<td><\/td>\n<td><strong>Teak 02<\/strong><\/td>\n<\/tr>\n<\/tbody>\n<\/table>\n<h2><\/h2>","protected":false},"featured_media":868,"comment_status":"open","ping_status":"closed","template":"","meta":[],"product_brand":[],"product_cat":[58],"product_tag":[],"class_list":{"0":"post-867","1":"product","2":"type-product","3":"status-publish","4":"has-post-thumbnail","6":"product_cat-dekoratyvine-kosmetika","8":"first","9":"outofstock","10":"shipping-taxable","11":"purchasable","12":"product-type-simple"},"_links":{"self":[{"href":"https:\/\/rupa.lt\/en\/wp-json\/wp\/v2\/product\/867","targetHints":{"allow":["GET"]}}],"collection":[{"href":"https:\/\/rupa.lt\/en\/wp-json\/wp\/v2\/product"}],"about":[{"href":"https:\/\/rupa.lt\/en\/wp-json\/wp\/v2\/types\/product"}],"replies":[{"embeddable":true,"href":"https:\/\/rupa.lt\/en\/wp-json\/wp\/v2\/comments?post=867"}],"wp:featuredmedia":[{"embeddable":true,"href":"https:\/\/rupa.lt\/en\/wp-json\/wp\/v2\/media\/868"}],"wp:attachment":[{"href":"https:\/\/rupa.lt\/en\/wp-json\/wp\/v2\/media?parent=867"}],"wp:term":[{"taxonomy":"product_brand","embeddable":true,"href":"https:\/\/rupa.lt\/en\/wp-json\/wp\/v2\/product_brand?post=867"},{"taxonomy":"product_cat","embeddable":true,"href":"https:\/\/rupa.lt\/en\/wp-json\/wp\/v2\/product_cat?post=867"},{"taxonomy":"product_tag","embeddable":true,"href":"https:\/\/rupa.lt\/en\/wp-json\/wp\/v2\/product_tag?post=867"}],"curies":[{"name":"wp","href":"https:\/\/api.w.org\/{rel}","templated":true}]}}