{"id":8669,"date":"2022-07-22T16:41:47","date_gmt":"2022-07-22T13:41:47","guid":{"rendered":"https:\/\/rupa.lt\/?post_type=product&#038;p=8669"},"modified":"2025-12-05T19:42:39","modified_gmt":"2025-12-05T17:42:39","slug":"oway-sea-salt-spray-tekstura-suteikiantis-purskiklis-papludimio-ivaizdziui-sukurti","status":"publish","type":"product","link":"https:\/\/rupa.lt\/en\/product\/oway-sea-salt-spray-tekstura-suteikiantis-purskiklis-papludimio-ivaizdziui-sukurti\/","title":{"rendered":"OWAY &#8211; SEA SALT SPRAY &#8211; Tekst\u016br\u0105 suteikiantis pur\u0161kiklis papl\u016bdimio \u012fvaizd\u017eiui sukurti"},"content":{"rendered":"<p><strong>Patarimai<br \/>\n<\/strong>\u2022 Idealiai tinka tiems, kas trenka plaukus kasdien, nes padeda i\u0161laikyti plauk\u0173 dr\u0117gm\u0119<br \/>\n\u2022 Naudojant ant dr\u0117gn\u0173 plauk\u0173 gausiai prisotina mineral\u0173<\/p>\n<p>\u2022 Norint sukurti \u201epapl\u016bdimio \u012fvaizd\u012f\u201c purk\u0161kite ant saus\u0173 plauk\u0173, o plauk\u0173 d\u017eiovintuvu fiksuokite \u0161ukuosen\u0105<\/p>\n<p>\u2022 Tinka ploniems plaukams, nes suteikia apimties ir sudr\u0117kina plauko pluo\u0161t\u0105.<\/p>\n<p><strong>NAUDOJIMAS:<\/strong> Purk\u0161kite ant dr\u0117gn\u0173 ar saus\u0173 plauk\u0173. Prie\u0161 naudojim\u0105 suplakite.<\/p>\n<p>&nbsp;<\/p>\n<p><strong>INCI<\/strong><strong>: <\/strong>Aqua\/Water\/Eau (OZ), Cetearyl Alcohol (ND), Stearamidopropyl Dimethylamine (ND), Hydrogenated Lecithin (ND), Eschscholtzia Californica Flower\/Leaf\/Stem Extract (BD), Centaurea Cyanus Flower Extract (O), Sclerocarya Birrea Seed Oil (FT), Olea Europaea (Olive) Fruit Extract (UC)(ND), Citrus Limon (Lemon) Peel Oil (EO), Citrus Sinensis Peel Oil Expressed (EO), Citrus Aurantifolia (Lime) Peel Oil (EO), Eucalyptus Globulus Leaf Oil (EO), Citrus Aurantium Dulcis (Orange) Peel Oil Expressed (EO), Juniperus Virginiana Wood Oil (EO), Cinnamomum Camphora Linalooliferum Wood Oil (EO), Juniperus Mexicana Wood Oil (EO), Citrus Grandis (Grapefruit) Peel Oil (EO), Coriandrum Sativum (Coriander) Seed Oil (EO), Pelargonium Graveolens Oil (EO), Citrus Aurantium Bergamia (Bergamot) Peel Oil Expressed (EO), Cymbopogon Martini Herb Oil (EO), Lavandula Hybrida Oil (EO), Cananga Odorata Flower Oil (EO), Citrus Aurantium Amara (Bitter Orange) Flower Oil (EO), Citrus Nobilis (Mandarin Orange) Peel Oil (EO), Pelargonium Graveolens Flower Oil (EO), Cinnamomum Zeylanicum Leaf Oil (EO), Piper Nigrum (Pepper) Seed Oil (EO), Rosa Damascena Flower Extract (ND), Glyceryl Laurate (ND), Phosphatidylcholine (ND), Lactic Acid (ND), Panthenyl Hydroxypropyl Steardimonium Chloride (ND), Citric Acid (ND), Vanillin (ND), Benzyl Alcohol, Sodium Benzoate, Potassium Sorbate, Limonene (ND), Linalool (ND), Citral (ND), Geraniol (ND), Citronellol (ND)<\/p>\n<div class=\"row inner inner-row d-flex justify-content-left row-certificazioni\">\n<div class=\"col-md-2 col-4\"><\/div>\n<\/div>\n<div class=\"row inner inner-row\">\n<div class=\"col-12 ow-formulas\">\n<div class=\"cta-underline\"><\/div>\n<\/div>\n<\/div>","protected":false},"excerpt":{"rendered":"<p class=\"product_title entry-title\">OWAY sea salt spray &#8211; J\u016aROS DRUSKOS TEKST\u016aRAIZERIS PAPL\u016aDIMIO \u0160UKUOSENAI Fiksuodamas atskiria sruogas, ta\u010diau i\u0161saugo lankstum\u0105 ir nat\u016bralum\u0105. Padeda sukurti ner\u016bpesting\u0105 \u201epapl\u016bdimio\u201c \u012fvaizd\u012f. Prisotina mineralais, ta\u010diau neapsunkina. D\u0117l saul\u0117gr\u0105\u017e\u0173 aliejaus \u0161velniai dr\u0117kina.<\/p>","protected":false},"featured_media":8670,"comment_status":"open","ping_status":"closed","template":"","meta":[],"product_brand":[],"product_cat":[280,283],"product_tag":[284,302],"class_list":{"0":"post-8669","1":"product","2":"type-product","3":"status-publish","4":"has-post-thumbnail","6":"product_cat-oway","7":"product_cat-oway-formavimo-priemones","8":"product_tag-oway","9":"product_tag-papludimio-efektas","11":"first","12":"onbackorder","13":"shipping-taxable","14":"purchasable","15":"product-type-simple"},"_links":{"self":[{"href":"https:\/\/rupa.lt\/en\/wp-json\/wp\/v2\/product\/8669","targetHints":{"allow":["GET"]}}],"collection":[{"href":"https:\/\/rupa.lt\/en\/wp-json\/wp\/v2\/product"}],"about":[{"href":"https:\/\/rupa.lt\/en\/wp-json\/wp\/v2\/types\/product"}],"replies":[{"embeddable":true,"href":"https:\/\/rupa.lt\/en\/wp-json\/wp\/v2\/comments?post=8669"}],"wp:featuredmedia":[{"embeddable":true,"href":"https:\/\/rupa.lt\/en\/wp-json\/wp\/v2\/media\/8670"}],"wp:attachment":[{"href":"https:\/\/rupa.lt\/en\/wp-json\/wp\/v2\/media?parent=8669"}],"wp:term":[{"taxonomy":"product_brand","embeddable":true,"href":"https:\/\/rupa.lt\/en\/wp-json\/wp\/v2\/product_brand?post=8669"},{"taxonomy":"product_cat","embeddable":true,"href":"https:\/\/rupa.lt\/en\/wp-json\/wp\/v2\/product_cat?post=8669"},{"taxonomy":"product_tag","embeddable":true,"href":"https:\/\/rupa.lt\/en\/wp-json\/wp\/v2\/product_tag?post=8669"}],"curies":[{"name":"wp","href":"https:\/\/api.w.org\/{rel}","templated":true}]}}