{"id":8666,"date":"2022-07-22T11:31:35","date_gmt":"2022-07-22T08:31:35","guid":{"rendered":"https:\/\/rupa.lt\/?post_type=product&#038;p=8666"},"modified":"2026-04-01T13:42:54","modified_gmt":"2026-04-01T10:42:54","slug":"oway-thermal-stress-protector-fiksuojantis-nuo-karscio-apsaugantis-purskiklis","status":"publish","type":"product","link":"https:\/\/rupa.lt\/en\/product\/oway-thermal-stress-protector-fiksuojantis-nuo-karscio-apsaugantis-purskiklis\/","title":{"rendered":"OWAY &#8211; thermo-detangling cloud- Apsauga nuo kar\u0161\u010dio"},"content":{"rendered":"<p><strong>Patarimai<br \/>\n<\/strong>\u2022 Visuomet naudokite prie\u0161 formavim\u0105 kar\u0161tais \u012frankiais<br \/>\n\u2022 Naudokite nor\u0117dami apsaugoti plaukus nuo galiuk\u0173 skilin\u0117jimo.<\/p>\n<p><strong>NAUDOJIMAS:<\/strong> Purk\u0161kite ant dr\u0117gn\u0173 arba saus\u0173 plauk\u0173 prie\u0161 \u0161ukuosenos formavim\u0105 naudojant tiesinimo ar garbanojimo \u017enyples. Prie\u0161 naudojim\u0105 suplakite<\/p>\n<div class=\"row inner inner-row d-flex justify-content-left row-certificazioni\">\n<div class=\"col-md-2 col-4\"><\/div>\n<\/div>\n<div class=\"row inner inner-row\">\n<div class=\"col-12 ow-formulas\">\n<div class=\"cta-underline\"><\/div>\n<\/div>\n<\/div>","protected":false},"excerpt":{"rendered":"<p class=\"product_title entry-title\">OWAY <span class=\"base\" data-ui-id=\"page-title-wrapper\">thermo-detangling cloud<\/span><\/p>\n<p class=\"product_title entry-title\">&#8211; FIKSUOJANTIS NUO KAR\u0160\u010cIO APSAUGANTIS PUR\u0160KIKLIS ( priemon\u0117 \u0161iek tiek keit\u0117si, nebeturi fiksavimo efekto, o padeda i\u0161\u0161ukuoti ir apsaugo nuo kar\u0161\u010dio). Apsaugo plaukus nuo kar\u0161t\u0173 formavimo priemoni\u0173 (d\u017eiovintuv\u0173, tiesinimo ir garbanojimo \u017enypli\u0173). Suteikia intensyvaus \u017evilgesio ir sudr\u0117kina plauko pluo\u0161t\u0105.<\/p>","protected":false},"featured_media":8667,"comment_status":"open","ping_status":"closed","template":"","meta":[],"product_brand":[],"product_cat":[280,283],"product_tag":[284,299,300],"class_list":{"0":"post-8666","1":"product","2":"type-product","3":"status-publish","4":"has-post-thumbnail","6":"product_cat-oway","7":"product_cat-oway-formavimo-priemones","8":"product_tag-oway","9":"product_tag-oway-aliejukas","10":"product_tag-zvilgesiui-suteikti","12":"first","13":"instock","14":"shipping-taxable","15":"purchasable","16":"product-type-simple"},"_links":{"self":[{"href":"https:\/\/rupa.lt\/en\/wp-json\/wp\/v2\/product\/8666","targetHints":{"allow":["GET"]}}],"collection":[{"href":"https:\/\/rupa.lt\/en\/wp-json\/wp\/v2\/product"}],"about":[{"href":"https:\/\/rupa.lt\/en\/wp-json\/wp\/v2\/types\/product"}],"replies":[{"embeddable":true,"href":"https:\/\/rupa.lt\/en\/wp-json\/wp\/v2\/comments?post=8666"}],"wp:featuredmedia":[{"embeddable":true,"href":"https:\/\/rupa.lt\/en\/wp-json\/wp\/v2\/media\/8667"}],"wp:attachment":[{"href":"https:\/\/rupa.lt\/en\/wp-json\/wp\/v2\/media?parent=8666"}],"wp:term":[{"taxonomy":"product_brand","embeddable":true,"href":"https:\/\/rupa.lt\/en\/wp-json\/wp\/v2\/product_brand?post=8666"},{"taxonomy":"product_cat","embeddable":true,"href":"https:\/\/rupa.lt\/en\/wp-json\/wp\/v2\/product_cat?post=8666"},{"taxonomy":"product_tag","embeddable":true,"href":"https:\/\/rupa.lt\/en\/wp-json\/wp\/v2\/product_tag?post=8666"}],"curies":[{"name":"wp","href":"https:\/\/api.w.org\/{rel}","templated":true}]}}