{"id":8661,"date":"2022-07-21T14:45:21","date_gmt":"2022-07-21T11:45:21","guid":{"rendered":"https:\/\/rupa.lt\/?post_type=product&#038;p=8661"},"modified":"2026-04-06T17:37:36","modified_gmt":"2026-04-06T14:37:36","slug":"oway-glossy-nectar-atstatomasis-maitinantis-zvilgesio-suteikiantis-plauku-aliejukas","status":"publish","type":"product","link":"https:\/\/rupa.lt\/en\/product\/oway-glossy-nectar-atstatomasis-maitinantis-zvilgesio-suteikiantis-plauku-aliejukas\/","title":{"rendered":"OWAY - GLOSSY NECTAR - restorative, nourishing and shiny hair oil"},"content":{"rendered":"<p><strong>Patarimai<br \/>\n<\/strong>\u2022 Sumai\u0161ius su garbanot\u0173 plauk\u0173 eliksyru CURLY POTION suteikia \u017evilgesio garbanotiems plaukams ir tai padeda kontroliuoti j\u0173 p\u016btim\u0105si.<br \/>\n\u2022 Galima naudoti po \u0161ukuosenos fiksavimo SCULPTING MIST.<br \/>\n\u2022 Naudojant kartu su FLUX POTION suteikia \u017evilgesio ir fiksacij\u0105 storiems plaukams.<\/p>\n<p><strong>NAUDOJIMAS:<\/strong> Paskirstykite ant dr\u0117gn\u0173 arba saus\u0173 plauk\u0173. Prie\u0161 naudojim\u0105 suplakite.<\/p>\n<div class=\"row inner inner-row d-flex justify-content-left row-certificazioni\">\n<div class=\"col-md-2 col-4\"><\/div>\n<\/div>\n<div class=\"row inner inner-row\">\n<div class=\"col-12 ow-formulas\">\n<div class=\"cta-underline\"><\/div>\n<\/div>\n<\/div>\n<p><strong>INCI<\/strong><strong>: <\/strong>Cyclopentasiloxane, Cyclohexasiloxane, Dimethiconol, Eschscholtzia Californica Flower\/Leaf\/Stem Extract (BD), Centaurea Cyanus Flower Extract (O), Sclerocarya Birrea Seed Oil (FT), Pyrus Malus (Apple) Seed Oil (UC)(ND), Helianthus Annuus (Sunflower) Seed Oil (ND), Foeniculum Vulgare (Fennel) Oil (EO), Citrus Grandis (Grapefruit) Peel Oil (EO), Citrus Aurantium Bergamia (Bergamot) Fruit Oil (EO), Citrus Aurantium Dulcis (Orange) Peel Oil (EO), Cananga Odorata Oil (EO), Citrus Species Peel Oil Expressed (EO), Juniperus Virginiana Oil (EO), Pelargonium Graveolens Oil (EO), Pogostemon Cablin Oil (EO), Phenyl Trimethicone, Alcohol Denat. (ND), Vanillin (ND), Tocopherol (ND), Triethyl Citrate (ND), Limonene (ND)<\/p>","protected":false},"excerpt":{"rendered":"<p class=\"product_title entry-title\"><b>OWAY<\/b><br \/>\nAtstatomasis, maitinantis \u017evilgesio suteikiantis plauk\u0173 aliejukas \u2013 styling &amp; finish \/ Glossy nectar<\/p>\n<p>Suteikia \u017evilgesio ir pamaitina net labiausiai pa\u017eeistus plaukus.\u00a0Suvaldo \u201emai\u0161taujan\u010dias\u201c sruogas ir neleid\u017eia plaukams p\u016bstis.\u00a0Idealiai tinka ploniems plaukams.\u00a0Tobula norint pamaitinti ir suteikti \u017evilgesio plaukams baigiam\u0173j\u0173 \u0161ukuosenos formavimo etap\u0173 metu.<\/p>","protected":false},"featured_media":8655,"comment_status":"open","ping_status":"closed","template":"","meta":[],"product_brand":[],"product_cat":[273,280,283],"product_tag":[284,299,300],"class_list":{"0":"post-8661","1":"product","2":"type-product","3":"status-publish","4":"has-post-thumbnail","6":"product_cat-dovanuidejos","7":"product_cat-oway","8":"product_cat-oway-formavimo-priemones","9":"product_tag-oway","10":"product_tag-oway-aliejukas","11":"product_tag-zvilgesiui-suteikti","13":"first","14":"instock","15":"shipping-taxable","16":"purchasable","17":"product-type-variable"},"_links":{"self":[{"href":"https:\/\/rupa.lt\/en\/wp-json\/wp\/v2\/product\/8661","targetHints":{"allow":["GET"]}}],"collection":[{"href":"https:\/\/rupa.lt\/en\/wp-json\/wp\/v2\/product"}],"about":[{"href":"https:\/\/rupa.lt\/en\/wp-json\/wp\/v2\/types\/product"}],"replies":[{"embeddable":true,"href":"https:\/\/rupa.lt\/en\/wp-json\/wp\/v2\/comments?post=8661"}],"wp:featuredmedia":[{"embeddable":true,"href":"https:\/\/rupa.lt\/en\/wp-json\/wp\/v2\/media\/8655"}],"wp:attachment":[{"href":"https:\/\/rupa.lt\/en\/wp-json\/wp\/v2\/media?parent=8661"}],"wp:term":[{"taxonomy":"product_brand","embeddable":true,"href":"https:\/\/rupa.lt\/en\/wp-json\/wp\/v2\/product_brand?post=8661"},{"taxonomy":"product_cat","embeddable":true,"href":"https:\/\/rupa.lt\/en\/wp-json\/wp\/v2\/product_cat?post=8661"},{"taxonomy":"product_tag","embeddable":true,"href":"https:\/\/rupa.lt\/en\/wp-json\/wp\/v2\/product_tag?post=8661"}],"curies":[{"name":"wp","href":"https:\/\/api.w.org\/{rel}","templated":true}]}}