{"id":8654,"date":"2022-07-21T13:51:53","date_gmt":"2022-07-21T10:51:53","guid":{"rendered":"https:\/\/rupa.lt\/?post_type=product&#038;p=8654"},"modified":"2025-12-05T19:33:00","modified_gmt":"2025-12-05T17:33:00","slug":"oway-sculpting-mist-ekologiskas-stiprios-fiksacijos-plauku-lakas","status":"publish","type":"product","link":"https:\/\/rupa.lt\/en\/product\/oway-sculpting-mist-ekologiskas-stiprios-fiksacijos-plauku-lakas\/","title":{"rendered":"OWAY &#8211; SCULPTING MIST &#8211; stiprios fiksacijos plauk\u0173 lakas"},"content":{"rendered":"<p><strong>Patarimai<br \/>\n<\/strong>\u2022 Idealiai tinka pinant kasas ar formuojant \u0161ukuosenas su prisegamais plaukais.<br \/>\n\u2022 Da\u017eytiems plaukams galima naudoti kasdien, nes nekei\u010dia spalvos tono ir i\u0161saugo \u017evilges\u012f.<\/p>\n<p><strong>NAUDOJIMAS:<\/strong> Purk\u0161kite ant vis\u0173 plauk\u0173 arba sruoga po sruogos. Prie\u0161 naudojim\u0105 suplakite. Naudokite tik ant saus\u0173 plauk\u0173.<\/p>\n<div class=\"row inner inner-row d-flex justify-content-left row-certificazioni\">\n<div class=\"col-md-2 col-4\"><\/div>\n<\/div>\n<div class=\"row inner inner-row\">\n<div class=\"col-12 ow-formulas\">\n<div class=\"cta-underline\"><\/div>\n<\/div>\n<\/div>\n<p><strong>INCI<\/strong><strong>: <\/strong>Alcohol Denat. (ND), Methylal, Va\/Crotonates\/Vinyl Neodecanoate Copolymer, Octylacrylamide\/A- crylates\/Butylaminoethyl Methacrylate Copolymer, Aminomethyl Propanol, Eschscholtzia Californica Flower\/Leaf\/Stem Extract (BD), Centaurea Cyanus Flower Extract (O), Sclerocarya Birrea Seed Oil (FT), Vitis Vinifera (Grape) Seed\/Skin\/Stem Extract (UC)(ND), Citrus Aurantium Bergamia (Bergamot) Fruit Oil (EO), Citrus Aurantium Dulcis (Orange) Peel Oil (EO), Foeniculum Vulgare (Fennel) Oil (EO), Citrus Grandis (Grapefruit) Peel Oil (EO), Cananga Odorata Oil (EO), Citrus Species Peel Oil Expressed (EO), Juniperus Virginiana Oil (EO), Pelargonium Graveolens Oil (EO), Pogostemon Cablin Oil (EO), Limonene (ND), Vanillin (ND), Calcium Stearate (ND), Triethyl Citrate (ND), Aqua \/Water \/Eau (ND), Citric Acid (ND), Sodium Benzoate, Potassium Sorbate.<\/p>","protected":false},"excerpt":{"rendered":"<p class=\"product_title entry-title\">OWAY sculpting mist &#8211; EKOLOGI\u0160KAS STIPRIOS FIKSACIJOS PLAUK\u0172 LAKAS<\/p>\n<p>Stipri fiksacija neapsunkinant plauk\u0173 ir nepaliekant priemon\u0117s liku\u010di\u0173.\u00a0U\u017efiksuoja \u0161ukuosen\u0105, ta\u010diau i\u0161saugo lankstum\u0105.\u00a0Maksimali kontrol\u0117 \u2013 nat\u016bralus efektas.<\/p>","protected":false},"featured_media":8664,"comment_status":"open","ping_status":"closed","template":"","meta":[],"product_brand":[],"product_cat":[280,283],"product_tag":[284,301],"class_list":{"0":"post-8654","1":"product","2":"type-product","3":"status-publish","4":"has-post-thumbnail","6":"product_cat-oway","7":"product_cat-oway-formavimo-priemones","8":"product_tag-oway","9":"product_tag-oway-stiprios-fiksacijos-lakas","11":"first","12":"onbackorder","13":"shipping-taxable","14":"purchasable","15":"product-type-simple"},"_links":{"self":[{"href":"https:\/\/rupa.lt\/en\/wp-json\/wp\/v2\/product\/8654","targetHints":{"allow":["GET"]}}],"collection":[{"href":"https:\/\/rupa.lt\/en\/wp-json\/wp\/v2\/product"}],"about":[{"href":"https:\/\/rupa.lt\/en\/wp-json\/wp\/v2\/types\/product"}],"replies":[{"embeddable":true,"href":"https:\/\/rupa.lt\/en\/wp-json\/wp\/v2\/comments?post=8654"}],"wp:featuredmedia":[{"embeddable":true,"href":"https:\/\/rupa.lt\/en\/wp-json\/wp\/v2\/media\/8664"}],"wp:attachment":[{"href":"https:\/\/rupa.lt\/en\/wp-json\/wp\/v2\/media?parent=8654"}],"wp:term":[{"taxonomy":"product_brand","embeddable":true,"href":"https:\/\/rupa.lt\/en\/wp-json\/wp\/v2\/product_brand?post=8654"},{"taxonomy":"product_cat","embeddable":true,"href":"https:\/\/rupa.lt\/en\/wp-json\/wp\/v2\/product_cat?post=8654"},{"taxonomy":"product_tag","embeddable":true,"href":"https:\/\/rupa.lt\/en\/wp-json\/wp\/v2\/product_tag?post=8654"}],"curies":[{"name":"wp","href":"https:\/\/api.w.org\/{rel}","templated":true}]}}