{"id":864,"date":"2016-04-20T18:08:54","date_gmt":"2016-04-20T15:08:54","guid":{"rendered":"http:\/\/ekokirpeja.lt\/shop\/naturalmente\/dekoratyvine-kosmetika\/kompaktinis-makiazo-pagrindas-copy\/"},"modified":"2020-03-03T20:22:02","modified_gmt":"2020-03-03T18:22:02","slug":"kompaktinis-makiazo-pagrindas-copy","status":"publish","type":"product","link":"https:\/\/rupa.lt\/en\/product\/kompaktinis-makiazo-pagrindas-copy\/","title":{"rendered":"Kompaktin\u0117 pudra"},"content":{"rendered":"","protected":false},"excerpt":{"rendered":"<h2>| Face | Compact powder<\/h2>\n<p><strong>Kompaktin\u0117 pudra, vidutini\u0161kai padengianti ekologi\u0161k\u0173 ry\u017ei\u0173 milteli\u0173 pagrindu<\/strong><br \/>\nIdeali vis\u0173 tip\u0173 odai, suteikia spindesio ir lygumo. Lengva ir \u0161velni it \u0161ilkas tekst\u016bra, galima naudoti vien\u0105 arba po makia\u017eo pagrindo, patariama naudoti pudros \u0161epet\u0117l\u012f.<\/p>\n<table class=\"makeuppalette\">\n<tbody>\n<tr>\n<td bgcolor=\"#FDE0BA\"><\/td>\n<td width=\"15px\"><\/td>\n<td bgcolor=\"#FBCD9A\"><\/td>\n<\/tr>\n<tr>\n<td><strong>Cream 01<\/strong><\/td>\n<td><\/td>\n<td><strong>Sand 02<\/strong><\/td>\n<\/tr>\n<\/tbody>\n<\/table>\n<h2><\/h2>","protected":false},"featured_media":866,"comment_status":"open","ping_status":"closed","template":"","meta":[],"product_brand":[],"product_cat":[58],"product_tag":[],"class_list":{"0":"post-864","1":"product","2":"type-product","3":"status-publish","4":"has-post-thumbnail","6":"product_cat-dekoratyvine-kosmetika","8":"first","9":"outofstock","10":"shipping-taxable","11":"purchasable","12":"product-type-simple"},"_links":{"self":[{"href":"https:\/\/rupa.lt\/en\/wp-json\/wp\/v2\/product\/864","targetHints":{"allow":["GET"]}}],"collection":[{"href":"https:\/\/rupa.lt\/en\/wp-json\/wp\/v2\/product"}],"about":[{"href":"https:\/\/rupa.lt\/en\/wp-json\/wp\/v2\/types\/product"}],"replies":[{"embeddable":true,"href":"https:\/\/rupa.lt\/en\/wp-json\/wp\/v2\/comments?post=864"}],"wp:featuredmedia":[{"embeddable":true,"href":"https:\/\/rupa.lt\/en\/wp-json\/wp\/v2\/media\/866"}],"wp:attachment":[{"href":"https:\/\/rupa.lt\/en\/wp-json\/wp\/v2\/media?parent=864"}],"wp:term":[{"taxonomy":"product_brand","embeddable":true,"href":"https:\/\/rupa.lt\/en\/wp-json\/wp\/v2\/product_brand?post=864"},{"taxonomy":"product_cat","embeddable":true,"href":"https:\/\/rupa.lt\/en\/wp-json\/wp\/v2\/product_cat?post=864"},{"taxonomy":"product_tag","embeddable":true,"href":"https:\/\/rupa.lt\/en\/wp-json\/wp\/v2\/product_tag?post=864"}],"curies":[{"name":"wp","href":"https:\/\/api.w.org\/{rel}","templated":true}]}}