{"id":8638,"date":"2022-07-19T17:38:14","date_gmt":"2022-07-19T14:38:14","guid":{"rendered":"https:\/\/rupa.lt\/?post_type=product&#038;p=8638"},"modified":"2025-12-05T19:02:00","modified_gmt":"2025-12-05T17:02:00","slug":"oway-silkn-glow-hair-mask-svelninanti-ir-maitinanti-kauke-besipuciantiems-poretiems-plaukams","status":"publish","type":"product","link":"https:\/\/rupa.lt\/en\/product\/oway-silkn-glow-hair-mask-svelninanti-ir-maitinanti-kauke-besipuciantiems-poretiems-plaukams\/","title":{"rendered":"OWAY &#8211; SILK\u00b4N GLOW HAIR MASK- kauk\u0117 nuo plauk\u0173 pasip\u016btimo"},"content":{"rendered":"<p><strong>Aromat\u0173 puok\u0161t\u0117: apelsinas, citrinmedis, vanil\u0117, mandarinas<\/strong>. Sodrios, geidulingos natos maitinan\u010di\u0173 produkt\u0173, akimirksniu suteikian\u010di\u0173 elastingumo ir dr\u0117kinimo, linijai. Aromaterapinis poveikis: nuteikia \u0161velniai ir su\u0161ildo.<\/p>\n<p><strong>NAUDOJIMAS:<\/strong> Paskirstykite ant \u0161vari\u0173, dr\u0117gn\u0173 plauk\u0173 ir palaikykite 3-5 minutes. Nuskalaukite.<\/p>\n<p><strong>AR \u017dINOJOTE?<\/strong> U\u017etikrina ilgalaik\u0119 apsaug\u0105 nuo p\u016btimosi. Jei priemon\u0117 aktyvuojama masa\u017euojamaisiais judesiais rankomis, poveikis sustiprinamas, nes plaukai geriau absorbuoja aktyvi\u0105sias med\u017eiagas. Nor\u0117dami gauti dar ry\u0161kesn\u012f efekt\u0105, plaukus palepinkite plauk\u0173 kauke SILK\u2019N GLOW masa\u017euojamaisiais judesiais plauko \u017evyneli\u0173 kryptimi, palikite nuo 3 iki 5 minu\u010di\u0173, i\u0161\u0161ukuokite ir nuskalaukite.<\/p>\n<p>&nbsp;<\/p>\n<h3 class=\"yikes-custom-woo-tab-title yikes-custom-woo-tab-title-aktyvus-ingredientai\">Aktyv\u016bs ingredientai<\/h3>\n<p><strong><img loading=\"lazy\" decoding=\"async\" class=\"alignleft size-thumbnail wp-image-5467 entered lazyloaded\" src=\"https:\/\/karera.lt\/wp-content\/uploads\/2022\/07\/BARTOLETIJU-ALIEJUS-150x150.png\" sizes=\"auto, (max-width: 150px) 100vw, 150px\" srcset=\"https:\/\/karera.lt\/wp-content\/uploads\/2022\/07\/BARTOLETIJU-ALIEJUS-150x150.png 150w, https:\/\/karera.lt\/wp-content\/uploads\/2022\/07\/BARTOLETIJU-ALIEJUS-300x300.png 300w, https:\/\/karera.lt\/wp-content\/uploads\/2022\/07\/BARTOLETIJU-ALIEJUS.png 500w\" alt=\"\" width=\"150\" height=\"150\" data-lazy-srcset=\"https:\/\/karera.lt\/wp-content\/uploads\/2022\/07\/BARTOLETIJU-ALIEJUS-150x150.png 150w, https:\/\/karera.lt\/wp-content\/uploads\/2022\/07\/BARTOLETIJU-ALIEJUS-300x300.png 300w, https:\/\/karera.lt\/wp-content\/uploads\/2022\/07\/BARTOLETIJU-ALIEJUS.png 500w\" data-lazy-sizes=\"(max-width: 150px) 100vw, 150px\" data-lazy-src=\"https:\/\/karera.lt\/wp-content\/uploads\/2022\/07\/BARTOLETIJU-ALIEJUS-150x150.png\" data-ll-status=\"loaded\" \/><br \/>\nETINIAIS<\/strong><strong>\u00a0PRINCIPAIS VADOVAUJANTIS GAUTAS BRAZILINI\u0172 BERTOLETIJ\u0172 ALIEJUS<br \/>\n<\/strong>\u0160is aliejus gausiai turi vandenyje tirpi\u0173 vitamin\u0173 A ir B, tod\u0117l reguliuoja plauk\u0173 p\u016btim\u0105si, suteikia \u017evilgesio ir palengvina plauk\u0173 \u0161ukavim\u0105si.<\/p>\n<p>&nbsp;<\/p>\n<div class=\"page\" title=\"Page 72\">\n<div class=\"layoutArea\">\n<div class=\"column\">\n<div class=\"page\" title=\"Page 72\">\n<div class=\"layoutArea\">\n<div class=\"column\">\n<p><strong><img loading=\"lazy\" decoding=\"async\" class=\"alignleft size-thumbnail wp-image-5410 entered lazyloaded\" src=\"https:\/\/karera.lt\/wp-content\/uploads\/2021\/04\/AVENAAA-150x150.png\" sizes=\"auto, (max-width: 150px) 100vw, 150px\" srcset=\"https:\/\/karera.lt\/wp-content\/uploads\/2021\/04\/AVENAAA-150x150.png 150w, https:\/\/karera.lt\/wp-content\/uploads\/2021\/04\/AVENAAA-300x300.png 300w, https:\/\/karera.lt\/wp-content\/uploads\/2021\/04\/AVENAAA.png 500w\" alt=\"\" width=\"150\" height=\"150\" data-lazy-srcset=\"https:\/\/karera.lt\/wp-content\/uploads\/2021\/04\/AVENAAA-150x150.png 150w, https:\/\/karera.lt\/wp-content\/uploads\/2021\/04\/AVENAAA-300x300.png 300w, https:\/\/karera.lt\/wp-content\/uploads\/2021\/04\/AVENAAA.png 500w\" data-lazy-sizes=\"(max-width: 150px) 100vw, 150px\" data-lazy-src=\"https:\/\/karera.lt\/wp-content\/uploads\/2021\/04\/AVENAAA-150x150.png\" data-ll-status=\"loaded\" \/><br \/>\nBIODINAMINIS AVI\u017d\u0172 EKSTRAKTAS<\/strong><br \/>\nPasi\u017eymi sausus plaukus stiprinan\u010diu ir strukt\u016br\u0105 atkurian\u010diu poveikiu. Avi\u017e\u0173 ekstrakte esantys beta-gliukanai pasi\u017eymi dr\u0117kinan\u010diu poveikiu ir suformuoja apsaugin\u0119 pl\u0117vel\u0119, kuri saugo nuo laisv\u0173j\u0173 radikal\u0173.<\/p>\n<p>&nbsp;<\/p>\n<\/div>\n<\/div>\n<\/div>\n<\/div>\n<\/div>\n<\/div>\n<div class=\"page\" title=\"Page 72\">\n<div class=\"layoutArea\">\n<div class=\"column\">\n<div class=\"page\" title=\"Page 72\">\n<div class=\"layoutArea\">\n<div class=\"column\">\n<p>&nbsp;<\/p>\n<p><strong><img loading=\"lazy\" decoding=\"async\" class=\"alignleft size-thumbnail wp-image-5468 entered lazyloaded\" src=\"https:\/\/karera.lt\/wp-content\/uploads\/2022\/07\/KAKAVMEDIS-150x150.png\" sizes=\"auto, (max-width: 150px) 100vw, 150px\" srcset=\"https:\/\/karera.lt\/wp-content\/uploads\/2022\/07\/KAKAVMEDIS-150x150.png 150w, https:\/\/karera.lt\/wp-content\/uploads\/2022\/07\/KAKAVMEDIS-300x300.png 300w, https:\/\/karera.lt\/wp-content\/uploads\/2022\/07\/KAKAVMEDIS.png 500w\" alt=\"\" width=\"150\" height=\"150\" data-lazy-srcset=\"https:\/\/karera.lt\/wp-content\/uploads\/2022\/07\/KAKAVMEDIS-150x150.png 150w, https:\/\/karera.lt\/wp-content\/uploads\/2022\/07\/KAKAVMEDIS-300x300.png 300w, https:\/\/karera.lt\/wp-content\/uploads\/2022\/07\/KAKAVMEDIS.png 500w\" data-lazy-sizes=\"(max-width: 150px) 100vw, 150px\" data-lazy-src=\"https:\/\/karera.lt\/wp-content\/uploads\/2022\/07\/KAKAVMEDIS-150x150.png\" data-ll-status=\"loaded\" \/><br \/>\nEKOLOGI\u0160KAS KAKAVMED\u017dIO SVIESTAS<\/strong><br \/>\nStambia\u017eiedis kakavmedis \u2013 tai auk\u0161tos kokyb\u0117s Brazilijos rie\u0161utas. \u0160altojo spaudimo b\u016bdu apdorotos jo s\u0117klos i\u0161skiria sviest\u0105, pasi\u017eymint\u012f puikiomis dr\u0117kinan\u010diomis ir mink\u0161tinan\u010diomis savyb\u0117mis. Maitinantis ir praturtinantis plaukus jis suteikia jiems ypatingo \u017evilgesio.<\/p>\n<\/div>\n<\/div>\n<\/div>\n<\/div>\n<\/div>\n<\/div>\n<p>&nbsp;<\/p>\n<p>&nbsp;<\/p>\n<p><img loading=\"lazy\" decoding=\"async\" class=\"aligncenter\" src=\"https:\/\/karera.lt\/wp-content\/uploads\/2021\/12\/galutinis-pav.-1024x279.png\" alt=\"\" width=\"829\" height=\"226\" \/><\/p>\n<div data-wp-editing=\"1\"><\/div>\n<div data-wp-editing=\"1\">\n<p class=\"name-wrap\">\n<\/div>\n<div data-wp-editing=\"1\"><\/div>\n<div data-wp-editing=\"1\"><\/div>\n<div data-wp-editing=\"1\"><\/div>\n<div data-wp-editing=\"1\"><\/div>\n<div data-wp-editing=\"1\"><\/div>\n<div data-wp-editing=\"1\"><\/div>","protected":false},"excerpt":{"rendered":"<p><strong>OWAY silk\u2019n glow hair mask<\/strong> &#8211; \u0160VELNINANTI IR MAITINANTI KAUK\u0116 besip\u016b\u010diantiems por\u0117tiems plaukams. U\u017edaro plauko \u017evynelius ir ma\u017eina garbanojim\u0105si bei p\u016btim\u0105si, tod\u0117l plaukai tampa glotn\u016bs ir \u017evilgantys. Mink\u0161ti \u0161ilko \u0161velnumo plaukai.<\/p>\n<p>&nbsp;<\/p>\n<p><strong><em>150ml- aliuminio t\u016bbel\u0117je<\/em><\/strong><\/p>\n<p><strong><em>50ml- aliuminio t\u016bbel\u0117je<\/em><\/strong><\/p>\n<p>&nbsp;<\/p>\n<ul class=\"grid grid-cols-2 gap-x-3 gap-y-5 md:gap-y-2\">\n<li class=\"paragraph-2 relative flex items-center pl-3 font-sans leading-4 opacity-50 before:absolute before:left-0 before:top-1\/2 before:size-1 before:-translate-y-1\/2 before:rounded-full before:bg-oway-dark\"><span class=\"inline-block\">Agricosmetica\u00ae<\/span><\/li>\n<li class=\"paragraph-2 relative flex items-center pl-3 font-sans leading-4 opacity-50 before:absolute before:left-0 before:top-1\/2 before:size-1 before:-translate-y-1\/2 before:rounded-full before:bg-oway-dark\"><span class=\"inline-block\">Eteriniai aliejai<\/span><\/li>\n<li class=\"paragraph-2 relative flex items-center pl-3 font-sans leading-4 opacity-50 before:absolute before:left-0 before:top-1\/2 before:size-1 before:-translate-y-1\/2 before:rounded-full before:bg-oway-dark\"><span class=\"inline-block\">Aliuminio t\u016bbel\u0117je<\/span><\/li>\n<li class=\"paragraph-2 relative flex items-center pl-3 font-sans leading-4 opacity-50 before:absolute before:left-0 before:top-1\/2 before:size-1 before:-translate-y-1\/2 before:rounded-full before:bg-oway-dark\"><span class=\"inline-block\">Pagaminta Italijoje<\/span><\/li>\n<li class=\"paragraph-2 relative flex items-center pl-3 font-sans leading-4 opacity-50 before:absolute before:left-0 before:top-1\/2 before:size-1 before:-translate-y-1\/2 before:rounded-full before:bg-oway-dark\"><span class=\"inline-block\">S\u0105moningai sukurta<\/span><\/li>\n<li class=\"paragraph-2 relative flex items-center pl-3 font-sans leading-4 opacity-50 before:absolute before:left-0 before:top-1\/2 before:size-1 before:-translate-y-1\/2 before:rounded-full before:bg-oway-dark\"><span class=\"inline-block\">Profesionalus produktas<\/span><\/li>\n<\/ul>\n<p>&nbsp;<\/p>\n<p>&nbsp;<\/p>\n<p>&nbsp;<\/p>\n<p>&nbsp;<\/p>","protected":false},"featured_media":8642,"comment_status":"open","ping_status":"closed","template":"","meta":[],"product_brand":[],"product_cat":[280,282],"product_tag":[298,284,296],"class_list":{"0":"post-8638","1":"product","2":"type-product","3":"status-publish","4":"has-post-thumbnail","6":"product_cat-oway","7":"product_cat-oway-kondicionieriai-kaukes","8":"product_tag-kauke-besipuciantiems-plaukams","9":"product_tag-oway","10":"product_tag-oway-kauke","12":"first","13":"onbackorder","14":"shipping-taxable","15":"purchasable","16":"product-type-variable"},"_links":{"self":[{"href":"https:\/\/rupa.lt\/en\/wp-json\/wp\/v2\/product\/8638","targetHints":{"allow":["GET"]}}],"collection":[{"href":"https:\/\/rupa.lt\/en\/wp-json\/wp\/v2\/product"}],"about":[{"href":"https:\/\/rupa.lt\/en\/wp-json\/wp\/v2\/types\/product"}],"replies":[{"embeddable":true,"href":"https:\/\/rupa.lt\/en\/wp-json\/wp\/v2\/comments?post=8638"}],"wp:featuredmedia":[{"embeddable":true,"href":"https:\/\/rupa.lt\/en\/wp-json\/wp\/v2\/media\/8642"}],"wp:attachment":[{"href":"https:\/\/rupa.lt\/en\/wp-json\/wp\/v2\/media?parent=8638"}],"wp:term":[{"taxonomy":"product_brand","embeddable":true,"href":"https:\/\/rupa.lt\/en\/wp-json\/wp\/v2\/product_brand?post=8638"},{"taxonomy":"product_cat","embeddable":true,"href":"https:\/\/rupa.lt\/en\/wp-json\/wp\/v2\/product_cat?post=8638"},{"taxonomy":"product_tag","embeddable":true,"href":"https:\/\/rupa.lt\/en\/wp-json\/wp\/v2\/product_tag?post=8638"}],"curies":[{"name":"wp","href":"https:\/\/api.w.org\/{rel}","templated":true}]}}