{"id":8632,"date":"2022-07-19T17:10:10","date_gmt":"2022-07-19T14:10:10","guid":{"rendered":"https:\/\/rupa.lt\/?post_type=product&#038;p=8632"},"modified":"2025-12-05T19:07:56","modified_gmt":"2025-12-05T17:07:56","slug":"oway-curly-hair-mask-kauke-garbanotiems-plaukams","status":"publish","type":"product","link":"https:\/\/rupa.lt\/en\/product\/oway-curly-hair-mask-kauke-garbanotiems-plaukams\/","title":{"rendered":"OWAY &#8211; CURLY HAIR MASK- kauk\u0117 garbanotiems plaukams"},"content":{"rendered":"<p><strong>NAUDOJIMAS:<\/strong> Paskirstykite ant \u0161vari\u0173, dr\u0117gn\u0173 plauk\u0173 ir palaikykite 5-10 minutes. Nuskalaukite.<\/p>\n<p><strong>AR \u017dINOJOTE?<\/strong> Tinka po garbanojimo proced\u016br\u0173 salone ir plauk\u0173 prie\u017ei\u016brai namuose. Nor\u0117dami gauti dar ry\u0161kesn\u012f efekt\u0105, plaukus palepinkite garbanot\u0173 plauk\u0173 kauke, \u012ftrinkite masa\u017euojamaisiais judesiais pir\u0161tais plauko \u017evyneli\u0173 kryptimi, palikite nuo 5 iki 10 minu\u010di\u0173, i\u0161\u0161ukuokite ir nuskalaukite. Jei priemon\u0117 aktyvuojama masa\u017euojamaisiais judesiais rankomis, poveikis sustiprinamas, nes plaukai geriau absorbuoja aktyvi\u0105sias med\u017eiagas.<\/p>\n<p><img loading=\"lazy\" decoding=\"async\" class=\"\" src=\"https:\/\/karera.lt\/wp-content\/uploads\/2021\/12\/galutinis-pav.-1024x279.png\" width=\"829\" height=\"226\" \/><\/p>\n<div data-wp-editing=\"1\"><\/div>\n<div data-wp-editing=\"1\">\n<p class=\"name-wrap\">\n<\/div>\n<div data-wp-editing=\"1\"><\/div>\n<div data-wp-editing=\"1\"><\/div>\n<div data-wp-editing=\"1\"><strong>INCI<\/strong><strong>:<\/strong>Aqua\/Water\/Eau OZ, Cetearyl Alcohol ND, Cetrimonium Chloride ND, Myristyl Alcohol ND, Foeniculum Vulgare (Fennel) Oil BD\/EO, Hypericum Perforatum Extract O, Carapa Guaianensis Seed Oil FT, Citrus Limon (Lemon) Peel Oil EO\/BD, Citrus Aurantium Dulcis (Orange) Peel Oil EO, Citrus Aurantium Amara (Bitter Orange) Leaf\/ Twig Oil EO, Citrus Aurantium Bergamia (Bergamot) Extract ND, Citrus Nobilis (Mandarin Orange) Peel Oil EO, Coriandrum Sativum (Coriander) Fruit Oil EO, Elettaria Cardamomum (Cardamom) Extract ND, Myristica Fragrans (Nutmeg) Extract ND, Pelargonium Graveolens Oil EO, Piper Nigrum (Pepper) Fruit Oil EO, Pogostemon Cablin (Patchouli) Extract ND, Helianthus Annuus Seed Wax ND, Jojoba Esters ND, C13-15 Alkane ND, Myristyl Lactate ND, Dicaprylyl Ether ND, Lauryl Alcohol ND, Glyceryl Laurate ND, Tocopherol ND, Behentrimonium Chloride ND, Citric Acid ND, Polyglycerin-3 ND, 3-Hexenol ND, Gamma-Undecalactone ND, Isopropyl Alcohol, Triethyl Citrate ND, Phenethyl Alcohol ND Benzyl Alcohol, Sodium Benzoate, Potassium Sorbate, Limonene ND, Linalool ND<\/div>\n<div data-wp-editing=\"1\"><\/div>\n<div data-wp-editing=\"1\"><\/div>\n<div data-wp-editing=\"1\"><\/div>\n<div data-wp-editing=\"1\"><\/div>","protected":false},"excerpt":{"rendered":"<p><strong>OWAY curly hair mask &#8211; MAITINANTI IR KUTIKUL\u0118 I\u0160LYGINANTI KAUK\u0116 <\/strong>tobulai atskiria ir pabr\u0117\u017eia garbanas j\u0173 neapsunkinant. Dr\u0117kina ir stiprina garbanot\u0173 plauk\u0173 keratin\u0105. U\u017edaro ir i\u0161lygina kutikul\u0119.<\/p>\n<p><em>150ml- aliuminio t\u016bbel\u0117je<\/em><\/p>\n<p><em>50ml- aliuminio t\u016bbel\u0117je<\/em><\/p>\n<p>&nbsp;<\/p>\n<p>&nbsp;<\/p>\n<p>&nbsp;<\/p>","protected":false},"featured_media":8635,"comment_status":"open","ping_status":"closed","template":"","meta":[],"product_brand":[],"product_cat":[280,282],"product_tag":[297,284,296],"class_list":{"0":"post-8632","1":"product","2":"type-product","3":"status-publish","4":"has-post-thumbnail","6":"product_cat-oway","7":"product_cat-oway-kondicionieriai-kaukes","8":"product_tag-kauke-garbanotiems-plaukams","9":"product_tag-oway","10":"product_tag-oway-kauke","12":"first","13":"onbackorder","14":"shipping-taxable","15":"purchasable","16":"product-type-variable"},"_links":{"self":[{"href":"https:\/\/rupa.lt\/en\/wp-json\/wp\/v2\/product\/8632","targetHints":{"allow":["GET"]}}],"collection":[{"href":"https:\/\/rupa.lt\/en\/wp-json\/wp\/v2\/product"}],"about":[{"href":"https:\/\/rupa.lt\/en\/wp-json\/wp\/v2\/types\/product"}],"replies":[{"embeddable":true,"href":"https:\/\/rupa.lt\/en\/wp-json\/wp\/v2\/comments?post=8632"}],"wp:featuredmedia":[{"embeddable":true,"href":"https:\/\/rupa.lt\/en\/wp-json\/wp\/v2\/media\/8635"}],"wp:attachment":[{"href":"https:\/\/rupa.lt\/en\/wp-json\/wp\/v2\/media?parent=8632"}],"wp:term":[{"taxonomy":"product_brand","embeddable":true,"href":"https:\/\/rupa.lt\/en\/wp-json\/wp\/v2\/product_brand?post=8632"},{"taxonomy":"product_cat","embeddable":true,"href":"https:\/\/rupa.lt\/en\/wp-json\/wp\/v2\/product_cat?post=8632"},{"taxonomy":"product_tag","embeddable":true,"href":"https:\/\/rupa.lt\/en\/wp-json\/wp\/v2\/product_tag?post=8632"}],"curies":[{"name":"wp","href":"https:\/\/api.w.org\/{rel}","templated":true}]}}