{"id":862,"date":"2016-04-20T18:06:42","date_gmt":"2016-04-20T15:06:42","guid":{"rendered":"http:\/\/ekokirpeja.lt\/shop\/naturalmente\/dekoratyvine-kosmetika\/kompaktinis-makiazo-pagrindas\/"},"modified":"2020-03-03T20:22:10","modified_gmt":"2020-03-03T18:22:10","slug":"kompaktinis-makiazo-pagrindas","status":"publish","type":"product","link":"https:\/\/rupa.lt\/en\/product\/kompaktinis-makiazo-pagrindas\/","title":{"rendered":"Kompaktinis makia\u017eo pagrindas"},"content":{"rendered":"","protected":false},"excerpt":{"rendered":"<h2>| Face | Compact foundation<\/h2>\n<p><strong>Kompaktinis makia\u017eo pagrindas, lengvai padengiantis eterinio apelsin\u0173 aliejaus ir kukur\u016bz\u0173 krakmolo pagrindu<\/strong><br \/>\nIdealus mi\u0161riai, brand\u017eiai ir sausai odai, lengvai u\u017etepamas sausa makia\u017eo kempin\u0117le, suteikia spindesio, prie\u0161 tepant pagrind\u0105, patariama nenaudoti jokio bazinio kremo.<\/p>\n<table class=\"makeuppalette\">\n<tbody>\n<tr>\n<td bgcolor=\"#F2CFA6\"><\/td>\n<td width=\"15px\"><\/td>\n<td bgcolor=\"#F2C181\"><\/td>\n<td width=\"15px\"><\/td>\n<td bgcolor=\"#D29D5E\"><\/td>\n<\/tr>\n<tr>\n<td><strong>Savana 01<\/strong><\/td>\n<td><\/td>\n<td><strong>Desert 02<\/strong><\/td>\n<td><\/td>\n<td><strong>Earth 03<\/strong><\/td>\n<\/tr>\n<\/tbody>\n<\/table>","protected":false},"featured_media":863,"comment_status":"open","ping_status":"closed","template":"","meta":[],"product_brand":[],"product_cat":[58],"product_tag":[],"class_list":{"0":"post-862","1":"product","2":"type-product","3":"status-publish","4":"has-post-thumbnail","6":"product_cat-dekoratyvine-kosmetika","8":"first","9":"outofstock","10":"shipping-taxable","11":"purchasable","12":"product-type-simple"},"_links":{"self":[{"href":"https:\/\/rupa.lt\/en\/wp-json\/wp\/v2\/product\/862","targetHints":{"allow":["GET"]}}],"collection":[{"href":"https:\/\/rupa.lt\/en\/wp-json\/wp\/v2\/product"}],"about":[{"href":"https:\/\/rupa.lt\/en\/wp-json\/wp\/v2\/types\/product"}],"replies":[{"embeddable":true,"href":"https:\/\/rupa.lt\/en\/wp-json\/wp\/v2\/comments?post=862"}],"wp:featuredmedia":[{"embeddable":true,"href":"https:\/\/rupa.lt\/en\/wp-json\/wp\/v2\/media\/863"}],"wp:attachment":[{"href":"https:\/\/rupa.lt\/en\/wp-json\/wp\/v2\/media?parent=862"}],"wp:term":[{"taxonomy":"product_brand","embeddable":true,"href":"https:\/\/rupa.lt\/en\/wp-json\/wp\/v2\/product_brand?post=862"},{"taxonomy":"product_cat","embeddable":true,"href":"https:\/\/rupa.lt\/en\/wp-json\/wp\/v2\/product_cat?post=862"},{"taxonomy":"product_tag","embeddable":true,"href":"https:\/\/rupa.lt\/en\/wp-json\/wp\/v2\/product_tag?post=862"}],"curies":[{"name":"wp","href":"https:\/\/api.w.org\/{rel}","templated":true}]}}