{"id":8608,"date":"2022-06-28T09:59:03","date_gmt":"2022-06-28T06:59:03","guid":{"rendered":"https:\/\/rupa.lt\/?post_type=product&#038;p=8608"},"modified":"2026-04-11T14:59:35","modified_gmt":"2026-04-11T11:59:35","slug":"oway-smoothing-hair-bath-glotninantis-sampunas","status":"publish","type":"product","link":"https:\/\/rupa.lt\/en\/product\/oway-smoothing-hair-bath-glotninantis-sampunas\/","title":{"rendered":"OWAY SMOOTHING HAIR BATH- glotninantis \u0161amp\u016bnas"},"content":{"rendered":"<p>Tinka ploniems, vidutinio storumo ir storiems plaukams. Idealiai tinka norint suma\u017einti plauk\u0173 apimt\u012f be chemini\u0173 proced\u016br\u0173.<\/p>\n<p><strong>AROMAT\u0172 PUOK\u0160T\u0116: Kedras, bergamot\u0117, arbatmedis, kvapusis kanaris ir kvapioji bursera. <\/strong>Rafinuotas med\u017eio ir citrusini\u0173 nat\u0173 derinys glotnina ir suteikia plaukams tobul\u0105 \u017evilges\u012f bei apsaug\u0105. Aromaterapinis poveikis: nuteikia \u0161velniai ir su\u0161ildo.<\/p>\n<p><strong>NAUDOJIMAS:<\/strong> Paskirstykite ant dr\u0117gn\u0173 plauk\u0173, \u012ftrinkite masa\u017euojamaisiais judesiais ir nuskalaukite. Jei reikia, kartokite.<\/p>\n<h3><\/h3>\n<h3 class=\"yikes-custom-woo-tab-title yikes-custom-woo-tab-title-aktyvus-ingredientai\"><strong>Aktyv\u016bs ingredientai<\/strong><\/h3>\n<p><strong><img loading=\"lazy\" decoding=\"async\" class=\"alignleft size-thumbnail wp-image-5399 entered lazyloaded\" src=\"https:\/\/karera.lt\/wp-content\/uploads\/2021\/12\/CARVIII-1-150x150.png\" sizes=\"auto, (max-width: 150px) 100vw, 150px\" srcset=\"https:\/\/karera.lt\/wp-content\/uploads\/2021\/12\/CARVIII-1-150x150.png 150w, https:\/\/karera.lt\/wp-content\/uploads\/2021\/12\/CARVIII-1-300x300.png 300w, https:\/\/karera.lt\/wp-content\/uploads\/2021\/12\/CARVIII-1.png 500w\" alt=\"\" width=\"150\" height=\"150\" data-lazy-srcset=\"https:\/\/karera.lt\/wp-content\/uploads\/2021\/12\/CARVIII-1-150x150.png 150w, https:\/\/karera.lt\/wp-content\/uploads\/2021\/12\/CARVIII-1-300x300.png 300w, https:\/\/karera.lt\/wp-content\/uploads\/2021\/12\/CARVIII-1.png 500w\" data-lazy-sizes=\"(max-width: 150px) 100vw, 150px\" data-lazy-src=\"https:\/\/karera.lt\/wp-content\/uploads\/2021\/12\/CARVIII-1-150x150.png\" data-ll-status=\"loaded\" \/>BIODINAMINIS KMYN\u0172 EKSTRAKTAS<br \/>\n<\/strong>Tai vienas seniausiai Europoje naudojam\u0173 prieskoni\u0173, pasi\u017eymintis stipriomis aromatin\u0117mis savyb\u0117mis, kurios atgaivina prot\u0105 ir su\u017eadina optimizm\u0105. Kmynai yra svarbus kompleksini\u0173 ir nat\u016brali\u0173 antioksidant\u0173, toki\u0173 kaip karotinas, liuteinas ir vitaminas E, \u0161altinis. Be to, jie pasi\u017eymi detoksikuojan\u010diomis savyb\u0117mis, kurios stimuliuoja galvos odos mikrocirkuliacij\u0105 ir valo plaukus.<\/p>\n<p>&nbsp;<\/p>\n<p><strong><img loading=\"lazy\" decoding=\"async\" class=\"alignleft size-thumbnail wp-image-5398 entered lazyloaded\" src=\"https:\/\/karera.lt\/wp-content\/uploads\/2021\/12\/ROSAAA-1-150x150.png\" sizes=\"auto, (max-width: 150px) 100vw, 150px\" srcset=\"https:\/\/karera.lt\/wp-content\/uploads\/2021\/12\/ROSAAA-1-150x150.png 150w, https:\/\/karera.lt\/wp-content\/uploads\/2021\/12\/ROSAAA-1-300x300.png 300w, https:\/\/karera.lt\/wp-content\/uploads\/2021\/12\/ROSAAA-1.png 500w\" alt=\"\" width=\"150\" height=\"150\" data-lazy-srcset=\"https:\/\/karera.lt\/wp-content\/uploads\/2021\/12\/ROSAAA-1-150x150.png 150w, https:\/\/karera.lt\/wp-content\/uploads\/2021\/12\/ROSAAA-1-300x300.png 300w, https:\/\/karera.lt\/wp-content\/uploads\/2021\/12\/ROSAAA-1.png 500w\" data-lazy-sizes=\"(max-width: 150px) 100vw, 150px\" data-lazy-src=\"https:\/\/karera.lt\/wp-content\/uploads\/2021\/12\/ROSAAA-1-150x150.png\" data-ll-status=\"loaded\" \/>EKOLOGI\u0160KAS DAMASKO RO\u017dI\u0172 EKSTRATAS<br \/>\n<\/strong>\u0160ios ro\u017e\u0117s, dar vadinamos \u201ero\u017ei\u0173 karaliene\u201c, lapeliuose yra didelis kiekis pektino, \u2013 med\u017eiagos, kuri \u017einoma d\u0117l savo dr\u0117kinan\u010di\u0173 ir hidroreguliacini\u0173 savybi\u0173, kurios palaiko optimali\u0105 plauk\u0173 dr\u0117gm\u0117s pusiausvyr\u0105. \u017diedlapiuose esantys antocianinai ir flavonoidai turi galing\u0105 antioksidacin\u012f poveik\u012f.<\/p>\n<p>&nbsp;<\/p>\n<p><strong><img loading=\"lazy\" decoding=\"async\" class=\"alignleft wp-image-5397 size-thumbnail entered lazyloaded\" src=\"https:\/\/karera.lt\/wp-content\/uploads\/2021\/12\/baobabbb-1-150x150.png\" sizes=\"auto, (max-width: 150px) 100vw, 150px\" srcset=\"https:\/\/karera.lt\/wp-content\/uploads\/2021\/12\/baobabbb-1-150x150.png 150w, https:\/\/karera.lt\/wp-content\/uploads\/2021\/12\/baobabbb-1-300x300.png 300w, https:\/\/karera.lt\/wp-content\/uploads\/2021\/12\/baobabbb-1.png 500w\" alt=\"\" width=\"150\" height=\"150\" data-lazy-srcset=\"https:\/\/karera.lt\/wp-content\/uploads\/2021\/12\/baobabbb-1-150x150.png 150w, https:\/\/karera.lt\/wp-content\/uploads\/2021\/12\/baobabbb-1-300x300.png 300w, https:\/\/karera.lt\/wp-content\/uploads\/2021\/12\/baobabbb-1.png 500w\" data-lazy-sizes=\"(max-width: 150px) 100vw, 150px\" data-lazy-src=\"https:\/\/karera.lt\/wp-content\/uploads\/2021\/12\/baobabbb-1-150x150.png\" data-ll-status=\"loaded\" \/><\/strong><\/p>\n<p><strong><br \/>\nVADOVAUJANTIS ETINIAIS PRINCIPAIS GAUTAS BURITI VAISI\u0172 ALIEJUS<br \/>\n<\/strong>I\u0161 Amazon\u0117s regiono kil\u0119s aliejus suformuoja barjer\u0105, reguliuojant\u012f med\u017eiag\u0173 mainus su i\u0161orine atmosfera, kuris padeda plaukams ilgiau i\u0161saugoti dr\u0117gm\u0119. Apsaugo plaukus nuo dehidravimo. Atgaivina plaukus suteikdamas gyvybingumo ir \u017evilgesio.<\/p>\n<p>&nbsp;<\/p>\n<p>&nbsp;<\/p>\n<div data-wp-editing=\"1\"><img loading=\"lazy\" decoding=\"async\" class=\"aligncenter\" src=\"https:\/\/karera.lt\/wp-content\/uploads\/2021\/12\/galutinis-pav.-1024x279.png\" alt=\"\" width=\"1024\" height=\"279\" \/><\/div>\n<div data-wp-editing=\"1\"><\/div>\n<div data-wp-editing=\"1\"><\/div>\n<div data-wp-editing=\"1\"><\/div>\n<div data-wp-editing=\"1\"><\/div>\n<div data-wp-editing=\"1\"><\/div>\n<div data-wp-editing=\"1\"><\/div>","protected":false},"excerpt":{"rendered":"<p><strong>OWAY smoothing hair bath<\/strong> &#8211; MINK\u0160TINANTIS IR GLOTNINANTIS \u0160AMP\u016aNAS \u0161velniai plauna sunkiai suvaldomus plaukus. I\u0161lygina kutikul\u0119 ir sustiprina \u017evilges\u012f. Padeda kontroliuoti apimt\u012f, kad plaukai b\u016bt\u0173 tobulai lyg\u016bs. Ties\u016bs ir \u201esudrausminti\u201c plaukai.<\/p>\n<p>&nbsp;<\/p>\n<p><strong>240ml- stikliniame buteliuke<\/strong><\/p>\n<ul class=\"grid grid-cols-2 gap-x-3 gap-y-5 md:gap-y-2\">\n<li class=\"paragraph-2 relative flex items-center pl-3 font-sans leading-4 opacity-50 before:absolute before:left-0 before:top-1\/2 before:size-1 before:-translate-y-1\/2 before:rounded-full before:bg-oway-dark\"><span class=\"inline-block\">Agricosmetica\u00ae<\/span><\/li>\n<li class=\"paragraph-2 relative flex items-center pl-3 font-sans leading-4 opacity-50 before:absolute before:left-0 before:top-1\/2 before:size-1 before:-translate-y-1\/2 before:rounded-full before:bg-oway-dark\"><span class=\"inline-block\">Eteriniai aliejai<\/span><\/li>\n<li class=\"paragraph-2 relative flex items-center pl-3 font-sans leading-4 opacity-50 before:absolute before:left-0 before:top-1\/2 before:size-1 before:-translate-y-1\/2 before:rounded-full before:bg-oway-dark\"><span class=\"inline-block\">Stiklas ir Aliuminis<\/span><\/li>\n<li class=\"paragraph-2 relative flex items-center pl-3 font-sans leading-4 opacity-50 before:absolute before:left-0 before:top-1\/2 before:size-1 before:-translate-y-1\/2 before:rounded-full before:bg-oway-dark\"><span class=\"inline-block\">Pagaminta Italijoje<\/span><\/li>\n<li class=\"paragraph-2 relative flex items-center pl-3 font-sans leading-4 opacity-50 before:absolute before:left-0 before:top-1\/2 before:size-1 before:-translate-y-1\/2 before:rounded-full before:bg-oway-dark\"><span class=\"inline-block\">S\u0105moningai sukurta<\/span><\/li>\n<li class=\"paragraph-2 relative flex items-center pl-3 font-sans leading-4 opacity-50 before:absolute before:left-0 before:top-1\/2 before:size-1 before:-translate-y-1\/2 before:rounded-full before:bg-oway-dark\"><span class=\"inline-block\">Profesionalus produktas<\/span><\/li>\n<\/ul>\n<p><em><a href=\"https:\/\/rupa.lt\/en\/product\/nerudijancio-plieno-dozatorius\/\">\u012esigyti metalin\u012f dozatori\u0173 prie buteliuko<\/a><\/em><\/p>\n<p>&nbsp;<\/p>\n<p>&nbsp;<\/p>\n<p>&nbsp;<\/p>","protected":false},"featured_media":8609,"comment_status":"open","ping_status":"closed","template":"","meta":[],"product_brand":[],"product_cat":[280,281],"product_tag":[286,285,284,40],"class_list":{"0":"post-8608","1":"product","2":"type-product","3":"status-publish","4":"has-post-thumbnail","6":"product_cat-oway","7":"product_cat-oway-sampunai","8":"product_tag-glotninantis","9":"product_tag-oraganiskas","10":"product_tag-oway","11":"product_tag-sampunas","13":"first","14":"instock","15":"shipping-taxable","16":"purchasable","17":"product-type-variable"},"_links":{"self":[{"href":"https:\/\/rupa.lt\/en\/wp-json\/wp\/v2\/product\/8608","targetHints":{"allow":["GET"]}}],"collection":[{"href":"https:\/\/rupa.lt\/en\/wp-json\/wp\/v2\/product"}],"about":[{"href":"https:\/\/rupa.lt\/en\/wp-json\/wp\/v2\/types\/product"}],"replies":[{"embeddable":true,"href":"https:\/\/rupa.lt\/en\/wp-json\/wp\/v2\/comments?post=8608"}],"wp:featuredmedia":[{"embeddable":true,"href":"https:\/\/rupa.lt\/en\/wp-json\/wp\/v2\/media\/8609"}],"wp:attachment":[{"href":"https:\/\/rupa.lt\/en\/wp-json\/wp\/v2\/media?parent=8608"}],"wp:term":[{"taxonomy":"product_brand","embeddable":true,"href":"https:\/\/rupa.lt\/en\/wp-json\/wp\/v2\/product_brand?post=8608"},{"taxonomy":"product_cat","embeddable":true,"href":"https:\/\/rupa.lt\/en\/wp-json\/wp\/v2\/product_cat?post=8608"},{"taxonomy":"product_tag","embeddable":true,"href":"https:\/\/rupa.lt\/en\/wp-json\/wp\/v2\/product_tag?post=8608"}],"curies":[{"name":"wp","href":"https:\/\/api.w.org\/{rel}","templated":true}]}}