{"id":859,"date":"2016-04-20T17:55:20","date_gmt":"2016-04-20T14:55:20","guid":{"rendered":"http:\/\/ekokirpeja.lt\/?post_type=product&#038;p=859"},"modified":"2020-03-03T20:24:31","modified_gmt":"2020-03-03T18:24:31","slug":"skystas-makiazo-pagrindas","status":"publish","type":"product","link":"https:\/\/rupa.lt\/en\/product\/skystas-makiazo-pagrindas\/","title":{"rendered":"Skystas makia\u017eo pagrindas"},"content":{"rendered":"","protected":false},"excerpt":{"rendered":"<h2>| Face | Liquid foundation<\/h2>\n<p><strong>Skystas makia\u017eo pagrindas, visi\u0161kai padengiantis, jogurto milteli\u0173 ir mieli\u0173 ekstrakto pagrindu<\/strong><br \/>\nIdealus mi\u0161riai ir riebiai odai, lengvai u\u017etepamas pir\u0161tais arba kempin\u0117le, oda \u012fgauna matin\u012f atspalv\u012f, prie\u0161 u\u017etepant pagrind\u0105, patariama pasitepti baziniu kremu.<\/p>\n<table class=\"makeuppalette\">\n<tbody>\n<tr>\n<td bgcolor=\"#FDDCB4\"><\/td>\n<td width=\"15px\"><\/td>\n<td bgcolor=\"#F2CFA6\"><\/td>\n<td width=\"15px\"><\/td>\n<td bgcolor=\"#F2C181\"><\/td>\n<\/tr>\n<tr>\n<td><strong>Rice 01<\/strong><\/td>\n<td><\/td>\n<td><strong>Vanilla 02<\/strong><\/td>\n<td><\/td>\n<td><strong>Spelt 03<\/strong><\/td>\n<\/tr>\n<\/tbody>\n<\/table>","protected":false},"featured_media":860,"comment_status":"open","ping_status":"closed","template":"","meta":[],"product_brand":[],"product_cat":[58],"product_tag":[],"class_list":{"0":"post-859","1":"product","2":"type-product","3":"status-publish","4":"has-post-thumbnail","6":"product_cat-dekoratyvine-kosmetika","8":"first","9":"outofstock","10":"shipping-taxable","11":"purchasable","12":"product-type-simple"},"_links":{"self":[{"href":"https:\/\/rupa.lt\/en\/wp-json\/wp\/v2\/product\/859","targetHints":{"allow":["GET"]}}],"collection":[{"href":"https:\/\/rupa.lt\/en\/wp-json\/wp\/v2\/product"}],"about":[{"href":"https:\/\/rupa.lt\/en\/wp-json\/wp\/v2\/types\/product"}],"replies":[{"embeddable":true,"href":"https:\/\/rupa.lt\/en\/wp-json\/wp\/v2\/comments?post=859"}],"wp:featuredmedia":[{"embeddable":true,"href":"https:\/\/rupa.lt\/en\/wp-json\/wp\/v2\/media\/860"}],"wp:attachment":[{"href":"https:\/\/rupa.lt\/en\/wp-json\/wp\/v2\/media?parent=859"}],"wp:term":[{"taxonomy":"product_brand","embeddable":true,"href":"https:\/\/rupa.lt\/en\/wp-json\/wp\/v2\/product_brand?post=859"},{"taxonomy":"product_cat","embeddable":true,"href":"https:\/\/rupa.lt\/en\/wp-json\/wp\/v2\/product_cat?post=859"},{"taxonomy":"product_tag","embeddable":true,"href":"https:\/\/rupa.lt\/en\/wp-json\/wp\/v2\/product_tag?post=859"}],"curies":[{"name":"wp","href":"https:\/\/api.w.org\/{rel}","templated":true}]}}