{"id":8576,"date":"2022-05-14T17:41:15","date_gmt":"2022-05-14T14:41:15","guid":{"rendered":"https:\/\/rupa.lt\/?post_type=product&#038;p=8576"},"modified":"2026-03-21T12:26:26","modified_gmt":"2026-03-21T10:26:26","slug":"moisturizing-hair-mask-drekinamoji-plauku-kauke","status":"publish","type":"product","link":"https:\/\/rupa.lt\/en\/product\/moisturizing-hair-mask-drekinamoji-plauku-kauke\/","title":{"rendered":"OWAY- MOISTURIZING HAIR MASK- dr\u0117kinamoji plauk\u0173 kauk\u0117"},"content":{"rendered":"<p><strong>NAUDOJIMAS:<\/strong>\u00a0 Paskirstykite ant \u0161vari\u0173, dr\u0117gn\u0173 plauk\u0173 ir palaikykite 5-10 minutes. Nuskalaukite.<\/p>\n<p><strong>AR \u017dINOJOTE?<\/strong> Idealiai tinka ir tais atvejais, kai plaukai paliekami i\u0161d\u017ei\u016bti savaime, nes priemon\u0117 suteikia plaukams lankstumo. Optimalus apsaugos nuo sen\u0117jimo efektas, nes papildomos vandens ir lipid\u0173 atsargos. Aktyvuojant priemon\u0119 rank\u0173 masa\u017eo pagalba poveikis dar labiau sustiprinamas, nes geriau absorbuojamos aktyviosios sud\u0117tin\u0117s dalys. Nor\u0117dami dar ry\u0161kesnio poveikio kauk \u012ftrinkite masa\u017euojamaisiais judesiais pir\u0161t\u0173 galiukais, palikite nuo 5 iki 10 minu\u010di\u0173, i\u0161\u0161ukuokite ir nuskalaukite.<\/p>\n<h3 class=\"yikes-custom-woo-tab-title yikes-custom-woo-tab-title-aktyvus-ingredientai\">Aktyv\u016bs ingredientai:<\/h3>\n<div class=\"page\" title=\"Page 110\">\n<div class=\"layoutArea\">\n<div class=\"column\">\n<p>&nbsp;<\/p>\n<p><img loading=\"lazy\" decoding=\"async\" class=\"alignleft wp-image-16709 size-thumbnail entered lazyloaded\" src=\"https:\/\/karera.lt\/wp-content\/uploads\/2023\/09\/OLIO-DI-OLIVA_218X205_3-150x150.png\" alt=\"\" width=\"150\" height=\"150\" data-lazy-src=\"https:\/\/karera.lt\/wp-content\/uploads\/2023\/09\/OLIO-DI-OLIVA_218X205_3-150x150.png\" data-ll-status=\"loaded\" \/><br \/>\n<strong>ALYVUOGI\u0172 KAULIUK\u0172 ALIEJUS<\/strong><br \/>\nAugalin\u0117s kilm\u0117s veiklioji med\u017eiaga: d\u0117l polifenoli\u0173 ir riebal\u0173 r\u016bg\u0161\u010di\u0173 pasi\u017eymi apsauginiu, dr\u0117kinamuoju poveikiu.<\/p>\n<\/div>\n<\/div>\n<\/div>\n<p>&nbsp;<\/p>\n<p>&nbsp;<\/p>\n<p><strong><img loading=\"lazy\" decoding=\"async\" class=\"alignleft size-thumbnail wp-image-5417 entered lazyloaded\" src=\"https:\/\/karera.lt\/wp-content\/uploads\/2021\/04\/NOCEEE-150x150.png\" sizes=\"auto, (max-width: 150px) 100vw, 150px\" srcset=\"https:\/\/karera.lt\/wp-content\/uploads\/2021\/04\/NOCEEE-150x150.png 150w, https:\/\/karera.lt\/wp-content\/uploads\/2021\/04\/NOCEEE-300x300.png 300w, https:\/\/karera.lt\/wp-content\/uploads\/2021\/04\/NOCEEE.png 500w\" alt=\"\" width=\"150\" height=\"150\" data-lazy-srcset=\"https:\/\/karera.lt\/wp-content\/uploads\/2021\/04\/NOCEEE-150x150.png 150w, https:\/\/karera.lt\/wp-content\/uploads\/2021\/04\/NOCEEE-300x300.png 300w, https:\/\/karera.lt\/wp-content\/uploads\/2021\/04\/NOCEEE.png 500w\" data-lazy-sizes=\"(max-width: 150px) 100vw, 150px\" data-lazy-src=\"https:\/\/karera.lt\/wp-content\/uploads\/2021\/04\/NOCEEE-150x150.png\" data-ll-status=\"loaded\" \/><\/strong><\/p>\n<p>&nbsp;<\/p>\n<p><strong>BIODINAMINIS LAZDYNO RIE\u0160UT\u0172 EKSTRAKTAS<\/strong><br \/>\nSud\u0117tyje esantys fenoliai ir taninai mink\u0161tina ir atkuria plauko strukt\u016br\u0105, tod\u0117l plaukus lengva i\u0161\u0161ukuoti, taip pat saugo nuo laisv\u0173j\u0173 radikal\u0173 ir antioksidant\u0173 poveikio. Plaukai apsaugomi nuo \u017ealing\u0173 aplinkos veiksni\u0173.<\/p>\n<p>&nbsp;<\/p>\n<div data-wp-editing=\"1\"><img loading=\"lazy\" decoding=\"async\" class=\"aligncenter\" src=\"https:\/\/karera.lt\/wp-content\/uploads\/2021\/12\/galutinis-pav.-1024x279.png\" alt=\"\" width=\"782\" height=\"213\" \/><\/div>\n<div class=\"woocommerce-tabs wc-tabs-wrapper\">\n<div id=\"tab-description\" class=\"woocommerce-Tabs-panel woocommerce-Tabs-panel--description panel entry-content wc-tab\" role=\"tabpanel\" aria-labelledby=\"tab-title-description\">\n<div data-wp-editing=\"1\"><\/div>\n<\/div>\n<\/div>\n<p>&nbsp;<\/p>\n<div data-wp-editing=\"1\">\n<div class=\"img-wrap\"><\/div>\n<p class=\"name-wrap\">\n<\/div>\n<div data-wp-editing=\"1\"><\/div>\n<div data-wp-editing=\"1\"><\/div>\n<div data-wp-editing=\"1\"><\/div>\n<div data-wp-editing=\"1\"><\/div>\n<div data-wp-editing=\"1\"><\/div>\n<div data-wp-editing=\"1\"><\/div>","protected":false},"excerpt":{"rendered":"<p><strong>OWAY moisturizing hair mask<\/strong> &#8211; DR\u0116KINAMOJI PLAUK\u0172 KAUK\u0116 lepina, mink\u0161tina ir pamaitina kiekvien\u0105 plauk\u0173 sruog\u0105 . Apsaugo nuo plauk\u0173 galiuk\u0173 skilin\u0117jimo. Plaukai tampa elastingesni ir atsparesni. Suteikia ilgalaik\u012f dr\u0117kinim\u0105.<\/p>\n<p>&nbsp;<\/p>\n<p><strong><em>150ml- aliuminio t\u016bbel\u0117je<\/em><\/strong><\/p>\n<p><strong><em>50ml- aliuminio t\u016bbel\u0117je<\/em><\/strong><\/p>\n<p>&nbsp;<\/p>\n<ul class=\"grid grid-cols-2 gap-x-3 gap-y-5 md:gap-y-2\">\n<li class=\"paragraph-2 relative flex items-center pl-3 font-sans leading-4 opacity-50 before:absolute before:left-0 before:top-1\/2 before:size-1 before:-translate-y-1\/2 before:rounded-full before:bg-oway-dark\"><span class=\"inline-block\">Agricosmetica\u00ae<\/span><\/li>\n<li class=\"paragraph-2 relative flex items-center pl-3 font-sans leading-4 opacity-50 before:absolute before:left-0 before:top-1\/2 before:size-1 before:-translate-y-1\/2 before:rounded-full before:bg-oway-dark\"><span class=\"inline-block\">Eteriniai aliejai<\/span><\/li>\n<li class=\"paragraph-2 relative flex items-center pl-3 font-sans leading-4 opacity-50 before:absolute before:left-0 before:top-1\/2 before:size-1 before:-translate-y-1\/2 before:rounded-full before:bg-oway-dark\"><span class=\"inline-block\">Aliuminio t\u016bbel\u0117je<\/span><\/li>\n<li class=\"paragraph-2 relative flex items-center pl-3 font-sans leading-4 opacity-50 before:absolute before:left-0 before:top-1\/2 before:size-1 before:-translate-y-1\/2 before:rounded-full before:bg-oway-dark\"><span class=\"inline-block\">Pagaminta Italijoje<\/span><\/li>\n<li class=\"paragraph-2 relative flex items-center pl-3 font-sans leading-4 opacity-50 before:absolute before:left-0 before:top-1\/2 before:size-1 before:-translate-y-1\/2 before:rounded-full before:bg-oway-dark\"><span class=\"inline-block\">S\u0105moningai sukurta<\/span><\/li>\n<li class=\"paragraph-2 relative flex items-center pl-3 font-sans leading-4 opacity-50 before:absolute before:left-0 before:top-1\/2 before:size-1 before:-translate-y-1\/2 before:rounded-full before:bg-oway-dark\"><span class=\"inline-block\">Profesionalus produktas<\/span><\/li>\n<\/ul>\n<p>&nbsp;<\/p>\n<p>&nbsp;<\/p>","protected":false},"featured_media":8579,"comment_status":"open","ping_status":"closed","template":"","meta":[],"product_brand":[],"product_cat":[280,282],"product_tag":[336,289],"class_list":{"0":"post-8576","1":"product","2":"type-product","3":"status-publish","4":"has-post-thumbnail","6":"product_cat-oway","7":"product_cat-oway-kondicionieriai-kaukes","8":"product_tag-drekinimas","9":"product_tag-sausiems-plaukams","11":"first","12":"instock","13":"shipping-taxable","14":"purchasable","15":"product-type-variable"},"_links":{"self":[{"href":"https:\/\/rupa.lt\/en\/wp-json\/wp\/v2\/product\/8576","targetHints":{"allow":["GET"]}}],"collection":[{"href":"https:\/\/rupa.lt\/en\/wp-json\/wp\/v2\/product"}],"about":[{"href":"https:\/\/rupa.lt\/en\/wp-json\/wp\/v2\/types\/product"}],"replies":[{"embeddable":true,"href":"https:\/\/rupa.lt\/en\/wp-json\/wp\/v2\/comments?post=8576"}],"wp:featuredmedia":[{"embeddable":true,"href":"https:\/\/rupa.lt\/en\/wp-json\/wp\/v2\/media\/8579"}],"wp:attachment":[{"href":"https:\/\/rupa.lt\/en\/wp-json\/wp\/v2\/media?parent=8576"}],"wp:term":[{"taxonomy":"product_brand","embeddable":true,"href":"https:\/\/rupa.lt\/en\/wp-json\/wp\/v2\/product_brand?post=8576"},{"taxonomy":"product_cat","embeddable":true,"href":"https:\/\/rupa.lt\/en\/wp-json\/wp\/v2\/product_cat?post=8576"},{"taxonomy":"product_tag","embeddable":true,"href":"https:\/\/rupa.lt\/en\/wp-json\/wp\/v2\/product_tag?post=8576"}],"curies":[{"name":"wp","href":"https:\/\/api.w.org\/{rel}","templated":true}]}}