{"id":8572,"date":"2022-05-14T17:07:59","date_gmt":"2022-05-14T14:07:59","guid":{"rendered":"https:\/\/rupa.lt\/?post_type=product&#038;p=8572"},"modified":"2025-12-05T19:03:22","modified_gmt":"2025-12-05T17:03:22","slug":"oway-no-rinse-moist-conditioner-nenuplaunamas-kondicionierius","status":"publish","type":"product","link":"https:\/\/rupa.lt\/en\/product\/oway-no-rinse-moist-conditioner-nenuplaunamas-kondicionierius\/","title":{"rendered":"OWAY NO RINSE MOIST CONDITIONER- nenuplaunamas kondicionierius"},"content":{"rendered":"<p><strong>OWAY NO RINSE MOIST CONDITIONER<\/strong>&#8211; nenuplaunamas kondicionierius<\/p>\n<p><strong>AROMATAS- vanil\u0117, cinamonas, apelsinas. <\/strong>Sodrios natos, jausmingas ir \u0161iek tiek pikanti\u0161kas aromatas. Maitinan\u010di\u0173 produkt\u0173 linija, atkurianti plauk\u0173 elastingum\u0105 ir suteikianti ilgalaik\u012f dr\u0117kinim\u0105. Aromaterapinis poveikis: atpalaiduojantis ir jausmingas.<\/p>\n<p><strong>NAUDOJIMAS:<\/strong> Purk\u0161kite ant \u0161vari\u0173, rank\u0161luos\u010diu nusausint\u0173 plauk\u0173 tolygiai paskirstant per vis\u0105 plauk\u0173 ilg\u012f. Toliau formuokite \u0161ukuosen\u0105 kaip \u012fprastai.<\/p>\n<p><strong>AR \u017dINOJOTE?<\/strong> Paruo\u0161ia plaukus prie\u0161 formavim\u0105 optimizuojant formavimo priemoni\u0173 poveik\u012f. D\u017eiovinimo metu purk\u0161kite ant labiau pa\u017eeist\u0173 plauk\u0173 viet\u0173 \u2013 taip jie labiau \u017evilg\u0117s. D\u0117l sud\u0117tyje esan\u010dios med\u017eiagos, i\u0161gautos i\u0161 makadamij\u0173 aliejaus plaukai sudr\u0117kinami, o hidrolizuoti augaliniai baltymai suteikia apimties.<\/p>\n<div data-wp-editing=\"1\"><\/div>\n<div data-wp-editing=\"1\"><\/div>\n<div data-wp-editing=\"1\"><\/div>\n<div data-wp-editing=\"1\"><img loading=\"lazy\" decoding=\"async\" class=\"aligncenter\" src=\"https:\/\/karera.lt\/wp-content\/uploads\/2021\/12\/galutinis-pav.-1024x279.png\" alt=\"\" width=\"1024\" height=\"279\" \/><\/div>\n<div data-wp-editing=\"1\"><\/div>\n<div data-wp-editing=\"1\"><\/div>\n<div data-wp-editing=\"1\"><\/div>\n<div data-wp-editing=\"1\"><\/div>\n<div data-wp-editing=\"1\"><\/div>\n<div data-wp-editing=\"1\"><\/div>","protected":false},"excerpt":{"rendered":"<p><strong>OWAY no-rinse moist conditioner<\/strong> &#8211; NENUSKALAUJAMAS DR\u0116KINAMASIS KONDICIONIERIUS. Su juo net ir itin sausi plaukai akimirksniu tampa lengvai \u0161ukuojami. Plaukai tampa \u0161veln\u016bs ir nesivelia. Pamaitina ir stiprina neapsunkindamas plauk\u0173.<\/p>\n<p>&nbsp;<\/p>\n<p><strong>160ml- stikliniame buteliuke<\/strong><\/p>\n<p>&nbsp;<\/p>\n<ul class=\"grid grid-cols-2 gap-x-3 gap-y-5 md:gap-y-2\">\n<li class=\"paragraph-2 relative flex items-center pl-3 font-sans leading-4 opacity-50 before:absolute before:left-0 before:top-1\/2 before:size-1 before:-translate-y-1\/2 before:rounded-full before:bg-oway-dark\"><span class=\"inline-block\">Agricosmetica\u00ae<\/span><\/li>\n<li class=\"paragraph-2 relative flex items-center pl-3 font-sans leading-4 opacity-50 before:absolute before:left-0 before:top-1\/2 before:size-1 before:-translate-y-1\/2 before:rounded-full before:bg-oway-dark\"><span class=\"inline-block\">Eteriniai aliejai<\/span><\/li>\n<li class=\"paragraph-2 relative flex items-center pl-3 font-sans leading-4 opacity-50 before:absolute before:left-0 before:top-1\/2 before:size-1 before:-translate-y-1\/2 before:rounded-full before:bg-oway-dark\"><span class=\"inline-block\">Stiklo buteliukas<\/span><\/li>\n<li class=\"paragraph-2 relative flex items-center pl-3 font-sans leading-4 opacity-50 before:absolute before:left-0 before:top-1\/2 before:size-1 before:-translate-y-1\/2 before:rounded-full before:bg-oway-dark\"><span class=\"inline-block\">Pagaminta Italijoje<\/span><\/li>\n<li class=\"paragraph-2 relative flex items-center pl-3 font-sans leading-4 opacity-50 before:absolute before:left-0 before:top-1\/2 before:size-1 before:-translate-y-1\/2 before:rounded-full before:bg-oway-dark\"><span class=\"inline-block\">S\u0105moningai sukurta<\/span><\/li>\n<li class=\"paragraph-2 relative flex items-center pl-3 font-sans leading-4 opacity-50 before:absolute before:left-0 before:top-1\/2 before:size-1 before:-translate-y-1\/2 before:rounded-full before:bg-oway-dark\"><span class=\"inline-block\">Profesionalus produktas<\/span><\/li>\n<\/ul>\n<p>&nbsp;<\/p>","protected":false},"featured_media":8573,"comment_status":"open","ping_status":"closed","template":"","meta":[],"product_brand":[],"product_cat":[280,282],"product_tag":[336,288,275],"class_list":{"0":"post-8572","1":"product","2":"type-product","3":"status-publish","4":"has-post-thumbnail","6":"product_cat-oway","7":"product_cat-oway-kondicionieriai-kaukes","8":"product_tag-drekinimas","9":"product_tag-nenuskalaujamas-kondicionierius","10":"product_tag-sausiems-palukams","12":"first","13":"onbackorder","14":"shipping-taxable","15":"purchasable","16":"product-type-simple"},"_links":{"self":[{"href":"https:\/\/rupa.lt\/en\/wp-json\/wp\/v2\/product\/8572","targetHints":{"allow":["GET"]}}],"collection":[{"href":"https:\/\/rupa.lt\/en\/wp-json\/wp\/v2\/product"}],"about":[{"href":"https:\/\/rupa.lt\/en\/wp-json\/wp\/v2\/types\/product"}],"replies":[{"embeddable":true,"href":"https:\/\/rupa.lt\/en\/wp-json\/wp\/v2\/comments?post=8572"}],"wp:featuredmedia":[{"embeddable":true,"href":"https:\/\/rupa.lt\/en\/wp-json\/wp\/v2\/media\/8573"}],"wp:attachment":[{"href":"https:\/\/rupa.lt\/en\/wp-json\/wp\/v2\/media?parent=8572"}],"wp:term":[{"taxonomy":"product_brand","embeddable":true,"href":"https:\/\/rupa.lt\/en\/wp-json\/wp\/v2\/product_brand?post=8572"},{"taxonomy":"product_cat","embeddable":true,"href":"https:\/\/rupa.lt\/en\/wp-json\/wp\/v2\/product_cat?post=8572"},{"taxonomy":"product_tag","embeddable":true,"href":"https:\/\/rupa.lt\/en\/wp-json\/wp\/v2\/product_tag?post=8572"}],"curies":[{"name":"wp","href":"https:\/\/api.w.org\/{rel}","templated":true}]}}