{"id":8564,"date":"2022-05-14T12:44:31","date_gmt":"2022-05-14T09:44:31","guid":{"rendered":"https:\/\/rupa.lt\/?post_type=product&#038;p=8564"},"modified":"2026-04-01T13:32:55","modified_gmt":"2026-04-01T10:32:55","slug":"smoothing-conditioner-glotninantis-kondicionierius","status":"publish","type":"product","link":"https:\/\/rupa.lt\/en\/product\/smoothing-conditioner-glotninantis-kondicionierius\/","title":{"rendered":"OWAY SMOOTHING CONDITIONER- glotninantis kondicionierius"},"content":{"rendered":"<p><strong>NAUDOJIMAS:<\/strong> Paskirstykite ant \u0161vari\u0173, dr\u0117gn\u0173 plauk\u0173 ir palaikykite 2-3 minutes. Kruop\u0161\u010diai nuskalaukite.<\/p>\n<p><strong>AR \u017dINOJOTE?<\/strong> Tinka po tiesinimo proced\u016br\u0173 salone ir plauk\u0173 prie\u017ei\u016brai namuose. Idealiai tinka norint suma\u017einti plauk\u0173 apimt\u012f be chemini\u0173 proced\u016br\u0173.<\/p>\n<div data-wp-editing=\"1\"><img loading=\"lazy\" decoding=\"async\" class=\"wp-image-2781 alignnone alignleft entered lazyloaded\" src=\"https:\/\/karera.lt\/wp-content\/uploads\/2021\/02\/OWZ-animals-logo-300x300.png\" sizes=\"auto, (max-width: 85px) 100vw, 85px\" srcset=\"https:\/\/karera.lt\/wp-content\/uploads\/2021\/02\/OWZ-animals-logo-300x300.png 300w, https:\/\/karera.lt\/wp-content\/uploads\/2021\/02\/OWZ-animals-logo-150x150.png 150w, https:\/\/karera.lt\/wp-content\/uploads\/2021\/02\/OWZ-animals-logo-660x660.png 660w, https:\/\/karera.lt\/wp-content\/uploads\/2021\/02\/OWZ-animals-logo.png 710w\" alt=\"\" width=\"85\" height=\"85\" data-lazy-srcset=\"https:\/\/karera.lt\/wp-content\/uploads\/2021\/02\/OWZ-animals-logo-300x300.png 300w, https:\/\/karera.lt\/wp-content\/uploads\/2021\/02\/OWZ-animals-logo-150x150.png 150w, https:\/\/karera.lt\/wp-content\/uploads\/2021\/02\/OWZ-animals-logo-660x660.png 660w, https:\/\/karera.lt\/wp-content\/uploads\/2021\/02\/OWZ-animals-logo.png 710w\" data-lazy-sizes=\"(max-width: 85px) 100vw, 85px\" data-lazy-src=\"https:\/\/karera.lt\/wp-content\/uploads\/2021\/02\/OWZ-animals-logo-300x300.png\" data-ll-status=\"loaded\" \/><img loading=\"lazy\" decoding=\"async\" class=\"wp-image-2780 alignleft entered lazyloaded\" src=\"https:\/\/karera.lt\/wp-content\/uploads\/2021\/02\/OWZ-vegan-logo-150x150.png\" sizes=\"auto, (max-width: 85px) 100vw, 85px\" srcset=\"https:\/\/karera.lt\/wp-content\/uploads\/2021\/02\/OWZ-vegan-logo-150x150.png 150w, https:\/\/karera.lt\/wp-content\/uploads\/2021\/02\/OWZ-vegan-logo-300x300.png 300w, https:\/\/karera.lt\/wp-content\/uploads\/2021\/02\/OWZ-vegan-logo-660x660.png 660w, https:\/\/karera.lt\/wp-content\/uploads\/2021\/02\/OWZ-vegan-logo.png 710w\" alt=\"\" width=\"85\" height=\"85\" data-lazy-srcset=\"https:\/\/karera.lt\/wp-content\/uploads\/2021\/02\/OWZ-vegan-logo-150x150.png 150w, https:\/\/karera.lt\/wp-content\/uploads\/2021\/02\/OWZ-vegan-logo-300x300.png 300w, https:\/\/karera.lt\/wp-content\/uploads\/2021\/02\/OWZ-vegan-logo-660x660.png 660w, https:\/\/karera.lt\/wp-content\/uploads\/2021\/02\/OWZ-vegan-logo.png 710w\" data-lazy-sizes=\"(max-width: 85px) 100vw, 85px\" data-lazy-src=\"https:\/\/karera.lt\/wp-content\/uploads\/2021\/02\/OWZ-vegan-logo-150x150.png\" data-ll-status=\"loaded\" \/><img loading=\"lazy\" decoding=\"async\" class=\"wp-image-2783 alignleft entered lazyloaded\" src=\"https:\/\/karera.lt\/wp-content\/uploads\/2021\/02\/OWZ-be-ftalatu-logo-300x300.png\" sizes=\"auto, (max-width: 85px) 100vw, 85px\" srcset=\"https:\/\/karera.lt\/wp-content\/uploads\/2021\/02\/OWZ-be-ftalatu-logo-300x300.png 300w, https:\/\/karera.lt\/wp-content\/uploads\/2021\/02\/OWZ-be-ftalatu-logo-150x150.png 150w, https:\/\/karera.lt\/wp-content\/uploads\/2021\/02\/OWZ-be-ftalatu-logo-660x660.png 660w, https:\/\/karera.lt\/wp-content\/uploads\/2021\/02\/OWZ-be-ftalatu-logo.png 710w\" alt=\"\" width=\"85\" height=\"85\" data-lazy-srcset=\"https:\/\/karera.lt\/wp-content\/uploads\/2021\/02\/OWZ-be-ftalatu-logo-300x300.png 300w, https:\/\/karera.lt\/wp-content\/uploads\/2021\/02\/OWZ-be-ftalatu-logo-150x150.png 150w, https:\/\/karera.lt\/wp-content\/uploads\/2021\/02\/OWZ-be-ftalatu-logo-660x660.png 660w, https:\/\/karera.lt\/wp-content\/uploads\/2021\/02\/OWZ-be-ftalatu-logo.png 710w\" data-lazy-sizes=\"(max-width: 85px) 100vw, 85px\" data-lazy-src=\"https:\/\/karera.lt\/wp-content\/uploads\/2021\/02\/OWZ-be-ftalatu-logo-300x300.png\" data-ll-status=\"loaded\" \/><img loading=\"lazy\" decoding=\"async\" class=\"wp-image-2782 alignleft entered lazyloaded\" src=\"https:\/\/karera.lt\/wp-content\/uploads\/2021\/02\/OWZ-be-EDTE-logo-300x300.png\" sizes=\"auto, (max-width: 85px) 100vw, 85px\" srcset=\"https:\/\/karera.lt\/wp-content\/uploads\/2021\/02\/OWZ-be-EDTE-logo-300x300.png 300w, https:\/\/karera.lt\/wp-content\/uploads\/2021\/02\/OWZ-be-EDTE-logo-150x150.png 150w, https:\/\/karera.lt\/wp-content\/uploads\/2021\/02\/OWZ-be-EDTE-logo-660x660.png 660w, https:\/\/karera.lt\/wp-content\/uploads\/2021\/02\/OWZ-be-EDTE-logo.png 710w\" alt=\"\" width=\"85\" height=\"85\" data-lazy-srcset=\"https:\/\/karera.lt\/wp-content\/uploads\/2021\/02\/OWZ-be-EDTE-logo-300x300.png 300w, https:\/\/karera.lt\/wp-content\/uploads\/2021\/02\/OWZ-be-EDTE-logo-150x150.png 150w, https:\/\/karera.lt\/wp-content\/uploads\/2021\/02\/OWZ-be-EDTE-logo-660x660.png 660w, https:\/\/karera.lt\/wp-content\/uploads\/2021\/02\/OWZ-be-EDTE-logo.png 710w\" data-lazy-sizes=\"(max-width: 85px) 100vw, 85px\" data-lazy-src=\"https:\/\/karera.lt\/wp-content\/uploads\/2021\/02\/OWZ-be-EDTE-logo-300x300.png\" data-ll-status=\"loaded\" \/><img loading=\"lazy\" decoding=\"async\" class=\"wp-image-2788 alignleft entered lazyloaded\" src=\"https:\/\/karera.lt\/wp-content\/uploads\/2021\/02\/OWZ-be-kvapikliu-logo-300x300.png\" sizes=\"auto, (max-width: 85px) 100vw, 85px\" srcset=\"https:\/\/karera.lt\/wp-content\/uploads\/2021\/02\/OWZ-be-kvapikliu-logo-300x300.png 300w, https:\/\/karera.lt\/wp-content\/uploads\/2021\/02\/OWZ-be-kvapikliu-logo-150x150.png 150w, https:\/\/karera.lt\/wp-content\/uploads\/2021\/02\/OWZ-be-kvapikliu-logo-660x660.png 660w, https:\/\/karera.lt\/wp-content\/uploads\/2021\/02\/OWZ-be-kvapikliu-logo.png 710w\" alt=\"\" width=\"85\" height=\"85\" data-lazy-srcset=\"https:\/\/karera.lt\/wp-content\/uploads\/2021\/02\/OWZ-be-kvapikliu-logo-300x300.png 300w, https:\/\/karera.lt\/wp-content\/uploads\/2021\/02\/OWZ-be-kvapikliu-logo-150x150.png 150w, https:\/\/karera.lt\/wp-content\/uploads\/2021\/02\/OWZ-be-kvapikliu-logo-660x660.png 660w, https:\/\/karera.lt\/wp-content\/uploads\/2021\/02\/OWZ-be-kvapikliu-logo.png 710w\" data-lazy-sizes=\"(max-width: 85px) 100vw, 85px\" data-lazy-src=\"https:\/\/karera.lt\/wp-content\/uploads\/2021\/02\/OWZ-be-kvapikliu-logo-300x300.png\" data-ll-status=\"loaded\" \/><img loading=\"lazy\" decoding=\"async\" class=\"wp-image-2786 alignleft entered lazyloaded\" src=\"https:\/\/karera.lt\/wp-content\/uploads\/2021\/02\/OWZ-be-parabenu-logo-300x300.png\" sizes=\"auto, (max-width: 85px) 100vw, 85px\" srcset=\"https:\/\/karera.lt\/wp-content\/uploads\/2021\/02\/OWZ-be-parabenu-logo-300x300.png 300w, https:\/\/karera.lt\/wp-content\/uploads\/2021\/02\/OWZ-be-parabenu-logo-150x150.png 150w, https:\/\/karera.lt\/wp-content\/uploads\/2021\/02\/OWZ-be-parabenu-logo-660x660.png 660w, https:\/\/karera.lt\/wp-content\/uploads\/2021\/02\/OWZ-be-parabenu-logo.png 710w\" alt=\"\" width=\"85\" height=\"85\" data-lazy-srcset=\"https:\/\/karera.lt\/wp-content\/uploads\/2021\/02\/OWZ-be-parabenu-logo-300x300.png 300w, https:\/\/karera.lt\/wp-content\/uploads\/2021\/02\/OWZ-be-parabenu-logo-150x150.png 150w, https:\/\/karera.lt\/wp-content\/uploads\/2021\/02\/OWZ-be-parabenu-logo-660x660.png 660w, https:\/\/karera.lt\/wp-content\/uploads\/2021\/02\/OWZ-be-parabenu-logo.png 710w\" data-lazy-sizes=\"(max-width: 85px) 100vw, 85px\" data-lazy-src=\"https:\/\/karera.lt\/wp-content\/uploads\/2021\/02\/OWZ-be-parabenu-logo-300x300.png\" data-ll-status=\"loaded\" \/><img loading=\"lazy\" decoding=\"async\" class=\"wp-image-2787 alignleft entered lazyloaded\" src=\"https:\/\/karera.lt\/wp-content\/uploads\/2021\/02\/OWZ-be-sls_sles-logo-300x300.png\" sizes=\"auto, (max-width: 85px) 100vw, 85px\" srcset=\"https:\/\/karera.lt\/wp-content\/uploads\/2021\/02\/OWZ-be-sls_sles-logo-300x300.png 300w, https:\/\/karera.lt\/wp-content\/uploads\/2021\/02\/OWZ-be-sls_sles-logo-150x150.png 150w, https:\/\/karera.lt\/wp-content\/uploads\/2021\/02\/OWZ-be-sls_sles-logo-660x660.png 660w, https:\/\/karera.lt\/wp-content\/uploads\/2021\/02\/OWZ-be-sls_sles-logo.png 710w\" alt=\"\" width=\"85\" height=\"85\" data-lazy-srcset=\"https:\/\/karera.lt\/wp-content\/uploads\/2021\/02\/OWZ-be-sls_sles-logo-300x300.png 300w, https:\/\/karera.lt\/wp-content\/uploads\/2021\/02\/OWZ-be-sls_sles-logo-150x150.png 150w, https:\/\/karera.lt\/wp-content\/uploads\/2021\/02\/OWZ-be-sls_sles-logo-660x660.png 660w, https:\/\/karera.lt\/wp-content\/uploads\/2021\/02\/OWZ-be-sls_sles-logo.png 710w\" data-lazy-sizes=\"(max-width: 85px) 100vw, 85px\" data-lazy-src=\"https:\/\/karera.lt\/wp-content\/uploads\/2021\/02\/OWZ-be-sls_sles-logo-300x300.png\" data-ll-status=\"loaded\" \/><img loading=\"lazy\" decoding=\"async\" class=\"wp-image-2784 alignleft entered lazyloaded\" src=\"https:\/\/karera.lt\/wp-content\/uploads\/2021\/02\/OWZ-be-gmo-logo-300x300.png\" sizes=\"auto, (max-width: 85px) 100vw, 85px\" srcset=\"https:\/\/karera.lt\/wp-content\/uploads\/2021\/02\/OWZ-be-gmo-logo-300x300.png 300w, https:\/\/karera.lt\/wp-content\/uploads\/2021\/02\/OWZ-be-gmo-logo-150x150.png 150w, https:\/\/karera.lt\/wp-content\/uploads\/2021\/02\/OWZ-be-gmo-logo-660x660.png 660w, https:\/\/karera.lt\/wp-content\/uploads\/2021\/02\/OWZ-be-gmo-logo.png 710w\" alt=\"\" width=\"85\" height=\"85\" data-lazy-srcset=\"https:\/\/karera.lt\/wp-content\/uploads\/2021\/02\/OWZ-be-gmo-logo-300x300.png 300w, https:\/\/karera.lt\/wp-content\/uploads\/2021\/02\/OWZ-be-gmo-logo-150x150.png 150w, https:\/\/karera.lt\/wp-content\/uploads\/2021\/02\/OWZ-be-gmo-logo-660x660.png 660w, https:\/\/karera.lt\/wp-content\/uploads\/2021\/02\/OWZ-be-gmo-logo.png 710w\" data-lazy-sizes=\"(max-width: 85px) 100vw, 85px\" data-lazy-src=\"https:\/\/karera.lt\/wp-content\/uploads\/2021\/02\/OWZ-be-gmo-logo-300x300.png\" data-ll-status=\"loaded\" \/><\/div>\n<div data-wp-editing=\"1\"><\/div>\n<div data-wp-editing=\"1\"><\/div>\n<div data-wp-editing=\"1\"><\/div>\n<div data-wp-editing=\"1\"><\/div>\n<div data-wp-editing=\"1\"><\/div>\n<div data-wp-editing=\"1\"><strong>INCI<\/strong><strong>: <\/strong>Aqua\/Water\/Eau OZ, Cetearyl Alcohol ND, Myristyl Alcohol ND, Cetrimonium Chloride ND, Rosa Damascena Flower Extract BD, Carum Carvi (Caraway) Seed Extract O, Adansonia Digitata Seed Oil FT, Citrus Aurantium Bergamia (Bergamot) Fruit Oil EO, Citrus Aurantium (Bitter orange) Amara Leaf\/ Twig Oil EO, Citrus Aurantium Bergamia (Bergamot) Extract ND, Citrus Nobilis (Mandarin Orange) Peel Oil EO, Coriandrum Sativum (Coriander) Fruit Oil EO, Elettaria Cardamomum (Cardamom) Extract ND, Myristica Fragrans (Nutmeg) Extract ND, Pelargonium Graveolens Oil EO, Piper Nigrum (Pepper) Fruit Oil EO, Pogostemon Cablin (Patchouli) Extract ND, Bis-(Isostearoyl\/Oleoyl Isopropyl) Dimonium Methosulfate ND, Behentrimonium Chloride ND, Myristyl Lactate ND, Dicaprylyl Ether ND, Lauryl Alcohol ND, Caprylic\/Capric Triglyceride ND, Glyceryl Laurate ND, Dimer Dilinoleyl Dimer Dilinoleate ND, 3-Hexenol ND, Triethyl Citrate ND, Phenethyl Alcohol ND, Gamma-Undecalactone ND, Tocopherol ND, Citric Acid ND, Isopropyl Alcohol, Sodium Benzoate, Potassium Sorbate, Benzyl Alcohol, Linalool ND, Limonene ND<\/div>\n<div data-wp-editing=\"1\"><\/div>\n<div data-wp-editing=\"1\"><\/div>\n<div data-wp-editing=\"1\"><\/div>\n<div data-wp-editing=\"1\"><\/div>","protected":false},"excerpt":{"rendered":"<p><strong>OWAY smoothing conditioner<\/strong> &#8211; GLOTNINAN\u010cIO EFEKTO PLAUK\u0172 KONDICIONIERIUS mink\u0161tina mai\u0161taujan\u010dius plaukus bei juos atskiria i\u0161lygindamas kutikules. Reguliuoja apimt\u012f ir sukuria ideal\u0173 pavir\u0161i\u0173 norint suformuoti tiesi\u0173 plauk\u0173 \u0161ukuosenas. Tinka VIS\u0172 TEKST\u016aR\u0172 TIP\u0172 PLAUKAMS, KURIEMS REIKALINGA TOBULA DISCIPLINA IR TIESINIMO EFEKTAS, APIMTIES KONTROL\u0116.<\/p>\n<p>240ml- stikliniame buteliuke<\/p>\n<p>&nbsp;<\/p>\n<p>Dozatorius kartu nepridedamas:\u00a0<em><a href=\"https:\/\/rupa.lt\/en\/product\/nerudijancio-plieno-dozatorius\/\">\u012esigyti metalin\u012f dozatori\u0173 prie buteliuko<\/a><\/em><\/p>\n<p>&nbsp;<\/p>\n<p>&nbsp;<\/p>","protected":false},"featured_media":8567,"comment_status":"open","ping_status":"closed","template":"","meta":[],"product_brand":[],"product_cat":[280,282],"product_tag":[],"class_list":{"0":"post-8564","1":"product","2":"type-product","3":"status-publish","4":"has-post-thumbnail","6":"product_cat-oway","7":"product_cat-oway-kondicionieriai-kaukes","9":"first","10":"instock","11":"shipping-taxable","12":"purchasable","13":"product-type-simple"},"_links":{"self":[{"href":"https:\/\/rupa.lt\/en\/wp-json\/wp\/v2\/product\/8564","targetHints":{"allow":["GET"]}}],"collection":[{"href":"https:\/\/rupa.lt\/en\/wp-json\/wp\/v2\/product"}],"about":[{"href":"https:\/\/rupa.lt\/en\/wp-json\/wp\/v2\/types\/product"}],"replies":[{"embeddable":true,"href":"https:\/\/rupa.lt\/en\/wp-json\/wp\/v2\/comments?post=8564"}],"wp:featuredmedia":[{"embeddable":true,"href":"https:\/\/rupa.lt\/en\/wp-json\/wp\/v2\/media\/8567"}],"wp:attachment":[{"href":"https:\/\/rupa.lt\/en\/wp-json\/wp\/v2\/media?parent=8564"}],"wp:term":[{"taxonomy":"product_brand","embeddable":true,"href":"https:\/\/rupa.lt\/en\/wp-json\/wp\/v2\/product_brand?post=8564"},{"taxonomy":"product_cat","embeddable":true,"href":"https:\/\/rupa.lt\/en\/wp-json\/wp\/v2\/product_cat?post=8564"},{"taxonomy":"product_tag","embeddable":true,"href":"https:\/\/rupa.lt\/en\/wp-json\/wp\/v2\/product_tag?post=8564"}],"curies":[{"name":"wp","href":"https:\/\/api.w.org\/{rel}","templated":true}]}}