{"id":8559,"date":"2022-05-14T12:32:46","date_gmt":"2022-05-14T09:32:46","guid":{"rendered":"https:\/\/rupa.lt\/?post_type=product&#038;p=8559"},"modified":"2026-04-11T15:25:06","modified_gmt":"2026-04-11T12:25:06","slug":"frequent-use-conditioner-kasdienio-naudojimo-kondicionierius","status":"publish","type":"product","link":"https:\/\/rupa.lt\/en\/product\/frequent-use-conditioner-kasdienio-naudojimo-kondicionierius\/","title":{"rendered":"FREQUENT USE CONDITIONER- kasdienio naudojimo kondicionierius"},"content":{"rendered":"<p><strong>Aromat\u0173 puok\u0161t\u0117: Tikrasis citrinmedis, apelsinmedis, greipfrutas, raudonasis pipiras<\/strong>. Gaivi\u0173 ir aromating\u0173 eterini\u0173 aliej\u0173 ansamblis, tinkantis kasdienai tiek vyrams, tiek moterims, greta \u0161velniai valan\u010dio ir normalizuojan\u010dio galvos od\u0105 poveikio. Aromaterapinis poveikis: suteikia gyvybingumo ir energijos.<\/p>\n<p><strong>NAUDOJIMAS:<\/strong> Paskirstykite ant \u0161vari\u0173, dr\u0117gn\u0173 plauk\u0173 ir palaikykite 2-3 minutes. Kruop\u0161\u010diai nuskalaukite.<\/p>\n<p><strong>AR \u017dINOJOTE?<\/strong>\u00a0 Plaukai i\u0161 karto tampa lengvai \u0161ukuojami ir sudr\u0117kinti \u2013 nereikia ilgai laikyti. Kondicionierius lengvai nuskalaujamas, tod\u0117l idealiai tinka sportuojantiems ir skubantiems.<\/p>\n<p>&nbsp;<\/p>\n<h3 class=\"yikes-custom-woo-tab-title yikes-custom-woo-tab-title-aktyvus-ingredientai\">Aktyv\u016bs ingredientai<\/h3>\n<p><strong><br \/>\n<img loading=\"lazy\" decoding=\"async\" class=\"alignleft size-thumbnail wp-image-5404 entered lazyloaded\" src=\"https:\/\/karera.lt\/wp-content\/uploads\/2021\/04\/LEMONA-150x150.png\" sizes=\"auto, (max-width: 150px) 100vw, 150px\" srcset=\"https:\/\/karera.lt\/wp-content\/uploads\/2021\/04\/LEMONA-150x150.png 150w, https:\/\/karera.lt\/wp-content\/uploads\/2021\/04\/LEMONA-300x300.png 300w, https:\/\/karera.lt\/wp-content\/uploads\/2021\/04\/LEMONA.png 500w\" alt=\"\" width=\"150\" height=\"150\" data-lazy-srcset=\"https:\/\/karera.lt\/wp-content\/uploads\/2021\/04\/LEMONA-150x150.png 150w, https:\/\/karera.lt\/wp-content\/uploads\/2021\/04\/LEMONA-300x300.png 300w, https:\/\/karera.lt\/wp-content\/uploads\/2021\/04\/LEMONA.png 500w\" data-lazy-sizes=\"(max-width: 150px) 100vw, 150px\" data-lazy-src=\"https:\/\/karera.lt\/wp-content\/uploads\/2021\/04\/LEMONA-150x150.png\" data-ll-status=\"loaded\" \/><br \/>\nBIODINAMINIS CITRIN\u0172 EKSTRAKTAS<\/strong><br \/>\nViena seniausiai naudojam\u0173 vaisting\u0173j\u0173 augal\u0173 \u017eolininkyst\u0117je.\u00a0 Kaip vaistingasis augalas, pasi\u017eymi sutraukian\u010diomis ir valan\u010diomis savyb\u0117mis, o d\u0117l vitamino C antioksidacini\u0173 savybi\u0173 gr\u0105\u017eina \u017evilges\u012f ir gyvybingum\u0105 nublukusiems ir papilk\u0117jusiems plaukams.<\/p>\n<p>&nbsp;<\/p>\n<p>&nbsp;<\/p>\n<p><img loading=\"lazy\" decoding=\"async\" class=\"alignleft size-thumbnail wp-image-5405 entered lazyloaded\" src=\"https:\/\/karera.lt\/wp-content\/uploads\/2021\/04\/TEAA-150x150.png\" sizes=\"auto, (max-width: 150px) 100vw, 150px\" srcset=\"https:\/\/karera.lt\/wp-content\/uploads\/2021\/04\/TEAA-150x150.png 150w, https:\/\/karera.lt\/wp-content\/uploads\/2021\/04\/TEAA-300x300.png 300w, https:\/\/karera.lt\/wp-content\/uploads\/2021\/04\/TEAA.png 500w\" alt=\"\" width=\"150\" height=\"150\" data-lazy-srcset=\"https:\/\/karera.lt\/wp-content\/uploads\/2021\/04\/TEAA-150x150.png 150w, https:\/\/karera.lt\/wp-content\/uploads\/2021\/04\/TEAA-300x300.png 300w, https:\/\/karera.lt\/wp-content\/uploads\/2021\/04\/TEAA.png 500w\" data-lazy-sizes=\"(max-width: 150px) 100vw, 150px\" data-lazy-src=\"https:\/\/karera.lt\/wp-content\/uploads\/2021\/04\/TEAA-150x150.png\" data-ll-status=\"loaded\" \/><\/p>\n<p><strong><br \/>\nEKOLOGI\u0160KAS BALTOSIOS ARBATOS EKSTRAKTAS<\/strong><br \/>\nPolifenoliai veikia trejopai: stabdo sen\u0117jim\u0105, apsaugo nuo oksidacinio streso ir ramina sudirgint\u0105 galvos od\u0105. Baltoji arbata padeda absorbuoti aktyvi\u0105sias med\u017eiagas taip padidinant j\u0173 \u012fsiskverbim\u0105 ir efektyv\u0173 poveik\u012f plaukams.<\/p>\n<p>&nbsp;<\/p>\n<p>&nbsp;<\/p>\n<p><strong><img loading=\"lazy\" decoding=\"async\" class=\"alignleft size-thumbnail wp-image-5406 entered lazyloaded\" src=\"https:\/\/karera.lt\/wp-content\/uploads\/2021\/04\/ARAZAA-150x150.png\" sizes=\"auto, (max-width: 150px) 100vw, 150px\" srcset=\"https:\/\/karera.lt\/wp-content\/uploads\/2021\/04\/ARAZAA-150x150.png 150w, https:\/\/karera.lt\/wp-content\/uploads\/2021\/04\/ARAZAA-300x300.png 300w, https:\/\/karera.lt\/wp-content\/uploads\/2021\/04\/ARAZAA.png 500w\" alt=\"\" width=\"150\" height=\"150\" data-lazy-srcset=\"https:\/\/karera.lt\/wp-content\/uploads\/2021\/04\/ARAZAA-150x150.png 150w, https:\/\/karera.lt\/wp-content\/uploads\/2021\/04\/ARAZAA-300x300.png 300w, https:\/\/karera.lt\/wp-content\/uploads\/2021\/04\/ARAZAA.png 500w\" data-lazy-sizes=\"(max-width: 150px) 100vw, 150px\" data-lazy-src=\"https:\/\/karera.lt\/wp-content\/uploads\/2021\/04\/ARAZAA-150x150.png\" data-ll-status=\"loaded\" \/><br \/>\nGAUTAS ETI\u0160KAIS B\u016aDAIS ANY\u017dI\u0172 S\u0116KL\u0172 EKSTRAKTAS<\/strong><br \/>\nAntibakterinis, antiseptinis ir raminantis.\u00a0<em>Backhousia Anisata<\/em>\u00a0yra subtropin\u0117je Australijoje augantis augalas. Priklausomai nuo galvos odos b\u016bkl\u0117s, jis intensyviai ramina ir subalansuoja.<\/p>\n<p>&nbsp;<\/p>\n<div class=\"page\" title=\"Page 54\">\n<div class=\"layoutArea\">\n<div class=\"column\">\n<p>&nbsp;<\/p>\n<p><strong><img loading=\"lazy\" decoding=\"async\" class=\"alignleft size-thumbnail wp-image-5407 entered lazyloaded\" src=\"https:\/\/karera.lt\/wp-content\/uploads\/2021\/04\/CASTAGANOAA-150x150.png\" sizes=\"auto, (max-width: 150px) 100vw, 150px\" srcset=\"https:\/\/karera.lt\/wp-content\/uploads\/2021\/04\/CASTAGANOAA-150x150.png 150w, https:\/\/karera.lt\/wp-content\/uploads\/2021\/04\/CASTAGANOAA-300x300.png 300w, https:\/\/karera.lt\/wp-content\/uploads\/2021\/04\/CASTAGANOAA.png 500w\" alt=\"\" width=\"150\" height=\"150\" data-lazy-srcset=\"https:\/\/karera.lt\/wp-content\/uploads\/2021\/04\/CASTAGANOAA-150x150.png 150w, https:\/\/karera.lt\/wp-content\/uploads\/2021\/04\/CASTAGANOAA-300x300.png 300w, https:\/\/karera.lt\/wp-content\/uploads\/2021\/04\/CASTAGANOAA.png 500w\" data-lazy-sizes=\"(max-width: 150px) 100vw, 150px\" data-lazy-src=\"https:\/\/karera.lt\/wp-content\/uploads\/2021\/04\/CASTAGANOAA-150x150.png\" data-ll-status=\"loaded\" \/><br \/>\nEKOLOGI\u0160K\u0172 KA\u0160TON\u0172 BALTYMAI<\/strong><br \/>\nKa\u0161tonai pasi\u017eymi gausybe kosmetini\u0173 savybi\u0173. \u0160ie baltymai suteikia ypatingo \u017evilgesio, o plaukai atrodo sveiki ir sudr\u0117kinti.<\/p>\n<\/div>\n<\/div>\n<\/div>\n<div data-wp-editing=\"1\"><\/div>\n<div data-wp-editing=\"1\"><\/div>\n<div data-wp-editing=\"1\"><\/div>\n<div data-wp-editing=\"1\"><\/div>\n<div data-wp-editing=\"1\"><\/div>\n<div data-wp-editing=\"1\"><\/div>\n<div data-wp-editing=\"1\"><\/div>\n<div data-wp-editing=\"1\"><\/div>\n<div data-wp-editing=\"1\"><\/div>\n<div data-wp-editing=\"1\"><\/div>","protected":false},"excerpt":{"rendered":"<p><strong>OWAY frequent use conditioner<\/strong> &#8211; KASDIENIO NAUDOJIMO KONDICIONIERIUS. Plaukai akimirksniu tampa lengvai \u0161ukuojami. Maitina ir stiprina neapsunkinant plauk\u0173. I\u0161 karto po panaudojimo plaukai tampa \u0161veln\u016bs ir \u017evilgantys.<\/p>\n<p>&nbsp;<\/p>\n<p><strong>240ml- stikliniame buteliuke<\/strong><\/p>\n<p><strong>50ml- aliuminio t\u016bbel\u0117je<\/strong><\/p>\n<p>&nbsp;<\/p>\n<ul class=\"grid grid-cols-2 gap-x-3 gap-y-5 md:gap-y-2\">\n<li class=\"paragraph-2 relative flex items-center pl-3 font-sans leading-4 opacity-50 before:absolute before:left-0 before:top-1\/2 before:size-1 before:-translate-y-1\/2 before:rounded-full before:bg-oway-dark\"><span class=\"inline-block\">Agricosmetica\u00ae<\/span><\/li>\n<li class=\"paragraph-2 relative flex items-center pl-3 font-sans leading-4 opacity-50 before:absolute before:left-0 before:top-1\/2 before:size-1 before:-translate-y-1\/2 before:rounded-full before:bg-oway-dark\"><span class=\"inline-block\">Eteriniai aliejai<\/span><\/li>\n<li class=\"paragraph-2 relative flex items-center pl-3 font-sans leading-4 opacity-50 before:absolute before:left-0 before:top-1\/2 before:size-1 before:-translate-y-1\/2 before:rounded-full before:bg-oway-dark\"><span class=\"inline-block\">Stiklas ir aliuminis<\/span><\/li>\n<li class=\"paragraph-2 relative flex items-center pl-3 font-sans leading-4 opacity-50 before:absolute before:left-0 before:top-1\/2 before:size-1 before:-translate-y-1\/2 before:rounded-full before:bg-oway-dark\"><span class=\"inline-block\">Pagaminta Italijoje<\/span><\/li>\n<li class=\"paragraph-2 relative flex items-center pl-3 font-sans leading-4 opacity-50 before:absolute before:left-0 before:top-1\/2 before:size-1 before:-translate-y-1\/2 before:rounded-full before:bg-oway-dark\"><span class=\"inline-block\">S\u0105moningai sukurta<\/span><\/li>\n<li class=\"paragraph-2 relative flex items-center pl-3 font-sans leading-4 opacity-50 before:absolute before:left-0 before:top-1\/2 before:size-1 before:-translate-y-1\/2 before:rounded-full before:bg-oway-dark\"><span class=\"inline-block\">Profesionalus produktas<\/span><\/li>\n<\/ul>\n<p><b><span style=\"color: #08e8de;\">dailyact<\/span><\/b><\/p>\n<p><em><a href=\"https:\/\/rupa.lt\/en\/product\/nerudijancio-plieno-dozatorius\/\">\u012esigyti metalin\u012f dozatori\u0173 prie buteliuko<\/a><\/em><\/p>","protected":false},"featured_media":8562,"comment_status":"open","ping_status":"closed","template":"","meta":[],"product_brand":[],"product_cat":[280,282],"product_tag":[351,348,41,349,350,291,352],"class_list":{"0":"post-8559","1":"product","2":"type-product","3":"status-publish","4":"has-post-thumbnail","6":"product_cat-oway","7":"product_cat-oway-kondicionieriai-kaukes","8":"product_tag-biodinaminis","9":"product_tag-dailyact","10":"product_tag-ekologiskas","11":"product_tag-kasdieninis-kondicionierius","12":"product_tag-oway-kondicionierius","13":"product_tag-visu-tipu-plaukams","14":"product_tag-zero-waste","16":"first","17":"instock","18":"shipping-taxable","19":"purchasable","20":"product-type-variable"},"_links":{"self":[{"href":"https:\/\/rupa.lt\/en\/wp-json\/wp\/v2\/product\/8559","targetHints":{"allow":["GET"]}}],"collection":[{"href":"https:\/\/rupa.lt\/en\/wp-json\/wp\/v2\/product"}],"about":[{"href":"https:\/\/rupa.lt\/en\/wp-json\/wp\/v2\/types\/product"}],"replies":[{"embeddable":true,"href":"https:\/\/rupa.lt\/en\/wp-json\/wp\/v2\/comments?post=8559"}],"wp:featuredmedia":[{"embeddable":true,"href":"https:\/\/rupa.lt\/en\/wp-json\/wp\/v2\/media\/8562"}],"wp:attachment":[{"href":"https:\/\/rupa.lt\/en\/wp-json\/wp\/v2\/media?parent=8559"}],"wp:term":[{"taxonomy":"product_brand","embeddable":true,"href":"https:\/\/rupa.lt\/en\/wp-json\/wp\/v2\/product_brand?post=8559"},{"taxonomy":"product_cat","embeddable":true,"href":"https:\/\/rupa.lt\/en\/wp-json\/wp\/v2\/product_cat?post=8559"},{"taxonomy":"product_tag","embeddable":true,"href":"https:\/\/rupa.lt\/en\/wp-json\/wp\/v2\/product_tag?post=8559"}],"curies":[{"name":"wp","href":"https:\/\/api.w.org\/{rel}","templated":true}]}}