{"id":8550,"date":"2022-05-14T00:22:24","date_gmt":"2022-05-13T21:22:24","guid":{"rendered":"https:\/\/rupa.lt\/?post_type=product&#038;p=8550"},"modified":"2026-02-23T10:32:38","modified_gmt":"2026-02-23T08:32:38","slug":"oway-plant-and-mineral-refresh-sausas-sampunas","status":"publish","type":"product","link":"https:\/\/rupa.lt\/en\/product\/oway-plant-and-mineral-refresh-sausas-sampunas\/","title":{"rendered":"OWAY PLANT and MINERAL REFRESH- dry shampoo"},"content":{"rendered":"<p>Bevanden\u0117 augal\u0173 ir mineral\u0173 pagrindo valan\u010dio ir apimties suteikian\u010dio poveikio priemon\u0117 su pipirm\u0117te, ekologi\u0161ku apelsinu, etiniais principais vadovaujantis gautu ro\u017einiu moliu ir ceolitais. 100 PROC. AUGAL\u0172 IR MINERAL\u0172 PAGRINDO \/ BE VANDENS \/ BE TALKO \/ DERMATOLOG\u0172 PATIKRINTA \/ PATIKRINTA D\u0116L NIKELIO.<\/p>\n<p><b>Naudojimas:<\/b><\/p>\n<p>Suplakite buteliuk\u0105, kad susimai\u0161yt\u0173 milteliai. U\u017ebarstykite ant saus\u0173 \u0161akn\u0173 ir masa\u017euokite, kad produktas pasiskirstyt\u0173. Jei reikia, \u0161epe\u010diu pa\u0161alinkite liku\u010dius.<\/p>\n<h2 class=\"yikes-custom-woo-tab-title yikes-custom-woo-tab-title-aktyvus-ingredientai\">Aktyv\u016bs ingredientai<\/h2>\n<div class=\"page\" title=\"Page 80\">\n<div class=\"section\">\n<div class=\"layoutArea\">\n<div class=\"column\">\n<p><img loading=\"lazy\" decoding=\"async\" class=\"alignleft size-thumbnail wp-image-5423 entered lazyloaded\" src=\"https:\/\/karera.lt\/wp-content\/uploads\/2022\/07\/MENTAAA-150x150.png\" sizes=\"auto, (max-width: 150px) 100vw, 150px\" srcset=\"https:\/\/karera.lt\/wp-content\/uploads\/2022\/07\/MENTAAA-150x150.png 150w, https:\/\/karera.lt\/wp-content\/uploads\/2022\/07\/MENTAAA-300x300.png 300w, https:\/\/karera.lt\/wp-content\/uploads\/2022\/07\/MENTAAA.png 500w\" alt=\"\" width=\"150\" height=\"150\" data-lazy-srcset=\"https:\/\/karera.lt\/wp-content\/uploads\/2022\/07\/MENTAAA-150x150.png 150w, https:\/\/karera.lt\/wp-content\/uploads\/2022\/07\/MENTAAA-300x300.png 300w, https:\/\/karera.lt\/wp-content\/uploads\/2022\/07\/MENTAAA.png 500w\" data-lazy-sizes=\"(max-width: 150px) 100vw, 150px\" data-lazy-src=\"https:\/\/karera.lt\/wp-content\/uploads\/2022\/07\/MENTAAA-150x150.png\" data-ll-status=\"loaded\" \/><br \/>\nBIODINAMIN\u0116 M\u0116TA<br \/>\nPasi\u017eyminti sutraukian\u010diu ir valan\u010diu poveikiu, m\u0117ta atgaivina ir pakelia \u0161aknis taip pad\u0117dama joms apsivalyti nuo sebumo pertekliaus. Stimuliuoja sveik\u0173 plauk\u0173 augim\u0105. D\u0117l antiseptinio poveikio ma\u017eina galvos odos nie\u017e\u0117jim\u0105.<\/p>\n<div class=\"page\" title=\"Page 80\">\n<div class=\"section\">\n<div class=\"layoutArea\">\n<div class=\"column\">\n<p>&nbsp;<\/p>\n<p>&nbsp;<\/p>\n<p><img loading=\"lazy\" decoding=\"async\" class=\"alignleft size-thumbnail wp-image-5424 entered lazyloaded\" src=\"https:\/\/karera.lt\/wp-content\/uploads\/2022\/07\/ORANGEEE-150x150.png\" sizes=\"auto, (max-width: 150px) 100vw, 150px\" srcset=\"https:\/\/karera.lt\/wp-content\/uploads\/2022\/07\/ORANGEEE-150x150.png 150w, https:\/\/karera.lt\/wp-content\/uploads\/2022\/07\/ORANGEEE-300x300.png 300w, https:\/\/karera.lt\/wp-content\/uploads\/2022\/07\/ORANGEEE.png 500w\" alt=\"\" width=\"150\" height=\"150\" data-lazy-srcset=\"https:\/\/karera.lt\/wp-content\/uploads\/2022\/07\/ORANGEEE-150x150.png 150w, https:\/\/karera.lt\/wp-content\/uploads\/2022\/07\/ORANGEEE-300x300.png 300w, https:\/\/karera.lt\/wp-content\/uploads\/2022\/07\/ORANGEEE.png 500w\" data-lazy-sizes=\"(max-width: 150px) 100vw, 150px\" data-lazy-src=\"https:\/\/karera.lt\/wp-content\/uploads\/2022\/07\/ORANGEEE-150x150.png\" data-ll-status=\"loaded\" \/><br \/>\nEKOLOGI\u0160KAS APELSINAS<br \/>\nSuteikia \u017evilgesio ir energijos. D\u0117l sebumo i\u0161skyrim\u0105 reguliuojan\u010di\u0173 savybi\u0173, apelsinas rekomenduojamas riebaluotis linkusiems plaukams.<\/p>\n<div class=\"page\" title=\"Page 80\">\n<div class=\"section\">\n<div class=\"layoutArea\">\n<div class=\"column\">\n<div class=\"page\" title=\"Page 80\">\n<div class=\"section\">\n<div class=\"layoutArea\">\n<div class=\"column\">\n<p>&nbsp;<\/p>\n<p>&nbsp;<\/p>\n<p><img loading=\"lazy\" decoding=\"async\" class=\"alignleft size-thumbnail wp-image-5425 entered lazyloaded\" src=\"https:\/\/karera.lt\/wp-content\/uploads\/2022\/07\/RICEEE-150x150.png\" sizes=\"auto, (max-width: 150px) 100vw, 150px\" srcset=\"https:\/\/karera.lt\/wp-content\/uploads\/2022\/07\/RICEEE-150x150.png 150w, https:\/\/karera.lt\/wp-content\/uploads\/2022\/07\/RICEEE-300x300.png 300w, https:\/\/karera.lt\/wp-content\/uploads\/2022\/07\/RICEEE.png 500w\" alt=\"\" width=\"150\" height=\"150\" data-lazy-srcset=\"https:\/\/karera.lt\/wp-content\/uploads\/2022\/07\/RICEEE-150x150.png 150w, https:\/\/karera.lt\/wp-content\/uploads\/2022\/07\/RICEEE-300x300.png 300w, https:\/\/karera.lt\/wp-content\/uploads\/2022\/07\/RICEEE.png 500w\" data-lazy-sizes=\"(max-width: 150px) 100vw, 150px\" data-lazy-src=\"https:\/\/karera.lt\/wp-content\/uploads\/2022\/07\/RICEEE-150x150.png\" data-ll-status=\"loaded\" \/><br \/>\nVALGOMASIS MANIJOKAS IR RY\u017dI\u0172\u00a0KRAKMOLAS<br \/>\nSkirting\u0173 ir subalansuot\u0173 molekulini\u0173 masi\u0173 krakmol\u0173 kompleksas, kuris sugeria riebalus ir suteikia plaukams lengvumo. D\u0117l raminan\u010diu\u0328 savybi\u0173 teigiamai veikia galvos od\u0105. Gausiai turi baltym\u0173, tod\u0117l stiprina plauko stieb\u0105.<\/p>\n<div class=\"page\" title=\"Page 80\">\n<div class=\"section\">\n<div class=\"layoutArea\">\n<div class=\"column\">\n<div class=\"page\" title=\"Page 80\">\n<div class=\"section\">\n<div class=\"layoutArea\">\n<div class=\"column\">\n<p>&nbsp;<\/p>\n<p>&nbsp;<\/p>\n<p><img loading=\"lazy\" decoding=\"async\" class=\"alignleft size-thumbnail wp-image-5426 entered lazyloaded\" src=\"https:\/\/karera.lt\/wp-content\/uploads\/2022\/07\/CLAYYY-150x150.png\" sizes=\"auto, (max-width: 150px) 100vw, 150px\" srcset=\"https:\/\/karera.lt\/wp-content\/uploads\/2022\/07\/CLAYYY-150x150.png 150w, https:\/\/karera.lt\/wp-content\/uploads\/2022\/07\/CLAYYY-300x300.png 300w, https:\/\/karera.lt\/wp-content\/uploads\/2022\/07\/CLAYYY.png 500w\" alt=\"\" width=\"150\" height=\"150\" data-lazy-srcset=\"https:\/\/karera.lt\/wp-content\/uploads\/2022\/07\/CLAYYY-150x150.png 150w, https:\/\/karera.lt\/wp-content\/uploads\/2022\/07\/CLAYYY-300x300.png 300w, https:\/\/karera.lt\/wp-content\/uploads\/2022\/07\/CLAYYY.png 500w\" data-lazy-sizes=\"(max-width: 150px) 100vw, 150px\" data-lazy-src=\"https:\/\/karera.lt\/wp-content\/uploads\/2022\/07\/CLAYYY-150x150.png\" data-ll-status=\"loaded\" \/><br \/>\nETINIAIS PRINCIPAIS VADOVAUJANTIS GAUTAS\u00a0AMAZON\u0116S RO\u017dINIS MOLIS<br \/>\n\u0160is molis, pagamintas sumai\u0161ius raudon\u0105 ir balt\u0105 mol\u012f, pasi\u017eymi od\u0105 valan\u010diomis ir mink\u0161tinan\u010diomis savyb\u0117mis. Jis veikia tiesiogiai galvos od\u0105 ir reguliuoja sebumo i\u0161skyrim\u0105.<\/p>\n<\/div>\n<\/div>\n<\/div>\n<\/div>\n<\/div>\n<\/div>\n<\/div>\n<\/div>\n<p>&nbsp;<\/p>\n<\/div>\n<\/div>\n<\/div>\n<\/div>\n<\/div>\n<\/div>\n<\/div>\n<\/div>\n<\/div>\n<\/div>\n<\/div>\n<\/div>\n<\/div>\n<\/div>\n<\/div>\n<\/div>\n<div><\/div>\n<div>.<\/div>\n<div><\/div>\n<div><\/div>\n<div><\/div>\n<div><img decoding=\"async\" src=\"https:\/\/karera.lt\/wp-content\/uploads\/2021\/12\/galutinis-pav.-1024x279.png\" \/><\/div>\n<div><\/div>\n<div><\/div>\n<p>&nbsp;<\/p>","protected":false},"excerpt":{"rendered":"<p><strong>OWAY plant &amp; mineral refresh<\/strong> &#8211; SAUSAS AUGAL\u0172 IR MINERAL\u0172 PAGRINDO VALANTIS IR APIMTIES SUTEIKIANTIS MI\u0160INYS. At\u0161vie\u017eina plauk\u0173 i\u0161vaizd\u0105 nenaudojant vandens. Sugeria sebumo pertekli\u0173, tod\u0117l plaukai tampa puresni, lengvesni ir maloniai kvepia. Pailgina laikotarpius tarp plovim\u0173. Apsaugo nuo per da\u017eno ir agresyvaus plovimo \u017ealos.<\/p>\n<p><strong><em>36 g.\u00a0\u00a0<\/em><\/strong><\/p>\n<ul class=\"grid grid-cols-2 gap-x-3 gap-y-5 md:gap-y-2\">\n<li class=\"paragraph-2 relative flex items-center pl-3 font-sans leading-4 opacity-50 before:absolute before:left-0 before:top-1\/2 before:size-1 before:-translate-y-1\/2 before:rounded-full before:bg-oway-dark\"><span class=\"inline-block\">Agricosmetica\u00ae<\/span><\/li>\n<li class=\"paragraph-2 relative flex items-center pl-3 font-sans leading-4 opacity-50 before:absolute before:left-0 before:top-1\/2 before:size-1 before:-translate-y-1\/2 before:rounded-full before:bg-oway-dark\"><span class=\"inline-block\">Eteriniai aliejai<\/span><\/li>\n<li class=\"paragraph-2 relative flex items-center pl-3 font-sans leading-4 opacity-50 before:absolute before:left-0 before:top-1\/2 before:size-1 before:-translate-y-1\/2 before:rounded-full before:bg-oway-dark\"><span class=\"inline-block\">Stiklas ir Aliuminis<\/span><\/li>\n<li class=\"paragraph-2 relative flex items-center pl-3 font-sans leading-4 opacity-50 before:absolute before:left-0 before:top-1\/2 before:size-1 before:-translate-y-1\/2 before:rounded-full before:bg-oway-dark\"><span class=\"inline-block\">Pagaminta Italijoje<\/span><\/li>\n<li class=\"paragraph-2 relative flex items-center pl-3 font-sans leading-4 opacity-50 before:absolute before:left-0 before:top-1\/2 before:size-1 before:-translate-y-1\/2 before:rounded-full before:bg-oway-dark\"><span class=\"inline-block\">S\u0105moningai sukurta<\/span><\/li>\n<li class=\"paragraph-2 relative flex items-center pl-3 font-sans leading-4 opacity-50 before:absolute before:left-0 before:top-1\/2 before:size-1 before:-translate-y-1\/2 before:rounded-full before:bg-oway-dark\"><span class=\"inline-block\">Profesionalus produktas<\/span><\/li>\n<\/ul>\n<p>&nbsp;<\/p>","protected":false},"featured_media":8551,"comment_status":"open","ping_status":"closed","template":"","meta":[],"product_brand":[],"product_cat":[273,280,281],"product_tag":[284,290,340,291],"class_list":{"0":"post-8550","1":"product","2":"type-product","3":"status-publish","4":"has-post-thumbnail","6":"product_cat-dovanuidejos","7":"product_cat-oway","8":"product_cat-oway-sampunai","9":"product_tag-oway","10":"product_tag-sausas-sampunas","11":"product_tag-valymas","12":"product_tag-visu-tipu-plaukams","14":"first","15":"onbackorder","16":"shipping-taxable","17":"purchasable","18":"product-type-simple"},"_links":{"self":[{"href":"https:\/\/rupa.lt\/en\/wp-json\/wp\/v2\/product\/8550","targetHints":{"allow":["GET"]}}],"collection":[{"href":"https:\/\/rupa.lt\/en\/wp-json\/wp\/v2\/product"}],"about":[{"href":"https:\/\/rupa.lt\/en\/wp-json\/wp\/v2\/types\/product"}],"replies":[{"embeddable":true,"href":"https:\/\/rupa.lt\/en\/wp-json\/wp\/v2\/comments?post=8550"}],"wp:featuredmedia":[{"embeddable":true,"href":"https:\/\/rupa.lt\/en\/wp-json\/wp\/v2\/media\/8551"}],"wp:attachment":[{"href":"https:\/\/rupa.lt\/en\/wp-json\/wp\/v2\/media?parent=8550"}],"wp:term":[{"taxonomy":"product_brand","embeddable":true,"href":"https:\/\/rupa.lt\/en\/wp-json\/wp\/v2\/product_brand?post=8550"},{"taxonomy":"product_cat","embeddable":true,"href":"https:\/\/rupa.lt\/en\/wp-json\/wp\/v2\/product_cat?post=8550"},{"taxonomy":"product_tag","embeddable":true,"href":"https:\/\/rupa.lt\/en\/wp-json\/wp\/v2\/product_tag?post=8550"}],"curies":[{"name":"wp","href":"https:\/\/api.w.org\/{rel}","templated":true}]}}