{"id":8536,"date":"2022-05-03T22:16:28","date_gmt":"2022-05-03T19:16:28","guid":{"rendered":"https:\/\/rupa.lt\/?post_type=product&#038;p=8536"},"modified":"2026-02-20T13:01:09","modified_gmt":"2026-02-20T11:01:09","slug":"oway-curly-hair-bath-sampunas-garbanotiems-plaukams","status":"publish","type":"product","link":"https:\/\/rupa.lt\/en\/product\/oway-curly-hair-bath-sampunas-garbanotiems-plaukams\/","title":{"rendered":"OWAY CURLY HAIR BATH- \u0161amp\u016bnas garbanotiems plaukams"},"content":{"rendered":"<p><strong>OWAY curly hair bath &#8211; <\/strong>MAITINANTIS \u0160AMP\u016aNAS GARBANOTIEMS PLAUKAMS<\/p>\n<p><strong>AROMAT\u0172 PUOK\u0160T\u0116:\u00a0bergamot\u0117, apelsinas, imbieras, kadagiai, muskato rie\u0161utas, mate. <\/strong>Aitri ir pikanti\u0161ka puok\u0161t\u0117 intensyviai maitinan\u010diai linijai, kuri padeda garbanotiems ir banguotiems plaukams ilgai i\u0161likti elastingiems ir i\u0161siri\u0161usiems.<\/p>\n<p><strong>NAUDOJIMAS:<\/strong> Paskirstykite ant dr\u0117gn\u0173 plauk\u0173, \u012ftrinkite masa\u017euojamaisiais judesiais ir nuskalaukite. Jei reikia, proced\u016br\u0105 pakartokite.<\/p>\n<p><strong>AR \u017dINOJOTE?<\/strong> Palengvina d\u017eiovinimo proces\u0105, kai norima suformuoti garbanas ar lengvas tekst\u016bras. Tinka \u0161ukuosenai palaikyti po ilgalaikio sugarbanojimo proced\u016br\u0173.<\/p>\n<h2 class=\"yikes-custom-woo-tab-title yikes-custom-woo-tab-title-aktyvus-ingredientai\">Aktyv\u016bs ingredientai<\/h2>\n<p><strong><img loading=\"lazy\" decoding=\"async\" class=\"alignleft size-thumbnail wp-image-5418 entered lazyloaded\" src=\"https:\/\/karera.lt\/wp-content\/uploads\/2022\/07\/ANDIROBAAA-150x150.png\" sizes=\"auto, (max-width: 150px) 100vw, 150px\" srcset=\"https:\/\/karera.lt\/wp-content\/uploads\/2022\/07\/ANDIROBAAA-150x150.png 150w, https:\/\/karera.lt\/wp-content\/uploads\/2022\/07\/ANDIROBAAA-300x300.png 300w, https:\/\/karera.lt\/wp-content\/uploads\/2022\/07\/ANDIROBAAA.png 500w\" alt=\"\" width=\"150\" height=\"150\" data-lazy-srcset=\"https:\/\/karera.lt\/wp-content\/uploads\/2022\/07\/ANDIROBAAA-150x150.png 150w, https:\/\/karera.lt\/wp-content\/uploads\/2022\/07\/ANDIROBAAA-300x300.png 300w, https:\/\/karera.lt\/wp-content\/uploads\/2022\/07\/ANDIROBAAA.png 500w\" data-lazy-sizes=\"(max-width: 150px) 100vw, 150px\" data-lazy-src=\"https:\/\/karera.lt\/wp-content\/uploads\/2022\/07\/ANDIROBAAA-150x150.png\" data-ll-status=\"loaded\" \/><br \/>\nVADOVAUJANTIS ETINIAIS PRINCIPAIS GAUTAS GVIANIN\u0116S KARAPOS ALIEJUS<\/strong><br \/>\nVertinga kosmetikos produkt\u0173 sudedamoji dalis, pasi\u017eyminti i\u0161skirtin\u0117mis atkurian\u010diomis, dr\u0117kinan\u010diomis ir raminan\u010diomis savyb\u0117mis. Skatina plauk\u0173 augim\u0105. Puikiai tinka garbanotiems plaukams. Garbanos atrodo elastingos, mink\u0161tos ir pamaitintos<\/p>\n<p>&nbsp;<\/p>\n<div class=\"page\" title=\"Page 66\">\n<div class=\"layoutArea\">\n<div class=\"column\">\n<div class=\"page\" title=\"Page 66\">\n<div class=\"layoutArea\">\n<div class=\"column\">\n<div class=\"page\" title=\"Page 66\">\n<p>&nbsp;<\/p>\n<div class=\"layoutArea\">\n<div class=\"column\">\n<p><strong><img loading=\"lazy\" decoding=\"async\" class=\"alignleft size-thumbnail wp-image-5419 entered lazyloaded\" src=\"https:\/\/karera.lt\/wp-content\/uploads\/2022\/07\/LIQUIRIZIAAA-150x150.png\" sizes=\"auto, (max-width: 150px) 100vw, 150px\" srcset=\"https:\/\/karera.lt\/wp-content\/uploads\/2022\/07\/LIQUIRIZIAAA-150x150.png 150w, https:\/\/karera.lt\/wp-content\/uploads\/2022\/07\/LIQUIRIZIAAA-300x300.png 300w, https:\/\/karera.lt\/wp-content\/uploads\/2022\/07\/LIQUIRIZIAAA.png 500w\" alt=\"\" width=\"150\" height=\"150\" data-lazy-srcset=\"https:\/\/karera.lt\/wp-content\/uploads\/2022\/07\/LIQUIRIZIAAA-150x150.png 150w, https:\/\/karera.lt\/wp-content\/uploads\/2022\/07\/LIQUIRIZIAAA-300x300.png 300w, https:\/\/karera.lt\/wp-content\/uploads\/2022\/07\/LIQUIRIZIAAA.png 500w\" data-lazy-sizes=\"(max-width: 150px) 100vw, 150px\" data-lazy-src=\"https:\/\/karera.lt\/wp-content\/uploads\/2022\/07\/LIQUIRIZIAAA-150x150.png\" data-ll-status=\"loaded\" \/><\/strong><\/p>\n<p><strong><br \/>\nBIODINAMINIS SALDYMED\u017dIO EKSTRAKTAS<\/strong><br \/>\n\u0160iame ekstrakte esanti glicirizino r\u016bg\u0161tis aktyvina galvos odos mikrocirkuliacij\u0105 ir taip palengvina aktyvi\u0173j\u0173 med\u017eiag\u0173 \u012fsiskverbim\u0105, nuramina galvos odos raudon\u012f ir u\u017edegim\u0105.<\/p>\n<div class=\"page\" title=\"Page 66\">\n<div class=\"layoutArea\">\n<div class=\"column\">\n<p>&nbsp;<\/p>\n<p>&nbsp;<\/p>\n<p><strong><img loading=\"lazy\" decoding=\"async\" class=\"alignleft size-thumbnail wp-image-5420 entered lazyloaded\" src=\"https:\/\/karera.lt\/wp-content\/uploads\/2022\/07\/IPERICOOO-150x150.png\" sizes=\"auto, (max-width: 150px) 100vw, 150px\" srcset=\"https:\/\/karera.lt\/wp-content\/uploads\/2022\/07\/IPERICOOO-150x150.png 150w, https:\/\/karera.lt\/wp-content\/uploads\/2022\/07\/IPERICOOO-300x300.png 300w, https:\/\/karera.lt\/wp-content\/uploads\/2022\/07\/IPERICOOO.png 500w\" alt=\"\" width=\"150\" height=\"150\" data-lazy-srcset=\"https:\/\/karera.lt\/wp-content\/uploads\/2022\/07\/IPERICOOO-150x150.png 150w, https:\/\/karera.lt\/wp-content\/uploads\/2022\/07\/IPERICOOO-300x300.png 300w, https:\/\/karera.lt\/wp-content\/uploads\/2022\/07\/IPERICOOO.png 500w\" data-lazy-sizes=\"(max-width: 150px) 100vw, 150px\" data-lazy-src=\"https:\/\/karera.lt\/wp-content\/uploads\/2022\/07\/IPERICOOO-150x150.png\" data-ll-status=\"loaded\" \/><br \/>\nEKOLOGI\u0160KAS JONA\u017dOL\u0116S EKSTRAKTAS<\/strong><br \/>\nPagal \u017eolininkyst\u0117s tradicijas, jona\u017eol\u0117 laikoma ypatingu saul\u0117s augalu. Ji saugo, ramina ir apsaugo nuo laisv\u0173j\u0173 radikal\u0173 tuo pat metu saugodama plauk\u0173 jaunyst\u0119.<\/p>\n<\/div>\n<\/div>\n<\/div>\n<\/div>\n<\/div>\n<\/div>\n<\/div>\n<\/div>\n<\/div>\n<\/div>\n<\/div>\n<\/div>\n<div data-wp-editing=\"1\"><\/div>\n<div data-wp-editing=\"1\"><\/div>\n<div data-wp-editing=\"1\"><\/div>\n<div data-wp-editing=\"1\"><img loading=\"lazy\" decoding=\"async\" class=\"aligncenter\" src=\"https:\/\/karera.lt\/wp-content\/uploads\/2021\/12\/galutinis-pav.-1024x279.png\" alt=\"\" width=\"1024\" height=\"279\" \/><\/div>\n<div data-wp-editing=\"1\"><\/div>\n<div data-wp-editing=\"1\"><\/div>\n<div data-wp-editing=\"1\"><\/div>\n<div data-wp-editing=\"1\"><\/div>\n<div data-wp-editing=\"1\"><\/div>\n<div data-wp-editing=\"1\"><\/div>\n<div data-wp-editing=\"1\"><\/div>","protected":false},"excerpt":{"rendered":"<p><strong>OWAY curly hair bath &#8211; <\/strong>MAITINANTIS \u0160AMP\u016aNAS GARBANOTIEMS PLAUKAMS. Valo garbanotus plaukus ir pasi\u017eymi intensyviu glotninamuoju poveikiu. Pary\u0161kina garbanas ir palaiko optimal\u0173 dr\u0117kinim\u0105. Suteikia plaukams lankstumo ir pabr\u0117\u017eia garbanot\u0173 plauk\u0173 gro\u017e\u012f judant.<\/p>\n<p>&nbsp;<\/p>\n<p><strong><em>240ml- stikliniame buteliuke<\/em><\/strong><\/p>\n<p><strong><em>50ml- aliuminio t\u016bbel\u0117je<\/em><\/strong><\/p>\n<p>&nbsp;<\/p>\n<ul class=\"grid grid-cols-2 gap-x-3 gap-y-5 md:gap-y-2\">\n<li class=\"paragraph-2 relative flex items-center pl-3 font-sans leading-4 opacity-50 before:absolute before:left-0 before:top-1\/2 before:size-1 before:-translate-y-1\/2 before:rounded-full before:bg-oway-dark\"><span class=\"inline-block\">Agricosmetica\u00ae<\/span><\/li>\n<li class=\"paragraph-2 relative flex items-center pl-3 font-sans leading-4 opacity-50 before:absolute before:left-0 before:top-1\/2 before:size-1 before:-translate-y-1\/2 before:rounded-full before:bg-oway-dark\"><span class=\"inline-block\">Eteriniai aliejai<\/span><\/li>\n<li class=\"paragraph-2 relative flex items-center pl-3 font-sans leading-4 opacity-50 before:absolute before:left-0 before:top-1\/2 before:size-1 before:-translate-y-1\/2 before:rounded-full before:bg-oway-dark\"><span class=\"inline-block\">Stiklas ir Aliuminis<\/span><\/li>\n<li class=\"paragraph-2 relative flex items-center pl-3 font-sans leading-4 opacity-50 before:absolute before:left-0 before:top-1\/2 before:size-1 before:-translate-y-1\/2 before:rounded-full before:bg-oway-dark\"><span class=\"inline-block\">Pagaminta Italijoje<\/span><\/li>\n<li class=\"paragraph-2 relative flex items-center pl-3 font-sans leading-4 opacity-50 before:absolute before:left-0 before:top-1\/2 before:size-1 before:-translate-y-1\/2 before:rounded-full before:bg-oway-dark\"><span class=\"inline-block\">S\u0105moningai sukurta<\/span><\/li>\n<li class=\"paragraph-2 relative flex items-center pl-3 font-sans leading-4 opacity-50 before:absolute before:left-0 before:top-1\/2 before:size-1 before:-translate-y-1\/2 before:rounded-full before:bg-oway-dark\"><span class=\"inline-block\">Profesionalus produktas<\/span><\/li>\n<\/ul>\n<p><em><a href=\"https:\/\/rupa.lt\/en\/product\/nerudijancio-plieno-dozatorius\/\">\u012esigyti metalin\u012f dozatori\u0173 prie buteliuko<\/a><\/em><\/p>","protected":false},"featured_media":8540,"comment_status":"open","ping_status":"closed","template":"","meta":[],"product_brand":[],"product_cat":[280,281],"product_tag":[41,252,284,287],"class_list":{"0":"post-8536","1":"product","2":"type-product","3":"status-publish","4":"has-post-thumbnail","6":"product_cat-oway","7":"product_cat-oway-sampunai","8":"product_tag-ekologiskas","9":"product_tag-naturalus","10":"product_tag-oway","11":"product_tag-sampunas-garbanotiems-plaukams","13":"first","14":"instock","15":"shipping-taxable","16":"purchasable","17":"product-type-variable"},"_links":{"self":[{"href":"https:\/\/rupa.lt\/en\/wp-json\/wp\/v2\/product\/8536","targetHints":{"allow":["GET"]}}],"collection":[{"href":"https:\/\/rupa.lt\/en\/wp-json\/wp\/v2\/product"}],"about":[{"href":"https:\/\/rupa.lt\/en\/wp-json\/wp\/v2\/types\/product"}],"replies":[{"embeddable":true,"href":"https:\/\/rupa.lt\/en\/wp-json\/wp\/v2\/comments?post=8536"}],"wp:featuredmedia":[{"embeddable":true,"href":"https:\/\/rupa.lt\/en\/wp-json\/wp\/v2\/media\/8540"}],"wp:attachment":[{"href":"https:\/\/rupa.lt\/en\/wp-json\/wp\/v2\/media?parent=8536"}],"wp:term":[{"taxonomy":"product_brand","embeddable":true,"href":"https:\/\/rupa.lt\/en\/wp-json\/wp\/v2\/product_brand?post=8536"},{"taxonomy":"product_cat","embeddable":true,"href":"https:\/\/rupa.lt\/en\/wp-json\/wp\/v2\/product_cat?post=8536"},{"taxonomy":"product_tag","embeddable":true,"href":"https:\/\/rupa.lt\/en\/wp-json\/wp\/v2\/product_tag?post=8536"}],"curies":[{"name":"wp","href":"https:\/\/api.w.org\/{rel}","templated":true}]}}