{"id":8520,"date":"2022-05-03T19:14:07","date_gmt":"2022-05-03T16:14:07","guid":{"rendered":"https:\/\/rupa.lt\/?post_type=product&#038;p=8520"},"modified":"2026-02-20T15:12:17","modified_gmt":"2026-02-20T13:12:17","slug":"oway-silkn-glow-hair-bath-zvilgesio-suteikiantis-sampunas","status":"publish","type":"product","link":"https:\/\/rupa.lt\/en\/product\/oway-silkn-glow-hair-bath-zvilgesio-suteikiantis-sampunas\/","title":{"rendered":"OWAY SILK\u00b4N GLOW HAIR BATH- \u017evilgesio suteikiantis \u0161amp\u016bnas"},"content":{"rendered":"<p><strong>Skirts: <\/strong>\u0160amp\u016bnas por\u0117tiems, sausiems ir besi\u0161iau\u0161iantiems plaukams. Atkuria nat\u016bral\u0173 i\u0161saus\u0117jusi\u0173 ir trapi\u0173 plauk\u0173 dr\u0117kinim\u0105. I\u0161lygina kutikul\u0119 ir ma\u017eina plauk\u0173 p\u016btim\u0105si. Akimirksniu suteikia \u017evilgesio. Tobulai i\u0161lygina, ta\u010diau i\u0161saugo elastingum\u0105.<\/p>\n<p><strong>Aromat\u0173 puok\u0161t\u0117: saldus apelsinas, vanil\u0117, mandarinas. <\/strong>Sodrios, jausmingos natos, skirtos maitinan\u010diai linijai, kuri nedelsiant atkuria elastingum\u0105 ir suteikia plaukams ilgalaik\u012f dr\u0117kinim\u0105.<\/p>\n<p><strong>Naudojimas: <\/strong>Paskirstykite ant dr\u0117gn\u0173 plauk\u0173, \u012ftrinkite masa\u017euojamaisiais judesiais ir nuskalaukite. Jei reikia, proced\u016br\u0105 pakartokite.<\/p>\n<h2 class=\"yikes-custom-woo-tab-title yikes-custom-woo-tab-title-aktyvus-ingredientai\">Aktyv\u016bs ingredientai<\/h2>\n<p><strong><img loading=\"lazy\" decoding=\"async\" class=\"alignleft size-thumbnail wp-image-5467 entered lazyloaded\" src=\"https:\/\/karera.lt\/wp-content\/uploads\/2022\/07\/BARTOLETIJU-ALIEJUS-150x150.png\" sizes=\"auto, (max-width: 150px) 100vw, 150px\" srcset=\"https:\/\/karera.lt\/wp-content\/uploads\/2022\/07\/BARTOLETIJU-ALIEJUS-150x150.png 150w, https:\/\/karera.lt\/wp-content\/uploads\/2022\/07\/BARTOLETIJU-ALIEJUS-300x300.png 300w, https:\/\/karera.lt\/wp-content\/uploads\/2022\/07\/BARTOLETIJU-ALIEJUS.png 500w\" alt=\"\" width=\"150\" height=\"150\" data-lazy-srcset=\"https:\/\/karera.lt\/wp-content\/uploads\/2022\/07\/BARTOLETIJU-ALIEJUS-150x150.png 150w, https:\/\/karera.lt\/wp-content\/uploads\/2022\/07\/BARTOLETIJU-ALIEJUS-300x300.png 300w, https:\/\/karera.lt\/wp-content\/uploads\/2022\/07\/BARTOLETIJU-ALIEJUS.png 500w\" data-lazy-sizes=\"(max-width: 150px) 100vw, 150px\" data-lazy-src=\"https:\/\/karera.lt\/wp-content\/uploads\/2022\/07\/BARTOLETIJU-ALIEJUS-150x150.png\" data-ll-status=\"loaded\" \/><br \/>\nETINIAIS<\/strong><strong>\u00a0PRINCIPAIS VADOVAUJANTIS GAUTAS BRAZILINI\u0172 BERTOLETIJ\u0172 ALIEJUS<br \/>\n<\/strong>\u0160is aliejus gausiai turi vandenyje tirpi\u0173 vitamin\u0173 A ir B, tod\u0117l reguliuoja plauk\u0173 p\u016btim\u0105si, suteikia \u017evilgesio ir palengvina plauk\u0173 \u0161ukavim\u0105si.<\/p>\n<p>&nbsp;<\/p>\n<div class=\"page\" title=\"Page 72\">\n<div class=\"layoutArea\">\n<div class=\"column\">\n<div class=\"page\" title=\"Page 72\">\n<div class=\"layoutArea\">\n<div class=\"column\">\n<p><strong><img loading=\"lazy\" decoding=\"async\" class=\"alignleft size-thumbnail wp-image-5410 entered lazyloaded\" src=\"https:\/\/karera.lt\/wp-content\/uploads\/2021\/04\/AVENAAA-150x150.png\" sizes=\"auto, (max-width: 150px) 100vw, 150px\" srcset=\"https:\/\/karera.lt\/wp-content\/uploads\/2021\/04\/AVENAAA-150x150.png 150w, https:\/\/karera.lt\/wp-content\/uploads\/2021\/04\/AVENAAA-300x300.png 300w, https:\/\/karera.lt\/wp-content\/uploads\/2021\/04\/AVENAAA.png 500w\" alt=\"\" width=\"150\" height=\"150\" data-lazy-srcset=\"https:\/\/karera.lt\/wp-content\/uploads\/2021\/04\/AVENAAA-150x150.png 150w, https:\/\/karera.lt\/wp-content\/uploads\/2021\/04\/AVENAAA-300x300.png 300w, https:\/\/karera.lt\/wp-content\/uploads\/2021\/04\/AVENAAA.png 500w\" data-lazy-sizes=\"(max-width: 150px) 100vw, 150px\" data-lazy-src=\"https:\/\/karera.lt\/wp-content\/uploads\/2021\/04\/AVENAAA-150x150.png\" data-ll-status=\"loaded\" \/><br \/>\nBIODINAMINIS AVI\u017d\u0172 EKSTRAKTAS<\/strong><br \/>\nPasi\u017eymi sausus plaukus stiprinan\u010diu ir strukt\u016br\u0105 atkurian\u010diu poveikiu. Avi\u017e\u0173 ekstrakte esantys beta-gliukanai pasi\u017eymi dr\u0117kinan\u010diu poveikiu ir suformuoja apsaugin\u0119 pl\u0117vel\u0119, kuri saugo nuo laisv\u0173j\u0173 radikal\u0173.<\/p>\n<\/div>\n<\/div>\n<\/div>\n<\/div>\n<\/div>\n<\/div>\n<div class=\"page\" title=\"Page 72\">\n<div class=\"layoutArea\">\n<p>&nbsp;<\/p>\n<div class=\"column\">\n<div class=\"page\" title=\"Page 72\">\n<div class=\"layoutArea\">\n<div class=\"column\">\n<p>&nbsp;<\/p>\n<p><strong><img loading=\"lazy\" decoding=\"async\" class=\"alignleft size-thumbnail wp-image-5468 entered lazyloaded\" src=\"https:\/\/karera.lt\/wp-content\/uploads\/2022\/07\/KAKAVMEDIS-150x150.png\" sizes=\"auto, (max-width: 150px) 100vw, 150px\" srcset=\"https:\/\/karera.lt\/wp-content\/uploads\/2022\/07\/KAKAVMEDIS-150x150.png 150w, https:\/\/karera.lt\/wp-content\/uploads\/2022\/07\/KAKAVMEDIS-300x300.png 300w, https:\/\/karera.lt\/wp-content\/uploads\/2022\/07\/KAKAVMEDIS.png 500w\" alt=\"\" width=\"150\" height=\"150\" data-lazy-srcset=\"https:\/\/karera.lt\/wp-content\/uploads\/2022\/07\/KAKAVMEDIS-150x150.png 150w, https:\/\/karera.lt\/wp-content\/uploads\/2022\/07\/KAKAVMEDIS-300x300.png 300w, https:\/\/karera.lt\/wp-content\/uploads\/2022\/07\/KAKAVMEDIS.png 500w\" data-lazy-sizes=\"(max-width: 150px) 100vw, 150px\" data-lazy-src=\"https:\/\/karera.lt\/wp-content\/uploads\/2022\/07\/KAKAVMEDIS-150x150.png\" data-ll-status=\"loaded\" \/><br \/>\nEKOLOGI\u0160KAS KAKAVMED\u017dIO SVIESTAS<\/strong><br \/>\nStambia\u017eiedis kakavmedis \u2013 tai auk\u0161tos kokyb\u0117s Brazilijos rie\u0161utas. \u0160altojo spaudimo b\u016bdu apdorotos jo s\u0117klos i\u0161skiria sviest\u0105, pasi\u017eymint\u012f puikiomis dr\u0117kinan\u010diomis ir mink\u0161tinan\u010diomis savyb\u0117mis. Maitinantis ir praturtinantis plaukus jis suteikia jiems ypatingo \u017evilgesio.<\/p>\n<\/div>\n<\/div>\n<\/div>\n<\/div>\n<\/div>\n<\/div>\n<p>&nbsp;<\/p>\n<p>&nbsp;<\/p>\n<p><img loading=\"lazy\" decoding=\"async\" class=\"aligncenter\" src=\"https:\/\/karera.lt\/wp-content\/uploads\/2021\/12\/galutinis-pav.-1024x279.png\" alt=\"\" width=\"1024\" height=\"279\" \/><\/p>\n<div data-wp-editing=\"1\"><\/div>\n<div data-wp-editing=\"1\"><\/div>\n<div data-wp-editing=\"1\"><\/div>\n<div data-wp-editing=\"1\"><\/div>\n<div data-wp-editing=\"1\"><\/div>\n<div data-wp-editing=\"1\"><\/div>\n<div data-wp-editing=\"1\"><\/div>\n<div data-wp-editing=\"1\"><\/div>\n<div data-wp-editing=\"1\"><\/div>\n<div data-wp-editing=\"1\"><\/div>","protected":false},"excerpt":{"rendered":"<p><strong>OWAY silk&#8217;n glow hair bath<\/strong> &#8211; TAURAUS \u017dVILGESIO SUTEIKIANTIS PLAUK\u0172 \u0160AMP\u016aNAS. Atkuria nat\u016bral\u0173 i\u0161saus\u0117jusi\u0173 ir trapi\u0173 plauk\u0173 dr\u0117kinim\u0105. I\u0161lygina kutikul\u0119 ir ma\u017eina plauk\u0173 p\u016btim\u0105si. Akimirksniu suteikia \u017evilgesio. Tobulai i\u0161lygina, ta\u010diau i\u0161saugo elastingum\u0105.<\/p>\n<p>&nbsp;<\/p>\n<p><strong>240ml- stikliniame buteliuke<\/strong><\/p>\n<p><strong>50ml- aliuminio t\u016bbel\u0117je<\/strong><\/p>\n<p>&nbsp;<\/p>\n<ul class=\"grid grid-cols-2 gap-x-3 gap-y-5 md:gap-y-2\">\n<li class=\"paragraph-2 relative flex items-center pl-3 font-sans leading-4 opacity-50 before:absolute before:left-0 before:top-1\/2 before:size-1 before:-translate-y-1\/2 before:rounded-full before:bg-oway-dark\"><span class=\"inline-block\">Agricosmetica\u00ae<\/span><\/li>\n<li class=\"paragraph-2 relative flex items-center pl-3 font-sans leading-4 opacity-50 before:absolute before:left-0 before:top-1\/2 before:size-1 before:-translate-y-1\/2 before:rounded-full before:bg-oway-dark\"><span class=\"inline-block\">Eteriniai aliejai<\/span><\/li>\n<li class=\"paragraph-2 relative flex items-center pl-3 font-sans leading-4 opacity-50 before:absolute before:left-0 before:top-1\/2 before:size-1 before:-translate-y-1\/2 before:rounded-full before:bg-oway-dark\"><span class=\"inline-block\">Stiklas ir Aliuminis<\/span><\/li>\n<li class=\"paragraph-2 relative flex items-center pl-3 font-sans leading-4 opacity-50 before:absolute before:left-0 before:top-1\/2 before:size-1 before:-translate-y-1\/2 before:rounded-full before:bg-oway-dark\"><span class=\"inline-block\">Pagaminta Italijoje<\/span><\/li>\n<li class=\"paragraph-2 relative flex items-center pl-3 font-sans leading-4 opacity-50 before:absolute before:left-0 before:top-1\/2 before:size-1 before:-translate-y-1\/2 before:rounded-full before:bg-oway-dark\"><span class=\"inline-block\">S\u0105moningai sukurta<\/span><\/li>\n<li class=\"paragraph-2 relative flex items-center pl-3 font-sans leading-4 opacity-50 before:absolute before:left-0 before:top-1\/2 before:size-1 before:-translate-y-1\/2 before:rounded-full before:bg-oway-dark\"><span class=\"inline-block\">Profesionalus produktas<\/span><\/li>\n<\/ul>\n<p><em><a href=\"https:\/\/rupa.lt\/en\/product\/nerudijancio-plieno-dozatorius\/\" rel=\"noopener\">\u012esigyti metalin\u012f dozatori\u0173 prie buteliuko<\/a><\/em><\/p>","protected":false},"featured_media":8534,"comment_status":"open","ping_status":"closed","template":"","meta":[],"product_brand":[],"product_cat":[280,281],"product_tag":[41,284,294,295],"class_list":{"0":"post-8520","1":"product","2":"type-product","3":"status-publish","4":"has-post-thumbnail","6":"product_cat-oway","7":"product_cat-oway-sampunai","8":"product_tag-ekologiskas","9":"product_tag-oway","10":"product_tag-oway-sampunas","11":"product_tag-pasiputusiems-plaukams","13":"first","14":"instock","15":"shipping-taxable","16":"purchasable","17":"product-type-variable"},"_links":{"self":[{"href":"https:\/\/rupa.lt\/en\/wp-json\/wp\/v2\/product\/8520","targetHints":{"allow":["GET"]}}],"collection":[{"href":"https:\/\/rupa.lt\/en\/wp-json\/wp\/v2\/product"}],"about":[{"href":"https:\/\/rupa.lt\/en\/wp-json\/wp\/v2\/types\/product"}],"replies":[{"embeddable":true,"href":"https:\/\/rupa.lt\/en\/wp-json\/wp\/v2\/comments?post=8520"}],"wp:featuredmedia":[{"embeddable":true,"href":"https:\/\/rupa.lt\/en\/wp-json\/wp\/v2\/media\/8534"}],"wp:attachment":[{"href":"https:\/\/rupa.lt\/en\/wp-json\/wp\/v2\/media?parent=8520"}],"wp:term":[{"taxonomy":"product_brand","embeddable":true,"href":"https:\/\/rupa.lt\/en\/wp-json\/wp\/v2\/product_brand?post=8520"},{"taxonomy":"product_cat","embeddable":true,"href":"https:\/\/rupa.lt\/en\/wp-json\/wp\/v2\/product_cat?post=8520"},{"taxonomy":"product_tag","embeddable":true,"href":"https:\/\/rupa.lt\/en\/wp-json\/wp\/v2\/product_tag?post=8520"}],"curies":[{"name":"wp","href":"https:\/\/api.w.org\/{rel}","templated":true}]}}