{"id":8514,"date":"2022-05-03T18:41:26","date_gmt":"2022-05-03T15:41:26","guid":{"rendered":"https:\/\/rupa.lt\/?post_type=product&#038;p=8514"},"modified":"2026-02-20T14:58:51","modified_gmt":"2026-02-20T12:58:51","slug":"oway-drekinamasis-plauku-sampunas-moisturizing-hair-bath","status":"publish","type":"product","link":"https:\/\/rupa.lt\/en\/product\/oway-drekinamasis-plauku-sampunas-moisturizing-hair-bath\/","title":{"rendered":"OWAY MOISTURIZING HAIR BATH - moisturising shampoo"},"content":{"rendered":"<p><strong>Plauk\u0173 tro\u0161kul\u012f slopinanti maitinanti plauk\u0173 vonel\u0117<\/strong><br \/>\n\u2022 Valo dehidruotus plaukus<br \/>\n\u2022 Intensyviai dr\u0117kina ir balansuoja vidin\u0119 dehidruot\u0173 plauk\u0173 strukt\u016br\u0105<br \/>\n\u2022 Apsaugo nuo plauk\u0173 galiuk\u0173 skilin\u0117jimo ir suteikia \u017evilgesio.<\/p>\n<p><strong>Aromatas- vanil\u0117, cinamonas, apelsinas. <\/strong>Sodrios natos, jausmingas ir \u0161iek tiek pikanti\u0161kas aromatas. Maitinan\u010di\u0173 produkt\u0173 linija, atkurianti plauk\u0173 elastingum\u0105 ir suteikianti ilgalaik\u012f dr\u0117kinim\u0105. Aromaterapinis poveikis: atpalaiduojantis ir jausmingas.<\/p>\n<p><strong>Ar \u017einojote?<\/strong><br \/>\n\u2022 Palengvina bet koki\u0173 \u0161ukuosen\u0173 formavim\u0105, nes papildo plauko vandens ir lipid\u0173 atsargas, tod\u0117l plaukus lengviau formuoti.<\/p>\n<p>\u2022 \u0160epetys ar pir\u0161tai lengvai slysta plaukais.<\/p>\n<h3 class=\"yikes-custom-woo-tab-title yikes-custom-woo-tab-title-aktyvus-ingredientai\">Aktyv\u016bs ingredientai:<\/h3>\n<div class=\"page\" title=\"Page 110\">\n<div class=\"layoutArea\">\n<div class=\"column\">\n<p>&nbsp;<\/p>\n<p><img loading=\"lazy\" decoding=\"async\" class=\"alignleft wp-image-16709 size-thumbnail entered lazyloaded\" src=\"https:\/\/karera.lt\/wp-content\/uploads\/2023\/09\/OLIO-DI-OLIVA_218X205_3-150x150.png\" alt=\"\" width=\"150\" height=\"150\" data-lazy-src=\"https:\/\/karera.lt\/wp-content\/uploads\/2023\/09\/OLIO-DI-OLIVA_218X205_3-150x150.png\" data-ll-status=\"loaded\" \/><br \/>\n<strong>ALYVUOGI\u0172 KAULIUK\u0172 ALIEJUS<\/strong><br \/>\nAugalin\u0117s kilm\u0117s veiklioji med\u017eiaga: d\u0117l polifenoli\u0173 ir riebal\u0173 r\u016bg\u0161\u010di\u0173 pasi\u017eymi apsauginiu, dr\u0117kinamuoju poveikiu.<\/p>\n<\/div>\n<\/div>\n<\/div>\n<p>&nbsp;<\/p>\n<p>&nbsp;<\/p>\n<p><strong><img loading=\"lazy\" decoding=\"async\" class=\"alignleft size-thumbnail wp-image-5417 entered lazyloaded\" src=\"https:\/\/karera.lt\/wp-content\/uploads\/2021\/04\/NOCEEE-150x150.png\" sizes=\"auto, (max-width: 150px) 100vw, 150px\" srcset=\"https:\/\/karera.lt\/wp-content\/uploads\/2021\/04\/NOCEEE-150x150.png 150w, https:\/\/karera.lt\/wp-content\/uploads\/2021\/04\/NOCEEE-300x300.png 300w, https:\/\/karera.lt\/wp-content\/uploads\/2021\/04\/NOCEEE.png 500w\" alt=\"\" width=\"150\" height=\"150\" data-lazy-srcset=\"https:\/\/karera.lt\/wp-content\/uploads\/2021\/04\/NOCEEE-150x150.png 150w, https:\/\/karera.lt\/wp-content\/uploads\/2021\/04\/NOCEEE-300x300.png 300w, https:\/\/karera.lt\/wp-content\/uploads\/2021\/04\/NOCEEE.png 500w\" data-lazy-sizes=\"(max-width: 150px) 100vw, 150px\" data-lazy-src=\"https:\/\/karera.lt\/wp-content\/uploads\/2021\/04\/NOCEEE-150x150.png\" data-ll-status=\"loaded\" \/><\/strong><\/p>\n<p>&nbsp;<\/p>\n<p><strong>BIODINAMINIS LAZDYNO RIE\u0160UT\u0172 EKSTRAKTAS<\/strong><br \/>\nSud\u0117tyje esantys fenoliai ir taninai mink\u0161tina ir atkuria plauko strukt\u016br\u0105, tod\u0117l plaukus lengva i\u0161\u0161ukuoti, taip pat saugo nuo laisv\u0173j\u0173 radikal\u0173 ir antioksidant\u0173 poveikio. Plaukai apsaugomi nuo \u017ealing\u0173 aplinkos veiksni\u0173.<\/p>\n<p>&nbsp;<\/p>\n<div data-wp-editing=\"1\"><img loading=\"lazy\" decoding=\"async\" class=\"\" src=\"https:\/\/karera.lt\/wp-content\/uploads\/2021\/12\/galutinis-pav.-1024x279.png\" width=\"782\" height=\"213\" \/><\/div>\n<div data-wp-editing=\"1\"><\/div>\n<div data-wp-editing=\"1\"><\/div>\n<div data-wp-editing=\"1\"><\/div>\n<div data-wp-editing=\"1\"><\/div>\n<div data-wp-editing=\"1\"><\/div>\n<div data-wp-editing=\"1\"><\/div>","protected":false},"excerpt":{"rendered":"<p id=\"tw-target-text\" class=\"tw-data-text tw-text-large tw-ta\" dir=\"ltr\" data-placeholder=\"Vertimas\"><span class=\"Y2IQFc\" lang=\"lt\"><strong>OWAY moisturizing hair bath<\/strong> &#8211; DR\u0116KINAMASIS PLAUK\u0172 \u0160AMP\u016aNAS labai sausiems, dehidratuotiems arba storiems pasi\u0161iau\u0161usiems por\u0117tiems plaukams.<\/span><\/p>\n<p><strong>240ml- stikliniame buteliuke<\/strong><\/p>\n<p><strong>50ml- aliuminio t\u016bbel\u0117je<\/strong><\/p>\n<p>&nbsp;<\/p>\n<ul class=\"grid grid-cols-2 gap-x-3 gap-y-5 md:gap-y-2\">\n<li class=\"paragraph-2 relative flex items-center pl-3 font-sans leading-4 opacity-50 before:absolute before:left-0 before:top-1\/2 before:size-1 before:-translate-y-1\/2 before:rounded-full before:bg-oway-dark\"><span class=\"inline-block\">Agricosmetica\u00ae<\/span><\/li>\n<li class=\"paragraph-2 relative flex items-center pl-3 font-sans leading-4 opacity-50 before:absolute before:left-0 before:top-1\/2 before:size-1 before:-translate-y-1\/2 before:rounded-full before:bg-oway-dark\"><span class=\"inline-block\">Eteriniai aliejai<\/span><\/li>\n<li class=\"paragraph-2 relative flex items-center pl-3 font-sans leading-4 opacity-50 before:absolute before:left-0 before:top-1\/2 before:size-1 before:-translate-y-1\/2 before:rounded-full before:bg-oway-dark\"><span class=\"inline-block\">Stiklas ir Aliuminis<\/span><\/li>\n<li class=\"paragraph-2 relative flex items-center pl-3 font-sans leading-4 opacity-50 before:absolute before:left-0 before:top-1\/2 before:size-1 before:-translate-y-1\/2 before:rounded-full before:bg-oway-dark\"><span class=\"inline-block\">Pagaminta Italijoje<\/span><\/li>\n<li class=\"paragraph-2 relative flex items-center pl-3 font-sans leading-4 opacity-50 before:absolute before:left-0 before:top-1\/2 before:size-1 before:-translate-y-1\/2 before:rounded-full before:bg-oway-dark\"><span class=\"inline-block\">S\u0105moningai sukurta<\/span><\/li>\n<li class=\"paragraph-2 relative flex items-center pl-3 font-sans leading-4 opacity-50 before:absolute before:left-0 before:top-1\/2 before:size-1 before:-translate-y-1\/2 before:rounded-full before:bg-oway-dark\"><span class=\"inline-block\">Profesionalus produktas<\/span><\/li>\n<\/ul>\n<p>&nbsp;<\/p>\n<p><em><a href=\"https:\/\/rupa.lt\/en\/product\/nerudijancio-plieno-dozatorius\/\" rel=\"noopener\">\u012esigyti metalin\u012f dozatori\u0173 prie buteliuko<\/a><\/em><\/p>\n<p>&nbsp;<\/p>","protected":false},"featured_media":8517,"comment_status":"open","ping_status":"closed","template":"","meta":[],"product_brand":[],"product_cat":[280,281],"product_tag":[336,284,292,275],"class_list":{"0":"post-8514","1":"product","2":"type-product","3":"status-publish","4":"has-post-thumbnail","6":"product_cat-oway","7":"product_cat-oway-sampunai","8":"product_tag-drekinimas","9":"product_tag-oway","10":"product_tag-oway-produktai","11":"product_tag-sausiems-palukams","13":"first","14":"instock","15":"shipping-taxable","16":"purchasable","17":"product-type-variable","18":"has-default-attributes"},"_links":{"self":[{"href":"https:\/\/rupa.lt\/en\/wp-json\/wp\/v2\/product\/8514","targetHints":{"allow":["GET"]}}],"collection":[{"href":"https:\/\/rupa.lt\/en\/wp-json\/wp\/v2\/product"}],"about":[{"href":"https:\/\/rupa.lt\/en\/wp-json\/wp\/v2\/types\/product"}],"replies":[{"embeddable":true,"href":"https:\/\/rupa.lt\/en\/wp-json\/wp\/v2\/comments?post=8514"}],"wp:featuredmedia":[{"embeddable":true,"href":"https:\/\/rupa.lt\/en\/wp-json\/wp\/v2\/media\/8517"}],"wp:attachment":[{"href":"https:\/\/rupa.lt\/en\/wp-json\/wp\/v2\/media?parent=8514"}],"wp:term":[{"taxonomy":"product_brand","embeddable":true,"href":"https:\/\/rupa.lt\/en\/wp-json\/wp\/v2\/product_brand?post=8514"},{"taxonomy":"product_cat","embeddable":true,"href":"https:\/\/rupa.lt\/en\/wp-json\/wp\/v2\/product_cat?post=8514"},{"taxonomy":"product_tag","embeddable":true,"href":"https:\/\/rupa.lt\/en\/wp-json\/wp\/v2\/product_tag?post=8514"}],"curies":[{"name":"wp","href":"https:\/\/api.w.org\/{rel}","templated":true}]}}