{"id":8509,"date":"2022-05-03T19:48:00","date_gmt":"2022-05-03T16:48:00","guid":{"rendered":"https:\/\/rupa.lt\/?post_type=product&#038;p=8509"},"modified":"2026-04-01T13:25:47","modified_gmt":"2026-04-01T10:25:47","slug":"oway-kasdienio-naudojimo-sampunas-frequent-use-hair-scalp-bath","status":"publish","type":"product","link":"https:\/\/rupa.lt\/en\/product\/oway-kasdienio-naudojimo-sampunas-frequent-use-hair-scalp-bath\/","title":{"rendered":"OWAY FREQUENT USE HAIR &amp; SCALP BATH- daily use shampoo"},"content":{"rendered":"<p><strong>Antioksidacinio poveikio ir maitinanti plauk\u0173 ir galvos vonel\u0117\/\u0161amp\u016bnas<\/strong><br \/>\n\u2022 Valo ir detoksikuoja.<br \/>\n\u2022 Tobulai sudr\u0117kina plaukus per vis\u0105 j\u0173 ilg\u012f iki pat galiuk\u0173.<br \/>\n\u2022 Stiprina.<\/p>\n<p><strong>Aromatas- citrina, apelsinas, greipfrutas, pipirai. <\/strong>\u0160vie\u017ei\u0173 ir aromatini\u0173 eterini\u0173 aliej\u0173 mi\u0161inys, skirtas unisex linijai, puikiai tinkantis kasdieniam naudojimui, \u0161velniai normalizuoja odos valym\u0105.<\/p>\n<p><strong>Kam tinkama?<\/strong><br \/>\n\u2022 Rekomenduojamas naudoti v\u0117lesniuose etapuose po specifini\u0173 gydom\u0173j\u0173 proced\u016br\u0173.<br \/>\n\u2022 Idealiai tinka naudoti esant kar\u0161tam, sausam ar dr\u0117gnam orui d\u0117l b\u016bding\u0173 dr\u0117gm\u0117 subalansuojan\u010di\u0173 savybi\u0173.<br \/>\n\u2022 Sud\u0117tyje esantis makadamij\u0173 aliejus u\u017etikrina ilgai i\u0161liekant\u012f dr\u0117kinim\u0105 ir palaiko reikiam\u0105 galvos odos hidrolipidin\u0119 pusiausvyr\u0105 net ir da\u017enai plaunant galv\u0105.<br \/>\n\u2022 Taip pat idealiai tinka gausiai prakaituojan\u010diai galvos odai.<\/p>\n<div data-wp-editing=\"1\">\n<h3 class=\"yikes-custom-woo-tab-title yikes-custom-woo-tab-title-aktyvus-ingredientai\">Aktyv\u016bs ingredientai<\/h3>\n<p><strong><br \/>\n<img loading=\"lazy\" decoding=\"async\" class=\"alignleft size-thumbnail wp-image-5404 entered lazyloaded\" src=\"https:\/\/karera.lt\/wp-content\/uploads\/2021\/04\/LEMONA-150x150.png\" sizes=\"auto, (max-width: 150px) 100vw, 150px\" srcset=\"https:\/\/karera.lt\/wp-content\/uploads\/2021\/04\/LEMONA-150x150.png 150w, https:\/\/karera.lt\/wp-content\/uploads\/2021\/04\/LEMONA-300x300.png 300w, https:\/\/karera.lt\/wp-content\/uploads\/2021\/04\/LEMONA.png 500w\" alt=\"\" width=\"150\" height=\"150\" data-lazy-srcset=\"https:\/\/karera.lt\/wp-content\/uploads\/2021\/04\/LEMONA-150x150.png 150w, https:\/\/karera.lt\/wp-content\/uploads\/2021\/04\/LEMONA-300x300.png 300w, https:\/\/karera.lt\/wp-content\/uploads\/2021\/04\/LEMONA.png 500w\" data-lazy-sizes=\"(max-width: 150px) 100vw, 150px\" data-lazy-src=\"https:\/\/karera.lt\/wp-content\/uploads\/2021\/04\/LEMONA-150x150.png\" data-ll-status=\"loaded\" \/><br \/>\nBIODINAMINIS CITRIN\u0172 EKSTRAKTAS<\/strong><br \/>\nViena seniausiai naudojam\u0173 vaisting\u0173j\u0173 augal\u0173 \u017eolininkyst\u0117je.\u00a0 Kaip vaistingasis augalas, pasi\u017eymi sutraukian\u010diomis ir valan\u010diomis savyb\u0117mis, o d\u0117l vitamino C antioksidacini\u0173 savybi\u0173 gr\u0105\u017eina \u017evilges\u012f ir gyvybingum\u0105 nublukusiems ir papilk\u0117jusiems plaukams.<\/p>\n<p>&nbsp;<\/p>\n<p>&nbsp;<\/p>\n<p><img loading=\"lazy\" decoding=\"async\" class=\"alignleft size-thumbnail wp-image-5405 entered lazyloaded\" src=\"https:\/\/karera.lt\/wp-content\/uploads\/2021\/04\/TEAA-150x150.png\" sizes=\"auto, (max-width: 150px) 100vw, 150px\" srcset=\"https:\/\/karera.lt\/wp-content\/uploads\/2021\/04\/TEAA-150x150.png 150w, https:\/\/karera.lt\/wp-content\/uploads\/2021\/04\/TEAA-300x300.png 300w, https:\/\/karera.lt\/wp-content\/uploads\/2021\/04\/TEAA.png 500w\" alt=\"\" width=\"150\" height=\"150\" data-lazy-srcset=\"https:\/\/karera.lt\/wp-content\/uploads\/2021\/04\/TEAA-150x150.png 150w, https:\/\/karera.lt\/wp-content\/uploads\/2021\/04\/TEAA-300x300.png 300w, https:\/\/karera.lt\/wp-content\/uploads\/2021\/04\/TEAA.png 500w\" data-lazy-sizes=\"(max-width: 150px) 100vw, 150px\" data-lazy-src=\"https:\/\/karera.lt\/wp-content\/uploads\/2021\/04\/TEAA-150x150.png\" data-ll-status=\"loaded\" \/><\/p>\n<p><strong><br \/>\nEKOLOGI\u0160KAS BALTOSIOS ARBATOS EKSTRAKTAS<\/strong><br \/>\nPolifenoliai veikia trejopai: stabdo sen\u0117jim\u0105, apsaugo nuo oksidacinio streso ir ramina sudirgint\u0105 galvos od\u0105. Baltoji arbata padeda absorbuoti aktyvi\u0105sias med\u017eiagas taip padidinant j\u0173 \u012fsiskverbim\u0105 ir efektyv\u0173 poveik\u012f plaukams.<\/p>\n<\/div>\n<p>&nbsp;<\/p>\n<p>&nbsp;<\/p>\n<div data-wp-editing=\"1\">\n<p><strong><img loading=\"lazy\" decoding=\"async\" class=\"alignleft size-thumbnail wp-image-5406 entered lazyloaded\" src=\"https:\/\/karera.lt\/wp-content\/uploads\/2021\/04\/ARAZAA-150x150.png\" sizes=\"auto, (max-width: 150px) 100vw, 150px\" srcset=\"https:\/\/karera.lt\/wp-content\/uploads\/2021\/04\/ARAZAA-150x150.png 150w, https:\/\/karera.lt\/wp-content\/uploads\/2021\/04\/ARAZAA-300x300.png 300w, https:\/\/karera.lt\/wp-content\/uploads\/2021\/04\/ARAZAA.png 500w\" alt=\"\" width=\"150\" height=\"150\" data-lazy-srcset=\"https:\/\/karera.lt\/wp-content\/uploads\/2021\/04\/ARAZAA-150x150.png 150w, https:\/\/karera.lt\/wp-content\/uploads\/2021\/04\/ARAZAA-300x300.png 300w, https:\/\/karera.lt\/wp-content\/uploads\/2021\/04\/ARAZAA.png 500w\" data-lazy-sizes=\"(max-width: 150px) 100vw, 150px\" data-lazy-src=\"https:\/\/karera.lt\/wp-content\/uploads\/2021\/04\/ARAZAA-150x150.png\" data-ll-status=\"loaded\" \/><br \/>\nGAUTAS ETI\u0160KAIS B\u016aDAIS ANY\u017dI\u0172 S\u0116KL\u0172 EKSTRAKTAS<\/strong><br \/>\nAntibakterinis, antiseptinis ir raminantis.\u00a0<em>Backhousia Anisata<\/em>\u00a0yra subtropin\u0117je Australijoje augantis augalas. Priklausomai nuo galvos odos b\u016bkl\u0117s, jis intensyviai ramina ir subalansuoja.<\/p>\n<\/div>\n<p>&nbsp;<\/p>\n<p>&nbsp;<\/p>\n<div data-wp-editing=\"1\">\n<div class=\"page\" title=\"Page 54\">\n<div class=\"layoutArea\">\n<div class=\"column\">\n<p><strong><img loading=\"lazy\" decoding=\"async\" class=\"alignleft size-thumbnail wp-image-5407 entered lazyloaded\" src=\"https:\/\/karera.lt\/wp-content\/uploads\/2021\/04\/CASTAGANOAA-150x150.png\" sizes=\"auto, (max-width: 150px) 100vw, 150px\" srcset=\"https:\/\/karera.lt\/wp-content\/uploads\/2021\/04\/CASTAGANOAA-150x150.png 150w, https:\/\/karera.lt\/wp-content\/uploads\/2021\/04\/CASTAGANOAA-300x300.png 300w, https:\/\/karera.lt\/wp-content\/uploads\/2021\/04\/CASTAGANOAA.png 500w\" alt=\"\" width=\"150\" height=\"150\" data-lazy-srcset=\"https:\/\/karera.lt\/wp-content\/uploads\/2021\/04\/CASTAGANOAA-150x150.png 150w, https:\/\/karera.lt\/wp-content\/uploads\/2021\/04\/CASTAGANOAA-300x300.png 300w, https:\/\/karera.lt\/wp-content\/uploads\/2021\/04\/CASTAGANOAA.png 500w\" data-lazy-sizes=\"(max-width: 150px) 100vw, 150px\" data-lazy-src=\"https:\/\/karera.lt\/wp-content\/uploads\/2021\/04\/CASTAGANOAA-150x150.png\" data-ll-status=\"loaded\" \/><br \/>\nEKOLOGI\u0160K\u0172 KA\u0160TON\u0172 BALTYMAI<\/strong><br \/>\nKa\u0161tonai pasi\u017eymi gausybe kosmetini\u0173 savybi\u0173. \u0160ie baltymai suteikia ypatingo \u017evilgesio, o plaukai atrodo sveiki ir sudr\u0117kinti.<\/p>\n<\/div>\n<\/div>\n<\/div>\n<p>&nbsp;<\/p>\n<div class=\"page\" title=\"Page 54\">\n<p>&nbsp;<\/p>\n<p>&nbsp;<\/p>\n<p><img decoding=\"async\" src=\"https:\/\/karera.lt\/wp-content\/uploads\/2021\/12\/galutinis-pav.-1024x279.png\" \/><\/p>\n<\/div>\n<\/div>","protected":false},"excerpt":{"rendered":"<p><b><span style=\"color: #08e8de;\">dailyact<\/span><\/b><\/p>\n<p><strong>OWAY frequent use hair &amp; scalp bath- <\/strong>KASDIENINIS PLAUK\u0172 IR ODOS \u0160AMP\u016aNAS tinkantis vis\u0173 tip\u0173 plaukams ir galvos odai, net ir jautriausiai. Tinka da\u017enam naudojimui.<\/p>\n<p>&nbsp;<\/p>\n<p><strong>50ml- aliuminio t\u016bbel\u0117je<\/strong><\/p>\n<p><strong>240ml- stikliniame buteliuke<\/strong><\/p>\n<p><strong>950ml- stikliniame butelyje<\/strong><\/p>\n<ul class=\"grid grid-cols-2 gap-x-3 gap-y-5 md:gap-y-2\">\n<li class=\"paragraph-2 relative flex items-center pl-3 font-sans leading-4 opacity-50 before:absolute before:left-0 before:top-1\/2 before:size-1 before:-translate-y-1\/2 before:rounded-full before:bg-oway-dark\"><span class=\"inline-block\">Agricosmetica\u00ae<\/span><\/li>\n<li class=\"paragraph-2 relative flex items-center pl-3 font-sans leading-4 opacity-50 before:absolute before:left-0 before:top-1\/2 before:size-1 before:-translate-y-1\/2 before:rounded-full before:bg-oway-dark\"><span class=\"inline-block\">Eteriniai aliejai<\/span><\/li>\n<li class=\"paragraph-2 relative flex items-center pl-3 font-sans leading-4 opacity-50 before:absolute before:left-0 before:top-1\/2 before:size-1 before:-translate-y-1\/2 before:rounded-full before:bg-oway-dark\"><span class=\"inline-block\">Stiklas ir Aliuminis<\/span><\/li>\n<li class=\"paragraph-2 relative flex items-center pl-3 font-sans leading-4 opacity-50 before:absolute before:left-0 before:top-1\/2 before:size-1 before:-translate-y-1\/2 before:rounded-full before:bg-oway-dark\"><span class=\"inline-block\">Pagaminta Italijoje<\/span><\/li>\n<li class=\"paragraph-2 relative flex items-center pl-3 font-sans leading-4 opacity-50 before:absolute before:left-0 before:top-1\/2 before:size-1 before:-translate-y-1\/2 before:rounded-full before:bg-oway-dark\"><span class=\"inline-block\">S\u0105moningai sukurta<\/span><\/li>\n<li class=\"paragraph-2 relative flex items-center pl-3 font-sans leading-4 opacity-50 before:absolute before:left-0 before:top-1\/2 before:size-1 before:-translate-y-1\/2 before:rounded-full before:bg-oway-dark\"><span class=\"inline-block\">Profesionalus produktas<\/span><\/li>\n<\/ul>\n<p><em><a href=\"https:\/\/rupa.lt\/en\/product\/nerudijancio-plieno-dozatorius\/\">\u012esigyti metalin\u012f dozatori\u0173 prie buteliuko<\/a><\/em><\/p>","protected":false},"featured_media":8512,"comment_status":"open","ping_status":"closed","template":"","meta":[],"product_brand":[],"product_cat":[280,281],"product_tag":[348,41,284,292,294,291],"class_list":{"0":"post-8509","1":"product","2":"type-product","3":"status-publish","4":"has-post-thumbnail","6":"product_cat-oway","7":"product_cat-oway-sampunai","8":"product_tag-dailyact","9":"product_tag-ekologiskas","10":"product_tag-oway","11":"product_tag-oway-produktai","12":"product_tag-oway-sampunas","13":"product_tag-visu-tipu-plaukams","15":"first","16":"instock","17":"shipping-taxable","18":"purchasable","19":"product-type-variable"},"_links":{"self":[{"href":"https:\/\/rupa.lt\/en\/wp-json\/wp\/v2\/product\/8509","targetHints":{"allow":["GET"]}}],"collection":[{"href":"https:\/\/rupa.lt\/en\/wp-json\/wp\/v2\/product"}],"about":[{"href":"https:\/\/rupa.lt\/en\/wp-json\/wp\/v2\/types\/product"}],"replies":[{"embeddable":true,"href":"https:\/\/rupa.lt\/en\/wp-json\/wp\/v2\/comments?post=8509"}],"wp:featuredmedia":[{"embeddable":true,"href":"https:\/\/rupa.lt\/en\/wp-json\/wp\/v2\/media\/8512"}],"wp:attachment":[{"href":"https:\/\/rupa.lt\/en\/wp-json\/wp\/v2\/media?parent=8509"}],"wp:term":[{"taxonomy":"product_brand","embeddable":true,"href":"https:\/\/rupa.lt\/en\/wp-json\/wp\/v2\/product_brand?post=8509"},{"taxonomy":"product_cat","embeddable":true,"href":"https:\/\/rupa.lt\/en\/wp-json\/wp\/v2\/product_cat?post=8509"},{"taxonomy":"product_tag","embeddable":true,"href":"https:\/\/rupa.lt\/en\/wp-json\/wp\/v2\/product_tag?post=8509"}],"curies":[{"name":"wp","href":"https:\/\/api.w.org\/{rel}","templated":true}]}}